{"id":460,"date":"2024-10-12T11:22:12","date_gmt":"2024-10-12T11:22:12","guid":{"rendered":"https:\/\/vecinostrebaluger.com\/socis\/"},"modified":"2024-10-12T11:22:12","modified_gmt":"2024-10-12T11:22:12","slug":"socis","status":"publish","type":"page","link":"https:\/\/vecinostrebaluger.com\/ca\/socis\/","title":{"rendered":"Socis"},"content":{"rendered":"\n<div class=\"wp-block-group alignwide has-global-padding is-layout-constrained wp-block-group-is-layout-constrained\">\n<p style=\"margin-bottom:var(--wp--preset--spacing--40)\">Si ja ets soci, inicia sessi\u00f3 per accedir al contingut exclusiu disponible nom\u00e9s per a membres.<br><br>Encara no ets soci? Uneix-te a la nostra comunitat! Pots fer-te membre i gaudir de tots els beneficis des d&#8217; <a href=\"https:\/\/vecinostrebaluger.com\/hazte-miembro\/\">aqu\u00ed<\/a> .<\/p>\n\n\n\n<p><\/p>\n\n\n<form name=\"eeBFEL\" id=\"eeBFEL\" action=\"https:\/\/vecinostrebaluger.com\/ca\/login-wp\/\" method=\"post\"><p class=\"login-username\">\n\t\t\t\t<label for=\"user_login\">Nom d&#039;usuari<\/label>\n\t\t\t\t<input type=\"text\" name=\"log\" id=\"user_login\" autocomplete=\"username\" class=\"input\" value=\"\" size=\"20\" \/>\n\t\t\t<\/p><p class=\"login-password\">\n\t\t\t\t<label for=\"user_pass\">Contrasenya<\/label>\n\t\t\t\t<input type=\"password\" name=\"pwd\" id=\"user_pass\" autocomplete=\"current-password\" spellcheck=\"false\" class=\"input\" value=\"\" size=\"20\" \/>\n\t\t\t<\/p><p class=\"login-submit\">\n\t\t\t\t<input type=\"submit\" name=\"wp-submit\" id=\"wp-submit\" class=\"button button-primary\" value=\"Entra\" \/>\n\t\t\t\t<input type=\"hidden\" name=\"redirect_to\" value=\"https:\/\/vecinostrebaluger.com\/comunidad\/foro\/\" \/>\n\t\t\t<\/p><\/form>\n<\/div>\n\n\n","protected":false},"excerpt":{"rendered":"<p>Si ja ets soci, inicia sessi\u00f3 per accedir al contingut exclusiu disponible nom\u00e9s per a membres. Encara no ets soci? Uneix-te a la nostra comunitat! Pots fer-te membre i gaudir de tots els beneficis des d&#8217; aqu\u00ed . Ja et trobes loguejat, si vols accedir al f\u00f2rum fes clic aqu\u00ed o fes clic a l&#8217;enlla\u00e7 [&hellip;]<\/p>\n","protected":false},"author":1,"featured_media":0,"parent":0,"menu_order":0,"comment_status":"closed","ping_status":"closed","template":"","meta":{"om_disable_all_campaigns":false,"_monsterinsights_skip_tracking":false,"_monsterinsights_sitenote_active":false,"_monsterinsights_sitenote_note":"","_monsterinsights_sitenote_category":0,"footnotes":""},"class_list":["post-460","page","type-page","status-publish","hentry"],"yoast_head":"<!-- This site is optimized with the Yoast SEO plugin v27.5 - https:\/\/yoast.com\/product\/yoast-seo-wordpress\/ -->\n<title>Socis -<\/title>\n<meta name=\"robots\" content=\"index, follow, max-snippet:-1, max-image-preview:large, max-video-preview:-1\" \/>\n<link rel=\"canonical\" href=\"https:\/\/vecinostrebaluger.com\/ca\/socis\/\" \/>\n<meta property=\"og:locale\" content=\"ca_ES\" \/>\n<meta property=\"og:type\" content=\"article\" \/>\n<meta property=\"og:title\" content=\"Socis -\" \/>\n<meta property=\"og:description\" content=\"Si ja ets soci, inicia sessi\u00f3 per accedir al contingut exclusiu disponible nom\u00e9s per a membres. Encara no ets soci? Uneix-te a la nostra comunitat! Pots fer-te membre i gaudir de tots els beneficis des d&#8217; aqu\u00ed . Ja et trobes loguejat, si vols accedir al f\u00f2rum fes clic aqu\u00ed o fes clic a l&#8217;enlla\u00e7 [&hellip;]\" \/>\n<meta property=\"og:url\" content=\"https:\/\/vecinostrebaluger.com\/ca\/socis\/\" \/>\n<meta name=\"twitter:card\" content=\"summary_large_image\" \/>\n<script type=\"application\/ld+json\" class=\"yoast-schema-graph\">{\"@context\":\"https:\\\/\\\/schema.org\",\"@graph\":[{\"@type\":\"WebPage\",\"@id\":\"https:\\\/\\\/vecinostrebaluger.com\\\/ca\\\/socis\\\/\",\"url\":\"https:\\\/\\\/vecinostrebaluger.com\\\/ca\\\/socis\\\/\",\"name\":\"Socis -\",\"isPartOf\":{\"@id\":\"https:\\\/\\\/vecinostrebaluger.com\\\/ca\\\/#website\"},\"datePublished\":\"2024-10-12T11:22:12+00:00\",\"breadcrumb\":{\"@id\":\"https:\\\/\\\/vecinostrebaluger.com\\\/ca\\\/socis\\\/#breadcrumb\"},\"inLanguage\":\"ca\",\"potentialAction\":[{\"@type\":\"ReadAction\",\"target\":[\"https:\\\/\\\/vecinostrebaluger.com\\\/ca\\\/socis\\\/\"]}]},{\"@type\":\"BreadcrumbList\",\"@id\":\"https:\\\/\\\/vecinostrebaluger.com\\\/ca\\\/socis\\\/#breadcrumb\",\"itemListElement\":[{\"@type\":\"ListItem\",\"position\":1,\"name\":\"Portada\",\"item\":\"https:\\\/\\\/vecinostrebaluger.com\\\/ca\\\/inici\\\/\"},{\"@type\":\"ListItem\",\"position\":2,\"name\":\"Socis\"}]},{\"@type\":\"WebSite\",\"@id\":\"https:\\\/\\\/vecinostrebaluger.com\\\/ca\\\/#website\",\"url\":\"https:\\\/\\\/vecinostrebaluger.com\\\/ca\\\/\",\"name\":\"Vecinos Trebaluger\",\"description\":\"\",\"publisher\":{\"@id\":\"https:\\\/\\\/vecinostrebaluger.com\\\/ca\\\/#organization\"},\"potentialAction\":[{\"@type\":\"SearchAction\",\"target\":{\"@type\":\"EntryPoint\",\"urlTemplate\":\"https:\\\/\\\/vecinostrebaluger.com\\\/ca\\\/?s={search_term_string}\"},\"query-input\":{\"@type\":\"PropertyValueSpecification\",\"valueRequired\":true,\"valueName\":\"search_term_string\"}}],\"inLanguage\":\"ca\"},{\"@type\":\"Organization\",\"@id\":\"https:\\\/\\\/vecinostrebaluger.com\\\/ca\\\/#organization\",\"name\":\"Vecinos Trebaluger\",\"url\":\"https:\\\/\\\/vecinostrebaluger.com\\\/ca\\\/\",\"logo\":{\"@type\":\"ImageObject\",\"inLanguage\":\"ca\",\"@id\":\"https:\\\/\\\/vecinostrebaluger.com\\\/ca\\\/#\\\/schema\\\/logo\\\/image\\\/\",\"url\":\"https:\\\/\\\/vecinostrebaluger.com\\\/wp-content\\\/uploads\\\/2024\\\/02\\\/logo-horizontal-1.png\",\"contentUrl\":\"https:\\\/\\\/vecinostrebaluger.com\\\/wp-content\\\/uploads\\\/2024\\\/02\\\/logo-horizontal-1.png\",\"width\":303,\"height\":75,\"caption\":\"Vecinos Trebaluger\"},\"image\":{\"@id\":\"https:\\\/\\\/vecinostrebaluger.com\\\/ca\\\/#\\\/schema\\\/logo\\\/image\\\/\"}}]}<\/script>\n<!-- \/ Yoast SEO plugin. -->","yoast_head_json":{"title":"Socis -","robots":{"index":"index","follow":"follow","max-snippet":"max-snippet:-1","max-image-preview":"max-image-preview:large","max-video-preview":"max-video-preview:-1"},"canonical":"https:\/\/vecinostrebaluger.com\/ca\/socis\/","og_locale":"ca_ES","og_type":"article","og_title":"Socis -","og_description":"Si ja ets soci, inicia sessi\u00f3 per accedir al contingut exclusiu disponible nom\u00e9s per a membres. Encara no ets soci? Uneix-te a la nostra comunitat! Pots fer-te membre i gaudir de tots els beneficis des d&#8217; aqu\u00ed . Ja et trobes loguejat, si vols accedir al f\u00f2rum fes clic aqu\u00ed o fes clic a l&#8217;enlla\u00e7 [&hellip;]","og_url":"https:\/\/vecinostrebaluger.com\/ca\/socis\/","twitter_card":"summary_large_image","schema":{"@context":"https:\/\/schema.org","@graph":[{"@type":"WebPage","@id":"https:\/\/vecinostrebaluger.com\/ca\/socis\/","url":"https:\/\/vecinostrebaluger.com\/ca\/socis\/","name":"Socis -","isPartOf":{"@id":"https:\/\/vecinostrebaluger.com\/ca\/#website"},"datePublished":"2024-10-12T11:22:12+00:00","breadcrumb":{"@id":"https:\/\/vecinostrebaluger.com\/ca\/socis\/#breadcrumb"},"inLanguage":"ca","potentialAction":[{"@type":"ReadAction","target":["https:\/\/vecinostrebaluger.com\/ca\/socis\/"]}]},{"@type":"BreadcrumbList","@id":"https:\/\/vecinostrebaluger.com\/ca\/socis\/#breadcrumb","itemListElement":[{"@type":"ListItem","position":1,"name":"Portada","item":"https:\/\/vecinostrebaluger.com\/ca\/inici\/"},{"@type":"ListItem","position":2,"name":"Socis"}]},{"@type":"WebSite","@id":"https:\/\/vecinostrebaluger.com\/ca\/#website","url":"https:\/\/vecinostrebaluger.com\/ca\/","name":"Vecinos Trebaluger","description":"","publisher":{"@id":"https:\/\/vecinostrebaluger.com\/ca\/#organization"},"potentialAction":[{"@type":"SearchAction","target":{"@type":"EntryPoint","urlTemplate":"https:\/\/vecinostrebaluger.com\/ca\/?s={search_term_string}"},"query-input":{"@type":"PropertyValueSpecification","valueRequired":true,"valueName":"search_term_string"}}],"inLanguage":"ca"},{"@type":"Organization","@id":"https:\/\/vecinostrebaluger.com\/ca\/#organization","name":"Vecinos Trebaluger","url":"https:\/\/vecinostrebaluger.com\/ca\/","logo":{"@type":"ImageObject","inLanguage":"ca","@id":"https:\/\/vecinostrebaluger.com\/ca\/#\/schema\/logo\/image\/","url":"https:\/\/vecinostrebaluger.com\/wp-content\/uploads\/2024\/02\/logo-horizontal-1.png","contentUrl":"https:\/\/vecinostrebaluger.com\/wp-content\/uploads\/2024\/02\/logo-horizontal-1.png","width":303,"height":75,"caption":"Vecinos Trebaluger"},"image":{"@id":"https:\/\/vecinostrebaluger.com\/ca\/#\/schema\/logo\/image\/"}}]}},"_links":{"self":[{"href":"https:\/\/vecinostrebaluger.com\/ca\/wp-json\/wp\/v2\/pages\/460","targetHints":{"allow":["GET"]}}],"collection":[{"href":"https:\/\/vecinostrebaluger.com\/ca\/wp-json\/wp\/v2\/pages"}],"about":[{"href":"https:\/\/vecinostrebaluger.com\/ca\/wp-json\/wp\/v2\/types\/page"}],"author":[{"embeddable":true,"href":"https:\/\/vecinostrebaluger.com\/ca\/wp-json\/wp\/v2\/users\/1"}],"replies":[{"embeddable":true,"href":"https:\/\/vecinostrebaluger.com\/ca\/wp-json\/wp\/v2\/comments?post=460"}],"version-history":[{"count":0,"href":"https:\/\/vecinostrebaluger.com\/ca\/wp-json\/wp\/v2\/pages\/460\/revisions"}],"wp:attachment":[{"href":"https:\/\/vecinostrebaluger.com\/ca\/wp-json\/wp\/v2\/media?parent=460"}],"curies":[{"name":"wp","href":"https:\/\/api.w.org\/{rel}","templated":true}]}}