{"id":462,"date":"2024-02-10T10:55:13","date_gmt":"2024-02-10T10:55:13","guid":{"rendered":"https:\/\/vecinostrebaluger.com\/associacio-de-veins-de-trebaluger\/"},"modified":"2024-02-10T10:55:13","modified_gmt":"2024-02-10T10:55:13","slug":"associacio-de-veins-de-trebaluger","status":"publish","type":"page","link":"https:\/\/vecinostrebaluger.com\/ca\/associacio-de-veins-de-trebaluger\/","title":{"rendered":"Associaci\u00f3 de Ve\u00efns de Trebaluger"},"content":{"rendered":"\n<div class=\"wp-block-group alignfull has-global-padding is-layout-constrained wp-container-core-group-is-layout-669513ed wp-block-group-is-layout-constrained\" style=\"margin-top:0;margin-bottom:0;padding-top:var(--wp--preset--spacing--50);padding-right:var(--wp--preset--spacing--50);padding-bottom:var(--wp--preset--spacing--50);padding-left:var(--wp--preset--spacing--50)\">\n<div class=\"wp-block-group is-vertical is-content-justification-center is-layout-flex wp-container-core-group-is-layout-ce155fab wp-block-group-is-layout-flex\">\n<h2 class=\"wp-block-heading has-text-align-center has-xx-large-font-size\">Integrants de la Junta<\/h2>\n<\/div>\n\n\n\n<div style=\"height:var(--wp--preset--spacing--30)\" aria-hidden=\"true\" class=\"wp-block-spacer\"><\/div>\n\n\n\n<div class=\"wp-block-columns alignwide is-layout-flex wp-container-core-columns-is-layout-4935966c wp-block-columns-is-layout-flex\" style=\"padding-right:0;padding-left:0\">\n<div class=\"wp-block-column is-layout-flow wp-block-column-is-layout-flow\">\n<figure class=\"wp-block-image size-full is-style-rounded is-style-rounded--1\"><img loading=\"lazy\" decoding=\"async\" width=\"388\" height=\"386\" src=\"https:\/\/vecinostrebaluger.com\/wp-content\/uploads\/2024\/10\/Screenshot-2024-10-21-at-23.30.03.jpg\" alt=\"\" class=\"wp-image-245\" style=\"aspect-ratio:1;object-fit:cover\" srcset=\"https:\/\/vecinostrebaluger.com\/wp-content\/uploads\/2024\/10\/Screenshot-2024-10-21-at-23.30.03.jpg 388w, https:\/\/vecinostrebaluger.com\/wp-content\/uploads\/2024\/10\/Screenshot-2024-10-21-at-23.30.03-300x298.jpg 300w, https:\/\/vecinostrebaluger.com\/wp-content\/uploads\/2024\/10\/Screenshot-2024-10-21-at-23.30.03-150x150.jpg 150w\" sizes=\"auto, (max-width: 388px) 100vw, 388px\" \/><\/figure>\n\n\n\n<div class=\"wp-block-group is-vertical is-content-justification-center is-nowrap is-layout-flex wp-container-core-group-is-layout-21d4e958 wp-block-group-is-layout-flex\">\n<p class=\"has-text-align-center has-small-font-size\"> <strong>Felip Ortiz Solera<\/strong> <\/p>\n\n\n\n<p class=\"has-text-align-center has-small-font-size\">President<\/p>\n<\/div>\n<\/div>\n\n\n\n<div class=\"wp-block-column is-layout-flow wp-block-column-is-layout-flow\">\n<figure class=\"wp-block-image size-full is-style-rounded is-style-rounded--2\"><img loading=\"lazy\" decoding=\"async\" width=\"1536\" height=\"2048\" src=\"https:\/\/vecinostrebaluger.com\/wp-content\/uploads\/2024\/10\/GERARDO-PONS-FEMENIAS.jpg\" alt=\"\" class=\"wp-image-246\" style=\"aspect-ratio:1;object-fit:cover\" srcset=\"https:\/\/vecinostrebaluger.com\/wp-content\/uploads\/2024\/10\/GERARDO-PONS-FEMENIAS.jpg 1536w, https:\/\/vecinostrebaluger.com\/wp-content\/uploads\/2024\/10\/GERARDO-PONS-FEMENIAS-225x300.jpg 225w, https:\/\/vecinostrebaluger.com\/wp-content\/uploads\/2024\/10\/GERARDO-PONS-FEMENIAS-768x1024.jpg 768w, https:\/\/vecinostrebaluger.com\/wp-content\/uploads\/2024\/10\/GERARDO-PONS-FEMENIAS-1152x1536.jpg 1152w\" sizes=\"auto, (max-width: 1536px) 100vw, 1536px\" \/><\/figure>\n\n\n\n<div class=\"wp-block-group is-vertical is-content-justification-center is-nowrap is-layout-flex wp-container-core-group-is-layout-63bfd6c1 wp-block-group-is-layout-flex\">\n<p class=\"has-text-align-center has-small-font-size\"> <strong>Gerardo Pons Femenias<\/strong> <\/p>\n\n\n\n<p class=\"has-text-align-center has-small-font-size\">Vicepresident<\/p>\n<\/div>\n<\/div>\n\n\n\n<div class=\"wp-block-column is-layout-flow wp-block-column-is-layout-flow\">\n<figure class=\"wp-block-image size-full is-style-rounded is-style-rounded--3\"><img loading=\"lazy\" decoding=\"async\" width=\"521\" height=\"410\" src=\"https:\/\/vecinostrebaluger.com\/wp-content\/uploads\/2024\/10\/BASILIO-SASTRE.jpg\" alt=\"\" class=\"wp-image-247\" style=\"aspect-ratio:1;object-fit:cover\" srcset=\"https:\/\/vecinostrebaluger.com\/wp-content\/uploads\/2024\/10\/BASILIO-SASTRE.jpg 521w, https:\/\/vecinostrebaluger.com\/wp-content\/uploads\/2024\/10\/BASILIO-SASTRE-300x236.jpg 300w\" sizes=\"auto, (max-width: 521px) 100vw, 521px\" \/><\/figure>\n\n\n\n<div class=\"wp-block-group is-vertical is-content-justification-center is-nowrap is-layout-flex wp-container-core-group-is-layout-63bfd6c1 wp-block-group-is-layout-flex\">\n<p class=\"has-text-align-center has-small-font-size\"> <strong>Basilio Sastre Gard\u00e9s<\/strong> <\/p>\n\n\n\n<p class=\"has-text-align-center has-small-font-size\">Secretari<\/p>\n<\/div>\n<\/div>\n\n\n\n<div class=\"wp-block-column is-layout-flow wp-block-column-is-layout-flow\">\n<figure class=\"wp-block-image size-full is-style-rounded is-style-rounded--4\"><img loading=\"lazy\" decoding=\"async\" width=\"900\" height=\"1600\" src=\"https:\/\/vecinostrebaluger.com\/wp-content\/uploads\/2024\/10\/OSCAR.jpg\" alt=\"\" class=\"wp-image-248\" style=\"aspect-ratio:1;object-fit:cover\" srcset=\"https:\/\/vecinostrebaluger.com\/wp-content\/uploads\/2024\/10\/OSCAR.jpg 900w, https:\/\/vecinostrebaluger.com\/wp-content\/uploads\/2024\/10\/OSCAR-169x300.jpg 169w, https:\/\/vecinostrebaluger.com\/wp-content\/uploads\/2024\/10\/OSCAR-576x1024.jpg 576w, https:\/\/vecinostrebaluger.com\/wp-content\/uploads\/2024\/10\/OSCAR-768x1365.jpg 768w, https:\/\/vecinostrebaluger.com\/wp-content\/uploads\/2024\/10\/OSCAR-864x1536.jpg 864w\" sizes=\"auto, (max-width: 900px) 100vw, 900px\" \/><\/figure>\n\n\n\n<div class=\"wp-block-group is-vertical is-content-justification-center is-nowrap is-layout-flex wp-container-core-group-is-layout-21d4e958 wp-block-group-is-layout-flex\">\n<p class=\"has-text-align-center has-small-font-size\"><strong>\u00d3scar Pascual Fortuny<\/strong> <\/p>\n\n\n\n<p class=\"has-text-align-center has-small-font-size\">Tresorer<\/p>\n<\/div>\n<\/div>\n<\/div>\n\n\n\n<div class=\"wp-block-columns alignwide is-layout-flex wp-container-core-columns-is-layout-4935966c wp-block-columns-is-layout-flex\" style=\"padding-right:0;padding-left:0\">\n<div class=\"wp-block-column is-layout-flow wp-block-column-is-layout-flow\">\n<figure class=\"wp-block-image size-full is-style-rounded is-style-rounded--5\"><img loading=\"lazy\" decoding=\"async\" width=\"1865\" height=\"1909\" src=\"https:\/\/vecinostrebaluger.com\/wp-content\/uploads\/2024\/10\/MIGUEL-ANGEL-MILLA.jpg\" alt=\"\" class=\"wp-image-249\" style=\"aspect-ratio:1;object-fit:cover\" srcset=\"https:\/\/vecinostrebaluger.com\/wp-content\/uploads\/2024\/10\/MIGUEL-ANGEL-MILLA.jpg 1865w, https:\/\/vecinostrebaluger.com\/wp-content\/uploads\/2024\/10\/MIGUEL-ANGEL-MILLA-293x300.jpg 293w, https:\/\/vecinostrebaluger.com\/wp-content\/uploads\/2024\/10\/MIGUEL-ANGEL-MILLA-1000x1024.jpg 1000w, https:\/\/vecinostrebaluger.com\/wp-content\/uploads\/2024\/10\/MIGUEL-ANGEL-MILLA-768x786.jpg 768w, https:\/\/vecinostrebaluger.com\/wp-content\/uploads\/2024\/10\/MIGUEL-ANGEL-MILLA-1501x1536.jpg 1501w\" sizes=\"auto, (max-width: 1865px) 100vw, 1865px\" \/><\/figure>\n\n\n\n<div class=\"wp-block-group is-vertical is-content-justification-center is-nowrap is-layout-flex wp-container-core-group-is-layout-21d4e958 wp-block-group-is-layout-flex\">\n<p class=\"has-text-align-center has-small-font-size\"> <strong>Miguel \u00c1ngel Milla<\/strong> <\/p>\n\n\n\n<p class=\"has-text-align-center has-small-font-size\">Vocal<\/p>\n<\/div>\n<\/div>\n\n\n\n<div class=\"wp-block-column is-layout-flow wp-block-column-is-layout-flow\">\n<figure class=\"wp-block-image size-full is-style-rounded is-style-rounded--6\"><img loading=\"lazy\" decoding=\"async\" width=\"320\" height=\"568\" src=\"https:\/\/vecinostrebaluger.com\/wp-content\/uploads\/2024\/10\/SUSAN-ELDER.jpg\" alt=\"\" class=\"wp-image-250\" style=\"aspect-ratio:1;object-fit:cover\" srcset=\"https:\/\/vecinostrebaluger.com\/wp-content\/uploads\/2024\/10\/SUSAN-ELDER.jpg 320w, https:\/\/vecinostrebaluger.com\/wp-content\/uploads\/2024\/10\/SUSAN-ELDER-169x300.jpg 169w\" sizes=\"auto, (max-width: 320px) 100vw, 320px\" \/><\/figure>\n\n\n\n<div class=\"wp-block-group is-vertical is-content-justification-center is-nowrap is-layout-flex wp-container-core-group-is-layout-63bfd6c1 wp-block-group-is-layout-flex\">\n<p class=\"has-text-align-center has-small-font-size\"> <strong>Susan Elder<\/strong> <\/p>\n\n\n\n<p class=\"has-text-align-center has-small-font-size\">Vocal<\/p>\n<\/div>\n<\/div>\n\n\n\n<div class=\"wp-block-column is-layout-flow wp-block-column-is-layout-flow\">\n<figure class=\"wp-block-image size-full is-style-rounded is-style-rounded--7\"><img loading=\"lazy\" decoding=\"async\" width=\"760\" height=\"960\" src=\"https:\/\/vecinostrebaluger.com\/wp-content\/uploads\/2024\/10\/GENAR-ESCANDELL.jpg\" alt=\"\" class=\"wp-image-251\" style=\"aspect-ratio:1;object-fit:cover\" srcset=\"https:\/\/vecinostrebaluger.com\/wp-content\/uploads\/2024\/10\/GENAR-ESCANDELL.jpg 760w, https:\/\/vecinostrebaluger.com\/wp-content\/uploads\/2024\/10\/GENAR-ESCANDELL-238x300.jpg 238w\" sizes=\"auto, (max-width: 760px) 100vw, 760px\" \/><\/figure>\n\n\n\n<div class=\"wp-block-group is-vertical is-content-justification-center is-nowrap is-layout-flex wp-container-core-group-is-layout-63bfd6c1 wp-block-group-is-layout-flex\">\n<p class=\"has-text-align-center has-small-font-size\"> <strong>Genar Escandell Preto<\/strong> <\/p>\n\n\n\n<p class=\"has-text-align-center has-small-font-size\">Vocal<\/p>\n<\/div>\n<\/div>\n\n\n\n<div class=\"wp-block-column is-layout-flow wp-block-column-is-layout-flow\">\n<figure class=\"wp-block-image size-full is-style-rounded is-style-rounded--8\"><img loading=\"lazy\" decoding=\"async\" width=\"640\" height=\"640\" src=\"https:\/\/vecinostrebaluger.com\/wp-content\/uploads\/2024\/10\/WILLI-GALINDO.jpg\" alt=\"\" class=\"wp-image-252\" style=\"aspect-ratio:1;object-fit:cover\" srcset=\"https:\/\/vecinostrebaluger.com\/wp-content\/uploads\/2024\/10\/WILLI-GALINDO.jpg 640w, https:\/\/vecinostrebaluger.com\/wp-content\/uploads\/2024\/10\/WILLI-GALINDO-300x300.jpg 300w, https:\/\/vecinostrebaluger.com\/wp-content\/uploads\/2024\/10\/WILLI-GALINDO-150x150.jpg 150w\" sizes=\"auto, (max-width: 640px) 100vw, 640px\" \/><\/figure>\n\n\n\n<div class=\"wp-block-group is-vertical is-content-justification-center is-nowrap is-layout-flex wp-container-core-group-is-layout-21d4e958 wp-block-group-is-layout-flex\">\n<p class=\"has-text-align-center has-small-font-size\"><strong>Guillem Galindo Galindo<\/strong> <\/p>\n\n\n\n<p class=\"has-text-align-center has-small-font-size\">Vocal<\/p>\n<\/div>\n<\/div>\n<\/div>\n\n\n\n<div class=\"wp-block-columns alignwide is-layout-flex wp-container-core-columns-is-layout-4935966c wp-block-columns-is-layout-flex\" style=\"padding-right:0;padding-left:0\">\n<div class=\"wp-block-column is-layout-flow wp-block-column-is-layout-flow\">\n<figure class=\"wp-block-image size-full is-style-rounded is-style-rounded--9\"><img loading=\"lazy\" decoding=\"async\" width=\"640\" height=\"641\" src=\"https:\/\/vecinostrebaluger.com\/wp-content\/uploads\/2024\/11\/JOSE-MANUEL-HARO.jpg\" alt=\"\" class=\"wp-image-342\" style=\"aspect-ratio:1;object-fit:cover\" srcset=\"https:\/\/vecinostrebaluger.com\/wp-content\/uploads\/2024\/11\/JOSE-MANUEL-HARO.jpg 640w, https:\/\/vecinostrebaluger.com\/wp-content\/uploads\/2024\/11\/JOSE-MANUEL-HARO-300x300.jpg 300w, https:\/\/vecinostrebaluger.com\/wp-content\/uploads\/2024\/11\/JOSE-MANUEL-HARO-150x150.jpg 150w, https:\/\/vecinostrebaluger.com\/wp-content\/uploads\/2024\/11\/JOSE-MANUEL-HARO-400x400.jpg 400w, https:\/\/vecinostrebaluger.com\/wp-content\/uploads\/2024\/11\/JOSE-MANUEL-HARO-600x600.jpg 600w\" sizes=\"auto, (max-width: 640px) 100vw, 640px\" \/><\/figure>\n\n\n\n<div class=\"wp-block-group is-vertical is-content-justification-center is-nowrap is-layout-flex wp-container-core-group-is-layout-21d4e958 wp-block-group-is-layout-flex\">\n<p class=\"has-text-align-center has-small-font-size\"> <strong>Jos\u00e9 Manuel Haro Moreno<\/strong> <\/p>\n\n\n\n<p class=\"has-text-align-center has-small-font-size\">Vocal<\/p>\n<\/div>\n<\/div>\n\n\n\n<div class=\"wp-block-column is-layout-flow wp-block-column-is-layout-flow\">\n<figure class=\"wp-block-image size-full is-style-rounded is-style-rounded--10\"><img loading=\"lazy\" decoding=\"async\" width=\"960\" height=\"796\" src=\"https:\/\/vecinostrebaluger.com\/wp-content\/uploads\/2024\/10\/image.png\" alt=\"\" class=\"wp-image-253\" style=\"aspect-ratio:1;object-fit:cover\" srcset=\"https:\/\/vecinostrebaluger.com\/wp-content\/uploads\/2024\/10\/image.png 960w, https:\/\/vecinostrebaluger.com\/wp-content\/uploads\/2024\/10\/image-300x249.png 300w, https:\/\/vecinostrebaluger.com\/wp-content\/uploads\/2024\/10\/image-768x637.png 768w\" sizes=\"auto, (max-width: 960px) 100vw, 960px\" \/><\/figure>\n\n\n\n<div class=\"wp-block-group is-vertical is-content-justification-center is-nowrap is-layout-flex wp-container-core-group-is-layout-63bfd6c1 wp-block-group-is-layout-flex\">\n<p class=\"has-text-align-center has-small-font-size\"> <strong>Juan Mart\u00ednez Escribano<\/strong> <\/p>\n\n\n\n<p class=\"has-text-align-center has-small-font-size\">Vocal<\/p>\n<\/div>\n<\/div>\n\n\n\n<div class=\"wp-block-column is-layout-flow wp-block-column-is-layout-flow\">\n<figure class=\"wp-block-image size-full is-style-rounded is-style-rounded--11\"><img loading=\"lazy\" decoding=\"async\" width=\"960\" height=\"796\" src=\"https:\/\/vecinostrebaluger.com\/wp-content\/uploads\/2024\/10\/image.png\" alt=\"\" class=\"wp-image-253\" style=\"aspect-ratio:1;object-fit:cover\" srcset=\"https:\/\/vecinostrebaluger.com\/wp-content\/uploads\/2024\/10\/image.png 960w, https:\/\/vecinostrebaluger.com\/wp-content\/uploads\/2024\/10\/image-300x249.png 300w, https:\/\/vecinostrebaluger.com\/wp-content\/uploads\/2024\/10\/image-768x637.png 768w\" sizes=\"auto, (max-width: 960px) 100vw, 960px\" \/><\/figure>\n\n\n\n<div class=\"wp-block-group is-vertical is-content-justification-center is-nowrap is-layout-flex wp-container-core-group-is-layout-63bfd6c1 wp-block-group-is-layout-flex\">\n<p class=\"has-text-align-center has-small-font-size\"> <strong>Miquel \u00c0ngel Vidal Mar\u00ed<\/strong> <\/p>\n\n\n\n<p class=\"has-text-align-center has-small-font-size\">Vocal<\/p>\n<\/div>\n<\/div>\n\n\n\n<div class=\"wp-block-column is-layout-flow wp-block-column-is-layout-flow\">\n<figure class=\"wp-block-image size-full is-style-rounded is-style-rounded--12\"><img loading=\"lazy\" decoding=\"async\" width=\"960\" height=\"796\" src=\"https:\/\/vecinostrebaluger.com\/wp-content\/uploads\/2024\/10\/image.png\" alt=\"\" class=\"wp-image-253\" style=\"aspect-ratio:1;object-fit:cover\" srcset=\"https:\/\/vecinostrebaluger.com\/wp-content\/uploads\/2024\/10\/image.png 960w, https:\/\/vecinostrebaluger.com\/wp-content\/uploads\/2024\/10\/image-300x249.png 300w, https:\/\/vecinostrebaluger.com\/wp-content\/uploads\/2024\/10\/image-768x637.png 768w\" sizes=\"auto, (max-width: 960px) 100vw, 960px\" \/><\/figure>\n\n\n\n<div class=\"wp-block-group is-vertical is-content-justification-center is-nowrap is-layout-flex wp-container-core-group-is-layout-21d4e958 wp-block-group-is-layout-flex\">\n<p class=\"has-text-align-center has-small-font-size\"><strong>Concepci\u00f3 Llamb\u00edas Ferrer<\/strong> <\/p>\n\n\n\n<p class=\"has-text-align-center has-small-font-size\">Vocal<\/p>\n<\/div>\n<\/div>\n<\/div>\n<\/div>\n","protected":false},"excerpt":{"rendered":"<p>Integrants de la Junta Felip Ortiz Solera President Gerardo Pons Femenias Vicepresident Basilio Sastre Gard\u00e9s Secretari \u00d3scar Pascual Fortuny Tresorer Miguel \u00c1ngel Milla Vocal Susan Elder Vocal Genar Escandell Preto Vocal Guillem Galindo Galindo Vocal Jos\u00e9 Manuel Haro Moreno Vocal Juan Mart\u00ednez Escribano Vocal Miquel \u00c0ngel Vidal Mar\u00ed Vocal Concepci\u00f3 Llamb\u00edas Ferrer Vocal<\/p>\n","protected":false},"author":2,"featured_media":0,"parent":0,"menu_order":0,"comment_status":"closed","ping_status":"closed","template":"","meta":{"om_disable_all_campaigns":false,"_monsterinsights_skip_tracking":false,"_monsterinsights_sitenote_active":false,"_monsterinsights_sitenote_note":"","_monsterinsights_sitenote_category":0,"footnotes":""},"class_list":["post-462","page","type-page","status-publish","hentry"],"yoast_head":"<!-- This site is optimized with the Yoast SEO plugin v27.5 - https:\/\/yoast.com\/product\/yoast-seo-wordpress\/ -->\n<title>Associaci\u00f3 de Ve\u00efns de Trebaluger -<\/title>\n<meta name=\"robots\" content=\"index, follow, max-snippet:-1, max-image-preview:large, max-video-preview:-1\" \/>\n<link rel=\"canonical\" href=\"https:\/\/vecinostrebaluger.com\/ca\/associacio-de-veins-de-trebaluger\/\" \/>\n<meta property=\"og:locale\" content=\"ca_ES\" \/>\n<meta property=\"og:type\" content=\"article\" \/>\n<meta property=\"og:title\" content=\"Associaci\u00f3 de Ve\u00efns de Trebaluger -\" \/>\n<meta property=\"og:description\" content=\"Integrants de la Junta Felip Ortiz Solera President Gerardo Pons Femenias Vicepresident Basilio Sastre Gard\u00e9s Secretari \u00d3scar Pascual Fortuny Tresorer Miguel \u00c1ngel Milla Vocal Susan Elder Vocal Genar Escandell Preto Vocal Guillem Galindo Galindo Vocal Jos\u00e9 Manuel Haro Moreno Vocal Juan Mart\u00ednez Escribano Vocal Miquel \u00c0ngel Vidal Mar\u00ed Vocal Concepci\u00f3 Llamb\u00edas Ferrer Vocal\" \/>\n<meta property=\"og:url\" content=\"https:\/\/vecinostrebaluger.com\/ca\/associacio-de-veins-de-trebaluger\/\" \/>\n<meta property=\"og:image\" content=\"https:\/\/vecinostrebaluger.com\/wp-content\/uploads\/2024\/10\/Screenshot-2024-10-21-at-23.30.03.jpg\" \/>\n\t<meta property=\"og:image:width\" content=\"388\" \/>\n\t<meta property=\"og:image:height\" content=\"386\" \/>\n\t<meta property=\"og:image:type\" content=\"image\/jpeg\" \/>\n<meta name=\"twitter:card\" content=\"summary_large_image\" \/>\n<script type=\"application\/ld+json\" class=\"yoast-schema-graph\">{\"@context\":\"https:\\\/\\\/schema.org\",\"@graph\":[{\"@type\":\"WebPage\",\"@id\":\"https:\\\/\\\/vecinostrebaluger.com\\\/ca\\\/associacio-de-veins-de-trebaluger\\\/\",\"url\":\"https:\\\/\\\/vecinostrebaluger.com\\\/ca\\\/associacio-de-veins-de-trebaluger\\\/\",\"name\":\"Associaci\u00f3 de Ve\u00efns de Trebaluger -\",\"isPartOf\":{\"@id\":\"https:\\\/\\\/vecinostrebaluger.com\\\/ca\\\/#website\"},\"primaryImageOfPage\":{\"@id\":\"https:\\\/\\\/vecinostrebaluger.com\\\/ca\\\/associacio-de-veins-de-trebaluger\\\/#primaryimage\"},\"image\":{\"@id\":\"https:\\\/\\\/vecinostrebaluger.com\\\/ca\\\/associacio-de-veins-de-trebaluger\\\/#primaryimage\"},\"thumbnailUrl\":\"https:\\\/\\\/vecinostrebaluger.com\\\/wp-content\\\/uploads\\\/2024\\\/10\\\/Screenshot-2024-10-21-at-23.30.03.jpg\",\"datePublished\":\"2024-02-10T10:55:13+00:00\",\"breadcrumb\":{\"@id\":\"https:\\\/\\\/vecinostrebaluger.com\\\/ca\\\/associacio-de-veins-de-trebaluger\\\/#breadcrumb\"},\"inLanguage\":\"ca\",\"potentialAction\":[{\"@type\":\"ReadAction\",\"target\":[\"https:\\\/\\\/vecinostrebaluger.com\\\/ca\\\/associacio-de-veins-de-trebaluger\\\/\"]}]},{\"@type\":\"ImageObject\",\"inLanguage\":\"ca\",\"@id\":\"https:\\\/\\\/vecinostrebaluger.com\\\/ca\\\/associacio-de-veins-de-trebaluger\\\/#primaryimage\",\"url\":\"https:\\\/\\\/vecinostrebaluger.com\\\/wp-content\\\/uploads\\\/2024\\\/10\\\/Screenshot-2024-10-21-at-23.30.03.jpg\",\"contentUrl\":\"https:\\\/\\\/vecinostrebaluger.com\\\/wp-content\\\/uploads\\\/2024\\\/10\\\/Screenshot-2024-10-21-at-23.30.03.jpg\"},{\"@type\":\"BreadcrumbList\",\"@id\":\"https:\\\/\\\/vecinostrebaluger.com\\\/ca\\\/associacio-de-veins-de-trebaluger\\\/#breadcrumb\",\"itemListElement\":[{\"@type\":\"ListItem\",\"position\":1,\"name\":\"Portada\",\"item\":\"https:\\\/\\\/vecinostrebaluger.com\\\/ca\\\/inici\\\/\"},{\"@type\":\"ListItem\",\"position\":2,\"name\":\"Associaci\u00f3 de Ve\u00efns de Trebaluger\"}]},{\"@type\":\"WebSite\",\"@id\":\"https:\\\/\\\/vecinostrebaluger.com\\\/ca\\\/#website\",\"url\":\"https:\\\/\\\/vecinostrebaluger.com\\\/ca\\\/\",\"name\":\"Vecinos Trebaluger\",\"description\":\"\",\"publisher\":{\"@id\":\"https:\\\/\\\/vecinostrebaluger.com\\\/ca\\\/#organization\"},\"potentialAction\":[{\"@type\":\"SearchAction\",\"target\":{\"@type\":\"EntryPoint\",\"urlTemplate\":\"https:\\\/\\\/vecinostrebaluger.com\\\/ca\\\/?s={search_term_string}\"},\"query-input\":{\"@type\":\"PropertyValueSpecification\",\"valueRequired\":true,\"valueName\":\"search_term_string\"}}],\"inLanguage\":\"ca\"},{\"@type\":\"Organization\",\"@id\":\"https:\\\/\\\/vecinostrebaluger.com\\\/ca\\\/#organization\",\"name\":\"Vecinos Trebaluger\",\"url\":\"https:\\\/\\\/vecinostrebaluger.com\\\/ca\\\/\",\"logo\":{\"@type\":\"ImageObject\",\"inLanguage\":\"ca\",\"@id\":\"https:\\\/\\\/vecinostrebaluger.com\\\/ca\\\/#\\\/schema\\\/logo\\\/image\\\/\",\"url\":\"https:\\\/\\\/vecinostrebaluger.com\\\/wp-content\\\/uploads\\\/2024\\\/02\\\/logo-horizontal-1.png\",\"contentUrl\":\"https:\\\/\\\/vecinostrebaluger.com\\\/wp-content\\\/uploads\\\/2024\\\/02\\\/logo-horizontal-1.png\",\"width\":303,\"height\":75,\"caption\":\"Vecinos Trebaluger\"},\"image\":{\"@id\":\"https:\\\/\\\/vecinostrebaluger.com\\\/ca\\\/#\\\/schema\\\/logo\\\/image\\\/\"}}]}<\/script>\n<!-- \/ Yoast SEO plugin. -->","yoast_head_json":{"title":"Associaci\u00f3 de Ve\u00efns de Trebaluger -","robots":{"index":"index","follow":"follow","max-snippet":"max-snippet:-1","max-image-preview":"max-image-preview:large","max-video-preview":"max-video-preview:-1"},"canonical":"https:\/\/vecinostrebaluger.com\/ca\/associacio-de-veins-de-trebaluger\/","og_locale":"ca_ES","og_type":"article","og_title":"Associaci\u00f3 de Ve\u00efns de Trebaluger -","og_description":"Integrants de la Junta Felip Ortiz Solera President Gerardo Pons Femenias Vicepresident Basilio Sastre Gard\u00e9s Secretari \u00d3scar Pascual Fortuny Tresorer Miguel \u00c1ngel Milla Vocal Susan Elder Vocal Genar Escandell Preto Vocal Guillem Galindo Galindo Vocal Jos\u00e9 Manuel Haro Moreno Vocal Juan Mart\u00ednez Escribano Vocal Miquel \u00c0ngel Vidal Mar\u00ed Vocal Concepci\u00f3 Llamb\u00edas Ferrer Vocal","og_url":"https:\/\/vecinostrebaluger.com\/ca\/associacio-de-veins-de-trebaluger\/","og_image":[{"width":388,"height":386,"url":"https:\/\/vecinostrebaluger.com\/wp-content\/uploads\/2024\/10\/Screenshot-2024-10-21-at-23.30.03.jpg","type":"image\/jpeg"}],"twitter_card":"summary_large_image","schema":{"@context":"https:\/\/schema.org","@graph":[{"@type":"WebPage","@id":"https:\/\/vecinostrebaluger.com\/ca\/associacio-de-veins-de-trebaluger\/","url":"https:\/\/vecinostrebaluger.com\/ca\/associacio-de-veins-de-trebaluger\/","name":"Associaci\u00f3 de Ve\u00efns de Trebaluger -","isPartOf":{"@id":"https:\/\/vecinostrebaluger.com\/ca\/#website"},"primaryImageOfPage":{"@id":"https:\/\/vecinostrebaluger.com\/ca\/associacio-de-veins-de-trebaluger\/#primaryimage"},"image":{"@id":"https:\/\/vecinostrebaluger.com\/ca\/associacio-de-veins-de-trebaluger\/#primaryimage"},"thumbnailUrl":"https:\/\/vecinostrebaluger.com\/wp-content\/uploads\/2024\/10\/Screenshot-2024-10-21-at-23.30.03.jpg","datePublished":"2024-02-10T10:55:13+00:00","breadcrumb":{"@id":"https:\/\/vecinostrebaluger.com\/ca\/associacio-de-veins-de-trebaluger\/#breadcrumb"},"inLanguage":"ca","potentialAction":[{"@type":"ReadAction","target":["https:\/\/vecinostrebaluger.com\/ca\/associacio-de-veins-de-trebaluger\/"]}]},{"@type":"ImageObject","inLanguage":"ca","@id":"https:\/\/vecinostrebaluger.com\/ca\/associacio-de-veins-de-trebaluger\/#primaryimage","url":"https:\/\/vecinostrebaluger.com\/wp-content\/uploads\/2024\/10\/Screenshot-2024-10-21-at-23.30.03.jpg","contentUrl":"https:\/\/vecinostrebaluger.com\/wp-content\/uploads\/2024\/10\/Screenshot-2024-10-21-at-23.30.03.jpg"},{"@type":"BreadcrumbList","@id":"https:\/\/vecinostrebaluger.com\/ca\/associacio-de-veins-de-trebaluger\/#breadcrumb","itemListElement":[{"@type":"ListItem","position":1,"name":"Portada","item":"https:\/\/vecinostrebaluger.com\/ca\/inici\/"},{"@type":"ListItem","position":2,"name":"Associaci\u00f3 de Ve\u00efns de Trebaluger"}]},{"@type":"WebSite","@id":"https:\/\/vecinostrebaluger.com\/ca\/#website","url":"https:\/\/vecinostrebaluger.com\/ca\/","name":"Vecinos Trebaluger","description":"","publisher":{"@id":"https:\/\/vecinostrebaluger.com\/ca\/#organization"},"potentialAction":[{"@type":"SearchAction","target":{"@type":"EntryPoint","urlTemplate":"https:\/\/vecinostrebaluger.com\/ca\/?s={search_term_string}"},"query-input":{"@type":"PropertyValueSpecification","valueRequired":true,"valueName":"search_term_string"}}],"inLanguage":"ca"},{"@type":"Organization","@id":"https:\/\/vecinostrebaluger.com\/ca\/#organization","name":"Vecinos Trebaluger","url":"https:\/\/vecinostrebaluger.com\/ca\/","logo":{"@type":"ImageObject","inLanguage":"ca","@id":"https:\/\/vecinostrebaluger.com\/ca\/#\/schema\/logo\/image\/","url":"https:\/\/vecinostrebaluger.com\/wp-content\/uploads\/2024\/02\/logo-horizontal-1.png","contentUrl":"https:\/\/vecinostrebaluger.com\/wp-content\/uploads\/2024\/02\/logo-horizontal-1.png","width":303,"height":75,"caption":"Vecinos Trebaluger"},"image":{"@id":"https:\/\/vecinostrebaluger.com\/ca\/#\/schema\/logo\/image\/"}}]}},"_links":{"self":[{"href":"https:\/\/vecinostrebaluger.com\/ca\/wp-json\/wp\/v2\/pages\/462","targetHints":{"allow":["GET"]}}],"collection":[{"href":"https:\/\/vecinostrebaluger.com\/ca\/wp-json\/wp\/v2\/pages"}],"about":[{"href":"https:\/\/vecinostrebaluger.com\/ca\/wp-json\/wp\/v2\/types\/page"}],"author":[{"embeddable":true,"href":"https:\/\/vecinostrebaluger.com\/ca\/wp-json\/wp\/v2\/users\/2"}],"replies":[{"embeddable":true,"href":"https:\/\/vecinostrebaluger.com\/ca\/wp-json\/wp\/v2\/comments?post=462"}],"version-history":[{"count":0,"href":"https:\/\/vecinostrebaluger.com\/ca\/wp-json\/wp\/v2\/pages\/462\/revisions"}],"wp:attachment":[{"href":"https:\/\/vecinostrebaluger.com\/ca\/wp-json\/wp\/v2\/media?parent=462"}],"curies":[{"name":"wp","href":"https:\/\/api.w.org\/{rel}","templated":true}]}}