{"id":465,"date":"2024-02-10T10:50:09","date_gmt":"2024-02-10T10:50:09","guid":{"rendered":"https:\/\/vecinostrebaluger.com\/trebaluger\/"},"modified":"2024-02-10T10:50:09","modified_gmt":"2024-02-10T10:50:09","slug":"trebaluger","status":"publish","type":"page","link":"https:\/\/vecinostrebaluger.com\/ca\/trebaluger\/","title":{"rendered":"Trebaluger"},"content":{"rendered":"\n<div class=\"wp-block-group alignfull has-base-2-background-color has-background has-global-padding is-layout-constrained wp-container-core-group-is-layout-669513ed wp-block-group-is-layout-constrained\" style=\"margin-top:0;margin-bottom:0;padding-top:var(--wp--preset--spacing--50);padding-right:var(--wp--preset--spacing--50);padding-bottom:var(--wp--preset--spacing--50);padding-left:var(--wp--preset--spacing--50)\">\n<div class=\"wp-block-columns alignwide is-layout-flex wp-container-core-columns-is-layout-1da03c2a wp-block-columns-is-layout-flex\">\n<div class=\"wp-block-column is-vertically-aligned-stretch is-layout-flow wp-block-column-is-layout-flow\" style=\"flex-basis:50%\">\n<div class=\"wp-block-group is-vertical is-content-justification-stretch is-layout-flex wp-container-core-group-is-layout-444d5ee8 wp-block-group-is-layout-flex\" style=\"min-height:100%\">\n<p id=\"yui_3_17_2_1_1707562020753_437\">Trebaluger \u00e9s una pintoresca localitat situada a l&#8217;illa de Menorca, formant part del municipi des Castell. Es caracteritza pels seus carrers serpentejants i el seu ambient tranquil, cosa que el converteix en una destinaci\u00f3 ideal per als que busquen pau i autenticitat en un poble menorqu\u00ed. Tot i la seva mida redu\u00efda, Trebaluger ofereix una encantadora combinaci\u00f3 de cases tradicionals plenes de car\u00e0cter i propietats m\u00e9s modernes i avantguardistes, cosa que afegeix a la vitalitat d&#8217;aquest encantador poble.<\/p>\n\n\n\n<p>La localitat es troba en una posici\u00f3 privilegiada, ubicada al triangle entre Ma\u00f3, Es Castell i Sant Llu\u00eds, permetent gaudir de la infraestructura i l \u201cencant d\u201d aquests tres llocs. La proximitat a la capital ofereix nombroses oportunitats culturals, comercials i gastron\u00f2miques, i al mateix temps, la seva ubicaci\u00f3 especial permet submergir-se en el bell paisatge menorqu\u00ed amb prou feines surt de la casa. Trebaluger \u00e9s tamb\u00e9 a prop d&#8217;algunes de les platges m\u00e9s impressionants del sud de Menorca, incloent-hi les famoses cales de Binibeca i Punta Prima.<\/p>\n\n\n\n<p id=\"yui_3_17_2_1_1707562020753_446\">A Trebaluger, pots trobar una varietat de vil\u00b7les residencials, moltes de les quals estan disponibles per a lloguer de vacances. Aquestes propietats solen estar equipades amb comoditats modernes, oferint un confortable retir per als visitants. La proximitat de la localitat a les rutes de ciclisme i senderisme, com ara el Cam\u00ed de Cavalls, \u00e9s ideal per als amants de l&#8217;aire lliure que volen explorar el paisatge natural de Menorca.<\/p>\n\n\n\n<p id=\"yui_3_17_2_1_1707562020753_449\">En resum, Trebaluger \u00e9s un rac\u00f3 tranquil i encantador de Menorca, perfecte per a aquells que busquen experimentar la vida a un poble tradicional espanyol mentre gaudeixen de la proximitat a platges belles i oportunitats d \u201cexploraci\u00f3 a l\u201d aire lliure.<\/p>\n\n\n\n<div class=\"wp-block-group has-global-padding is-content-justification-left is-layout-constrained wp-container-core-group-is-layout-9fe8ed88 wp-block-group-is-layout-constrained\">\n<p class=\"wp-container-content-0733e5d0\">Deixant una empremta indeleble al paisatge del dem\u00e0.<\/p>\n<\/div>\n<\/div>\n<\/div>\n\n\n\n<div class=\"wp-block-column is-vertically-aligned-center is-layout-flow wp-block-column-is-layout-flow\" style=\"flex-basis:50%\">\n<figure class=\"wp-block-gallery has-nested-images columns-default is-cropped wp-block-gallery-2 is-layout-flex wp-block-gallery-is-layout-flex\">\n<figure class=\"wp-block-image size-large is-style-rounded is-style-rounded--1\"><img loading=\"lazy\" decoding=\"async\" width=\"1024\" height=\"768\" data-id=\"134\" src=\"https:\/\/vecinostrebaluger.com\/wp-content\/uploads\/2024\/02\/IMG_6712-1024x768.jpg\" alt=\"\" class=\"wp-image-134\" style=\"aspect-ratio:3\/4;object-fit:cover\" srcset=\"https:\/\/vecinostrebaluger.com\/wp-content\/uploads\/2024\/02\/IMG_6712-1024x768.jpg 1024w, https:\/\/vecinostrebaluger.com\/wp-content\/uploads\/2024\/02\/IMG_6712-300x225.jpg 300w, https:\/\/vecinostrebaluger.com\/wp-content\/uploads\/2024\/02\/IMG_6712-768x576.jpg 768w, https:\/\/vecinostrebaluger.com\/wp-content\/uploads\/2024\/02\/IMG_6712.jpg 1245w\" sizes=\"auto, (max-width: 1024px) 100vw, 1024px\" \/><\/figure>\n<\/figure>\n<\/div>\n<\/div>\n<\/div>\n\n\n\n\n\n<div class=\"wp-block-group alignfull has-global-padding is-layout-constrained wp-container-core-group-is-layout-d89aad35 wp-block-group-is-layout-constrained\" style=\"margin-top:0;margin-bottom:0;padding-top:var(--wp--preset--spacing--50);padding-right:var(--wp--preset--spacing--50);padding-bottom:var(--wp--preset--spacing--50);padding-left:var(--wp--preset--spacing--50)\"><\/div>\n","protected":false},"excerpt":{"rendered":"<p>Trebaluger \u00e9s una pintoresca localitat situada a l&#8217;illa de Menorca, formant part del municipi des Castell. Es caracteritza pels seus carrers serpentejants i el seu ambient tranquil, cosa que el converteix en una destinaci\u00f3 ideal per als que busquen pau i autenticitat en un poble menorqu\u00ed. Tot i la seva mida redu\u00efda, Trebaluger ofereix una [&hellip;]<\/p>\n","protected":false},"author":2,"featured_media":0,"parent":0,"menu_order":0,"comment_status":"closed","ping_status":"closed","template":"","meta":{"om_disable_all_campaigns":false,"_monsterinsights_skip_tracking":false,"_monsterinsights_sitenote_active":false,"_monsterinsights_sitenote_note":"","_monsterinsights_sitenote_category":0,"footnotes":""},"class_list":["post-465","page","type-page","status-publish","hentry"],"yoast_head":"<!-- This site is optimized with the Yoast SEO plugin v27.5 - https:\/\/yoast.com\/product\/yoast-seo-wordpress\/ -->\n<title>Trebaluger -<\/title>\n<meta name=\"robots\" content=\"index, follow, max-snippet:-1, max-image-preview:large, max-video-preview:-1\" \/>\n<link rel=\"canonical\" href=\"https:\/\/vecinostrebaluger.com\/ca\/trebaluger\/\" \/>\n<meta property=\"og:locale\" content=\"ca_ES\" \/>\n<meta property=\"og:type\" content=\"article\" \/>\n<meta property=\"og:title\" content=\"Trebaluger -\" \/>\n<meta property=\"og:description\" content=\"Trebaluger \u00e9s una pintoresca localitat situada a l&#8217;illa de Menorca, formant part del municipi des Castell. Es caracteritza pels seus carrers serpentejants i el seu ambient tranquil, cosa que el converteix en una destinaci\u00f3 ideal per als que busquen pau i autenticitat en un poble menorqu\u00ed. Tot i la seva mida redu\u00efda, Trebaluger ofereix una [&hellip;]\" \/>\n<meta property=\"og:url\" content=\"https:\/\/vecinostrebaluger.com\/ca\/trebaluger\/\" \/>\n<meta property=\"og:image\" content=\"https:\/\/vecinostrebaluger.com\/wp-content\/uploads\/2024\/02\/IMG_6712.jpg\" \/>\n\t<meta property=\"og:image:width\" content=\"1245\" \/>\n\t<meta property=\"og:image:height\" content=\"934\" \/>\n\t<meta property=\"og:image:type\" content=\"image\/jpeg\" \/>\n<meta name=\"twitter:card\" content=\"summary_large_image\" \/>\n<meta name=\"twitter:label1\" content=\"Temps estimat de lectura\" \/>\n\t<meta name=\"twitter:data1\" content=\"1 minut\" \/>\n<script type=\"application\/ld+json\" class=\"yoast-schema-graph\">{\"@context\":\"https:\\\/\\\/schema.org\",\"@graph\":[{\"@type\":\"WebPage\",\"@id\":\"https:\\\/\\\/vecinostrebaluger.com\\\/ca\\\/trebaluger\\\/\",\"url\":\"https:\\\/\\\/vecinostrebaluger.com\\\/ca\\\/trebaluger\\\/\",\"name\":\"Trebaluger -\",\"isPartOf\":{\"@id\":\"https:\\\/\\\/vecinostrebaluger.com\\\/ca\\\/#website\"},\"primaryImageOfPage\":{\"@id\":\"https:\\\/\\\/vecinostrebaluger.com\\\/ca\\\/trebaluger\\\/#primaryimage\"},\"image\":{\"@id\":\"https:\\\/\\\/vecinostrebaluger.com\\\/ca\\\/trebaluger\\\/#primaryimage\"},\"thumbnailUrl\":\"https:\\\/\\\/vecinostrebaluger.com\\\/wp-content\\\/uploads\\\/2024\\\/02\\\/IMG_6712-1024x768.jpg\",\"datePublished\":\"2024-02-10T10:50:09+00:00\",\"breadcrumb\":{\"@id\":\"https:\\\/\\\/vecinostrebaluger.com\\\/ca\\\/trebaluger\\\/#breadcrumb\"},\"inLanguage\":\"ca\",\"potentialAction\":[{\"@type\":\"ReadAction\",\"target\":[\"https:\\\/\\\/vecinostrebaluger.com\\\/ca\\\/trebaluger\\\/\"]}]},{\"@type\":\"ImageObject\",\"inLanguage\":\"ca\",\"@id\":\"https:\\\/\\\/vecinostrebaluger.com\\\/ca\\\/trebaluger\\\/#primaryimage\",\"url\":\"https:\\\/\\\/vecinostrebaluger.com\\\/wp-content\\\/uploads\\\/2024\\\/02\\\/IMG_6712-1024x768.jpg\",\"contentUrl\":\"https:\\\/\\\/vecinostrebaluger.com\\\/wp-content\\\/uploads\\\/2024\\\/02\\\/IMG_6712-1024x768.jpg\"},{\"@type\":\"BreadcrumbList\",\"@id\":\"https:\\\/\\\/vecinostrebaluger.com\\\/ca\\\/trebaluger\\\/#breadcrumb\",\"itemListElement\":[{\"@type\":\"ListItem\",\"position\":1,\"name\":\"Portada\",\"item\":\"https:\\\/\\\/vecinostrebaluger.com\\\/ca\\\/inici\\\/\"},{\"@type\":\"ListItem\",\"position\":2,\"name\":\"Trebaluger\"}]},{\"@type\":\"WebSite\",\"@id\":\"https:\\\/\\\/vecinostrebaluger.com\\\/ca\\\/#website\",\"url\":\"https:\\\/\\\/vecinostrebaluger.com\\\/ca\\\/\",\"name\":\"Vecinos Trebaluger\",\"description\":\"\",\"publisher\":{\"@id\":\"https:\\\/\\\/vecinostrebaluger.com\\\/ca\\\/#organization\"},\"potentialAction\":[{\"@type\":\"SearchAction\",\"target\":{\"@type\":\"EntryPoint\",\"urlTemplate\":\"https:\\\/\\\/vecinostrebaluger.com\\\/ca\\\/?s={search_term_string}\"},\"query-input\":{\"@type\":\"PropertyValueSpecification\",\"valueRequired\":true,\"valueName\":\"search_term_string\"}}],\"inLanguage\":\"ca\"},{\"@type\":\"Organization\",\"@id\":\"https:\\\/\\\/vecinostrebaluger.com\\\/ca\\\/#organization\",\"name\":\"Vecinos Trebaluger\",\"url\":\"https:\\\/\\\/vecinostrebaluger.com\\\/ca\\\/\",\"logo\":{\"@type\":\"ImageObject\",\"inLanguage\":\"ca\",\"@id\":\"https:\\\/\\\/vecinostrebaluger.com\\\/ca\\\/#\\\/schema\\\/logo\\\/image\\\/\",\"url\":\"https:\\\/\\\/vecinostrebaluger.com\\\/wp-content\\\/uploads\\\/2024\\\/02\\\/logo-horizontal-1.png\",\"contentUrl\":\"https:\\\/\\\/vecinostrebaluger.com\\\/wp-content\\\/uploads\\\/2024\\\/02\\\/logo-horizontal-1.png\",\"width\":303,\"height\":75,\"caption\":\"Vecinos Trebaluger\"},\"image\":{\"@id\":\"https:\\\/\\\/vecinostrebaluger.com\\\/ca\\\/#\\\/schema\\\/logo\\\/image\\\/\"}}]}<\/script>\n<!-- \/ Yoast SEO plugin. -->","yoast_head_json":{"title":"Trebaluger -","robots":{"index":"index","follow":"follow","max-snippet":"max-snippet:-1","max-image-preview":"max-image-preview:large","max-video-preview":"max-video-preview:-1"},"canonical":"https:\/\/vecinostrebaluger.com\/ca\/trebaluger\/","og_locale":"ca_ES","og_type":"article","og_title":"Trebaluger -","og_description":"Trebaluger \u00e9s una pintoresca localitat situada a l&#8217;illa de Menorca, formant part del municipi des Castell. Es caracteritza pels seus carrers serpentejants i el seu ambient tranquil, cosa que el converteix en una destinaci\u00f3 ideal per als que busquen pau i autenticitat en un poble menorqu\u00ed. Tot i la seva mida redu\u00efda, Trebaluger ofereix una [&hellip;]","og_url":"https:\/\/vecinostrebaluger.com\/ca\/trebaluger\/","og_image":[{"width":1245,"height":934,"url":"https:\/\/vecinostrebaluger.com\/wp-content\/uploads\/2024\/02\/IMG_6712.jpg","type":"image\/jpeg"}],"twitter_card":"summary_large_image","twitter_misc":{"Temps estimat de lectura":"1 minut"},"schema":{"@context":"https:\/\/schema.org","@graph":[{"@type":"WebPage","@id":"https:\/\/vecinostrebaluger.com\/ca\/trebaluger\/","url":"https:\/\/vecinostrebaluger.com\/ca\/trebaluger\/","name":"Trebaluger -","isPartOf":{"@id":"https:\/\/vecinostrebaluger.com\/ca\/#website"},"primaryImageOfPage":{"@id":"https:\/\/vecinostrebaluger.com\/ca\/trebaluger\/#primaryimage"},"image":{"@id":"https:\/\/vecinostrebaluger.com\/ca\/trebaluger\/#primaryimage"},"thumbnailUrl":"https:\/\/vecinostrebaluger.com\/wp-content\/uploads\/2024\/02\/IMG_6712-1024x768.jpg","datePublished":"2024-02-10T10:50:09+00:00","breadcrumb":{"@id":"https:\/\/vecinostrebaluger.com\/ca\/trebaluger\/#breadcrumb"},"inLanguage":"ca","potentialAction":[{"@type":"ReadAction","target":["https:\/\/vecinostrebaluger.com\/ca\/trebaluger\/"]}]},{"@type":"ImageObject","inLanguage":"ca","@id":"https:\/\/vecinostrebaluger.com\/ca\/trebaluger\/#primaryimage","url":"https:\/\/vecinostrebaluger.com\/wp-content\/uploads\/2024\/02\/IMG_6712-1024x768.jpg","contentUrl":"https:\/\/vecinostrebaluger.com\/wp-content\/uploads\/2024\/02\/IMG_6712-1024x768.jpg"},{"@type":"BreadcrumbList","@id":"https:\/\/vecinostrebaluger.com\/ca\/trebaluger\/#breadcrumb","itemListElement":[{"@type":"ListItem","position":1,"name":"Portada","item":"https:\/\/vecinostrebaluger.com\/ca\/inici\/"},{"@type":"ListItem","position":2,"name":"Trebaluger"}]},{"@type":"WebSite","@id":"https:\/\/vecinostrebaluger.com\/ca\/#website","url":"https:\/\/vecinostrebaluger.com\/ca\/","name":"Vecinos Trebaluger","description":"","publisher":{"@id":"https:\/\/vecinostrebaluger.com\/ca\/#organization"},"potentialAction":[{"@type":"SearchAction","target":{"@type":"EntryPoint","urlTemplate":"https:\/\/vecinostrebaluger.com\/ca\/?s={search_term_string}"},"query-input":{"@type":"PropertyValueSpecification","valueRequired":true,"valueName":"search_term_string"}}],"inLanguage":"ca"},{"@type":"Organization","@id":"https:\/\/vecinostrebaluger.com\/ca\/#organization","name":"Vecinos Trebaluger","url":"https:\/\/vecinostrebaluger.com\/ca\/","logo":{"@type":"ImageObject","inLanguage":"ca","@id":"https:\/\/vecinostrebaluger.com\/ca\/#\/schema\/logo\/image\/","url":"https:\/\/vecinostrebaluger.com\/wp-content\/uploads\/2024\/02\/logo-horizontal-1.png","contentUrl":"https:\/\/vecinostrebaluger.com\/wp-content\/uploads\/2024\/02\/logo-horizontal-1.png","width":303,"height":75,"caption":"Vecinos Trebaluger"},"image":{"@id":"https:\/\/vecinostrebaluger.com\/ca\/#\/schema\/logo\/image\/"}}]}},"_links":{"self":[{"href":"https:\/\/vecinostrebaluger.com\/ca\/wp-json\/wp\/v2\/pages\/465","targetHints":{"allow":["GET"]}}],"collection":[{"href":"https:\/\/vecinostrebaluger.com\/ca\/wp-json\/wp\/v2\/pages"}],"about":[{"href":"https:\/\/vecinostrebaluger.com\/ca\/wp-json\/wp\/v2\/types\/page"}],"author":[{"embeddable":true,"href":"https:\/\/vecinostrebaluger.com\/ca\/wp-json\/wp\/v2\/users\/2"}],"replies":[{"embeddable":true,"href":"https:\/\/vecinostrebaluger.com\/ca\/wp-json\/wp\/v2\/comments?post=465"}],"version-history":[{"count":0,"href":"https:\/\/vecinostrebaluger.com\/ca\/wp-json\/wp\/v2\/pages\/465\/revisions"}],"wp:attachment":[{"href":"https:\/\/vecinostrebaluger.com\/ca\/wp-json\/wp\/v2\/media?parent=465"}],"curies":[{"name":"wp","href":"https:\/\/api.w.org\/{rel}","templated":true}]}}