{"id":467,"date":"2024-02-02T20:51:10","date_gmt":"2024-02-02T20:51:10","guid":{"rendered":"https:\/\/vecinostrebaluger.com\/inici\/"},"modified":"2024-02-02T20:51:10","modified_gmt":"2024-02-02T20:51:10","slug":"inici","status":"publish","type":"page","link":"https:\/\/vecinostrebaluger.com\/ca\/","title":{"rendered":"Inici"},"content":{"rendered":"\n<div class=\"wp-block-group alignfull has-global-padding is-layout-constrained wp-block-group-is-layout-constrained\">\n<div class=\"wp-block-cover alignfull is-light\" style=\"margin-top:0;min-height:501px;aspect-ratio:unset;\"><span aria-hidden=\"true\" class=\"wp-block-cover__background has-black-background-color has-background-dim-0 has-background-dim\"><\/span><img loading=\"lazy\" decoding=\"async\" width=\"1498\" height=\"998\" class=\"wp-block-cover__image-background wp-image-338\" alt=\"\" src=\"https:\/\/vecinostrebaluger.com\/wp-content\/uploads\/2024\/11\/19b44aad-3a7f-4adb-9418-ae238bd8cdd4.jpg\" style=\"object-position:57% 64%\" data-object-fit=\"cover\" data-object-position=\"57% 64%\" srcset=\"https:\/\/vecinostrebaluger.com\/wp-content\/uploads\/2024\/11\/19b44aad-3a7f-4adb-9418-ae238bd8cdd4.jpg 1498w, https:\/\/vecinostrebaluger.com\/wp-content\/uploads\/2024\/11\/19b44aad-3a7f-4adb-9418-ae238bd8cdd4-300x200.jpg 300w, https:\/\/vecinostrebaluger.com\/wp-content\/uploads\/2024\/11\/19b44aad-3a7f-4adb-9418-ae238bd8cdd4-1024x682.jpg 1024w, https:\/\/vecinostrebaluger.com\/wp-content\/uploads\/2024\/11\/19b44aad-3a7f-4adb-9418-ae238bd8cdd4-768x512.jpg 768w\" sizes=\"auto, (max-width: 1498px) 100vw, 1498px\" \/><div class=\"wp-block-cover__inner-container is-layout-flow wp-block-cover-is-layout-flow\">\n<div style=\"height:50px\" aria-hidden=\"true\" class=\"wp-block-spacer\"><\/div>\n<\/div><\/div>\n<\/div>\n\n\n\n<h2 class=\"wp-block-heading alignwide has-text-align-center has-x-large-font-size\">Associaci\u00f3 de Ve\u00efns de Trebaluger<\/h2>\n\n\n\n<div style=\"height:32px\" aria-hidden=\"true\" class=\"wp-block-spacer\"><\/div>\n\n\n\n<p class=\"has-text-align-center\">Hola ve\u00efns i amics!<\/p>\n\n\n\n<p class=\"has-text-align-center\">Ens complau donar-vos la m\u00e9s c\u00e0lida benvinguda al lloc web oficial de la comunitat de Trebaluger, un espai creat per i per als habitants del nostre estimat barri. Aquest lloc digital \u00e9s un reflex de la nostra vibrant i unida comunitat, dissenyat per mantenir-nos connectats, informats i compromesos amb el benestar de tots els que anomenem llar a Trebaluger.<\/p>\n\n\n\n<p class=\"has-text-align-center\">Aquest lloc web \u00e9s de tots i tots els membres de la nostra comunitat. Et convidem a explorar-lo, a participar-hi activament ia contribuir a fer de Trebaluger un lloc encara m\u00e9s meravell\u00f3s per viure.<\/p>\n\n\n\n<p class=\"has-text-align-center\"><strong>\u00a1\u00a1 Benvinguts i que gaudeixin del nostre rac\u00f3 a la web!<\/strong><\/p>\n","protected":false},"excerpt":{"rendered":"<p>Associaci\u00f3 de Ve\u00efns de Trebaluger Hola ve\u00efns i amics! Ens complau donar-vos la m\u00e9s c\u00e0lida benvinguda al lloc web oficial de la comunitat de Trebaluger, un espai creat per i per als habitants del nostre estimat barri. Aquest lloc digital \u00e9s un reflex de la nostra vibrant i unida comunitat, dissenyat per mantenir-nos connectats, informats [&hellip;]<\/p>\n","protected":false},"author":1,"featured_media":0,"parent":0,"menu_order":0,"comment_status":"closed","ping_status":"closed","template":"page-no-title","meta":{"om_disable_all_campaigns":false,"_monsterinsights_skip_tracking":false,"_monsterinsights_sitenote_active":false,"_monsterinsights_sitenote_note":"","_monsterinsights_sitenote_category":0,"footnotes":""},"class_list":["post-467","page","type-page","status-publish","hentry"],"yoast_head":"<!-- This site is optimized with the Yoast SEO plugin v27.5 - https:\/\/yoast.com\/product\/yoast-seo-wordpress\/ -->\n<title>Inici -<\/title>\n<meta name=\"robots\" content=\"index, follow, max-snippet:-1, max-image-preview:large, max-video-preview:-1\" \/>\n<link rel=\"canonical\" href=\"https:\/\/vecinostrebaluger.com\/ca\/\" \/>\n<meta property=\"og:locale\" content=\"ca_ES\" \/>\n<meta property=\"og:type\" content=\"article\" \/>\n<meta property=\"og:title\" content=\"Inici -\" \/>\n<meta property=\"og:description\" content=\"Associaci\u00f3 de Ve\u00efns de Trebaluger Hola ve\u00efns i amics! Ens complau donar-vos la m\u00e9s c\u00e0lida benvinguda al lloc web oficial de la comunitat de Trebaluger, un espai creat per i per als habitants del nostre estimat barri. Aquest lloc digital \u00e9s un reflex de la nostra vibrant i unida comunitat, dissenyat per mantenir-nos connectats, informats [&hellip;]\" \/>\n<meta property=\"og:url\" content=\"https:\/\/vecinostrebaluger.com\/ca\/\" \/>\n<meta property=\"og:image\" content=\"https:\/\/vecinostrebaluger.com\/wp-content\/uploads\/2024\/11\/19b44aad-3a7f-4adb-9418-ae238bd8cdd4.jpg\" \/>\n\t<meta property=\"og:image:width\" content=\"1498\" \/>\n\t<meta property=\"og:image:height\" content=\"998\" \/>\n\t<meta property=\"og:image:type\" content=\"image\/jpeg\" \/>\n<meta name=\"twitter:card\" content=\"summary_large_image\" \/>\n<meta name=\"twitter:label1\" content=\"Temps estimat de lectura\" \/>\n\t<meta name=\"twitter:data1\" content=\"1 minut\" \/>\n<script type=\"application\/ld+json\" class=\"yoast-schema-graph\">{\"@context\":\"https:\\\/\\\/schema.org\",\"@graph\":[{\"@type\":\"WebPage\",\"@id\":\"https:\\\/\\\/vecinostrebaluger.com\\\/ca\\\/\",\"url\":\"https:\\\/\\\/vecinostrebaluger.com\\\/ca\\\/\",\"name\":\"Inici -\",\"isPartOf\":{\"@id\":\"https:\\\/\\\/vecinostrebaluger.com\\\/ca\\\/#website\"},\"primaryImageOfPage\":{\"@id\":\"https:\\\/\\\/vecinostrebaluger.com\\\/ca\\\/#primaryimage\"},\"image\":{\"@id\":\"https:\\\/\\\/vecinostrebaluger.com\\\/ca\\\/#primaryimage\"},\"thumbnailUrl\":\"https:\\\/\\\/vecinostrebaluger.com\\\/wp-content\\\/uploads\\\/2024\\\/11\\\/19b44aad-3a7f-4adb-9418-ae238bd8cdd4.jpg\",\"datePublished\":\"2024-02-02T20:51:10+00:00\",\"breadcrumb\":{\"@id\":\"https:\\\/\\\/vecinostrebaluger.com\\\/ca\\\/#breadcrumb\"},\"inLanguage\":\"ca\",\"potentialAction\":[{\"@type\":\"ReadAction\",\"target\":[\"https:\\\/\\\/vecinostrebaluger.com\\\/ca\\\/\"]}]},{\"@type\":\"ImageObject\",\"inLanguage\":\"ca\",\"@id\":\"https:\\\/\\\/vecinostrebaluger.com\\\/ca\\\/#primaryimage\",\"url\":\"https:\\\/\\\/vecinostrebaluger.com\\\/wp-content\\\/uploads\\\/2024\\\/11\\\/19b44aad-3a7f-4adb-9418-ae238bd8cdd4.jpg\",\"contentUrl\":\"https:\\\/\\\/vecinostrebaluger.com\\\/wp-content\\\/uploads\\\/2024\\\/11\\\/19b44aad-3a7f-4adb-9418-ae238bd8cdd4.jpg\"},{\"@type\":\"BreadcrumbList\",\"@id\":\"https:\\\/\\\/vecinostrebaluger.com\\\/ca\\\/#breadcrumb\",\"itemListElement\":[{\"@type\":\"ListItem\",\"position\":1,\"name\":\"Portada\",\"item\":\"https:\\\/\\\/vecinostrebaluger.com\\\/ca\\\/inici\\\/\"},{\"@type\":\"ListItem\",\"position\":2,\"name\":\"Inici\"}]},{\"@type\":\"WebSite\",\"@id\":\"https:\\\/\\\/vecinostrebaluger.com\\\/ca\\\/#website\",\"url\":\"https:\\\/\\\/vecinostrebaluger.com\\\/ca\\\/\",\"name\":\"Vecinos Trebaluger\",\"description\":\"\",\"publisher\":{\"@id\":\"https:\\\/\\\/vecinostrebaluger.com\\\/ca\\\/#organization\"},\"potentialAction\":[{\"@type\":\"SearchAction\",\"target\":{\"@type\":\"EntryPoint\",\"urlTemplate\":\"https:\\\/\\\/vecinostrebaluger.com\\\/ca\\\/?s={search_term_string}\"},\"query-input\":{\"@type\":\"PropertyValueSpecification\",\"valueRequired\":true,\"valueName\":\"search_term_string\"}}],\"inLanguage\":\"ca\"},{\"@type\":\"Organization\",\"@id\":\"https:\\\/\\\/vecinostrebaluger.com\\\/ca\\\/#organization\",\"name\":\"Vecinos Trebaluger\",\"url\":\"https:\\\/\\\/vecinostrebaluger.com\\\/ca\\\/\",\"logo\":{\"@type\":\"ImageObject\",\"inLanguage\":\"ca\",\"@id\":\"https:\\\/\\\/vecinostrebaluger.com\\\/ca\\\/#\\\/schema\\\/logo\\\/image\\\/\",\"url\":\"https:\\\/\\\/vecinostrebaluger.com\\\/wp-content\\\/uploads\\\/2024\\\/02\\\/logo-horizontal-1.png\",\"contentUrl\":\"https:\\\/\\\/vecinostrebaluger.com\\\/wp-content\\\/uploads\\\/2024\\\/02\\\/logo-horizontal-1.png\",\"width\":303,\"height\":75,\"caption\":\"Vecinos Trebaluger\"},\"image\":{\"@id\":\"https:\\\/\\\/vecinostrebaluger.com\\\/ca\\\/#\\\/schema\\\/logo\\\/image\\\/\"}}]}<\/script>\n<!-- \/ Yoast SEO plugin. -->","yoast_head_json":{"title":"Inici -","robots":{"index":"index","follow":"follow","max-snippet":"max-snippet:-1","max-image-preview":"max-image-preview:large","max-video-preview":"max-video-preview:-1"},"canonical":"https:\/\/vecinostrebaluger.com\/ca\/","og_locale":"ca_ES","og_type":"article","og_title":"Inici -","og_description":"Associaci\u00f3 de Ve\u00efns de Trebaluger Hola ve\u00efns i amics! Ens complau donar-vos la m\u00e9s c\u00e0lida benvinguda al lloc web oficial de la comunitat de Trebaluger, un espai creat per i per als habitants del nostre estimat barri. Aquest lloc digital \u00e9s un reflex de la nostra vibrant i unida comunitat, dissenyat per mantenir-nos connectats, informats [&hellip;]","og_url":"https:\/\/vecinostrebaluger.com\/ca\/","og_image":[{"width":1498,"height":998,"url":"https:\/\/vecinostrebaluger.com\/wp-content\/uploads\/2024\/11\/19b44aad-3a7f-4adb-9418-ae238bd8cdd4.jpg","type":"image\/jpeg"}],"twitter_card":"summary_large_image","twitter_misc":{"Temps estimat de lectura":"1 minut"},"schema":{"@context":"https:\/\/schema.org","@graph":[{"@type":"WebPage","@id":"https:\/\/vecinostrebaluger.com\/ca\/","url":"https:\/\/vecinostrebaluger.com\/ca\/","name":"Inici -","isPartOf":{"@id":"https:\/\/vecinostrebaluger.com\/ca\/#website"},"primaryImageOfPage":{"@id":"https:\/\/vecinostrebaluger.com\/ca\/#primaryimage"},"image":{"@id":"https:\/\/vecinostrebaluger.com\/ca\/#primaryimage"},"thumbnailUrl":"https:\/\/vecinostrebaluger.com\/wp-content\/uploads\/2024\/11\/19b44aad-3a7f-4adb-9418-ae238bd8cdd4.jpg","datePublished":"2024-02-02T20:51:10+00:00","breadcrumb":{"@id":"https:\/\/vecinostrebaluger.com\/ca\/#breadcrumb"},"inLanguage":"ca","potentialAction":[{"@type":"ReadAction","target":["https:\/\/vecinostrebaluger.com\/ca\/"]}]},{"@type":"ImageObject","inLanguage":"ca","@id":"https:\/\/vecinostrebaluger.com\/ca\/#primaryimage","url":"https:\/\/vecinostrebaluger.com\/wp-content\/uploads\/2024\/11\/19b44aad-3a7f-4adb-9418-ae238bd8cdd4.jpg","contentUrl":"https:\/\/vecinostrebaluger.com\/wp-content\/uploads\/2024\/11\/19b44aad-3a7f-4adb-9418-ae238bd8cdd4.jpg"},{"@type":"BreadcrumbList","@id":"https:\/\/vecinostrebaluger.com\/ca\/#breadcrumb","itemListElement":[{"@type":"ListItem","position":1,"name":"Portada","item":"https:\/\/vecinostrebaluger.com\/ca\/inici\/"},{"@type":"ListItem","position":2,"name":"Inici"}]},{"@type":"WebSite","@id":"https:\/\/vecinostrebaluger.com\/ca\/#website","url":"https:\/\/vecinostrebaluger.com\/ca\/","name":"Vecinos Trebaluger","description":"","publisher":{"@id":"https:\/\/vecinostrebaluger.com\/ca\/#organization"},"potentialAction":[{"@type":"SearchAction","target":{"@type":"EntryPoint","urlTemplate":"https:\/\/vecinostrebaluger.com\/ca\/?s={search_term_string}"},"query-input":{"@type":"PropertyValueSpecification","valueRequired":true,"valueName":"search_term_string"}}],"inLanguage":"ca"},{"@type":"Organization","@id":"https:\/\/vecinostrebaluger.com\/ca\/#organization","name":"Vecinos Trebaluger","url":"https:\/\/vecinostrebaluger.com\/ca\/","logo":{"@type":"ImageObject","inLanguage":"ca","@id":"https:\/\/vecinostrebaluger.com\/ca\/#\/schema\/logo\/image\/","url":"https:\/\/vecinostrebaluger.com\/wp-content\/uploads\/2024\/02\/logo-horizontal-1.png","contentUrl":"https:\/\/vecinostrebaluger.com\/wp-content\/uploads\/2024\/02\/logo-horizontal-1.png","width":303,"height":75,"caption":"Vecinos Trebaluger"},"image":{"@id":"https:\/\/vecinostrebaluger.com\/ca\/#\/schema\/logo\/image\/"}}]}},"_links":{"self":[{"href":"https:\/\/vecinostrebaluger.com\/ca\/wp-json\/wp\/v2\/pages\/467","targetHints":{"allow":["GET"]}}],"collection":[{"href":"https:\/\/vecinostrebaluger.com\/ca\/wp-json\/wp\/v2\/pages"}],"about":[{"href":"https:\/\/vecinostrebaluger.com\/ca\/wp-json\/wp\/v2\/types\/page"}],"author":[{"embeddable":true,"href":"https:\/\/vecinostrebaluger.com\/ca\/wp-json\/wp\/v2\/users\/1"}],"replies":[{"embeddable":true,"href":"https:\/\/vecinostrebaluger.com\/ca\/wp-json\/wp\/v2\/comments?post=467"}],"version-history":[{"count":0,"href":"https:\/\/vecinostrebaluger.com\/ca\/wp-json\/wp\/v2\/pages\/467\/revisions"}],"wp:attachment":[{"href":"https:\/\/vecinostrebaluger.com\/ca\/wp-json\/wp\/v2\/media?parent=467"}],"curies":[{"name":"wp","href":"https:\/\/api.w.org\/{rel}","templated":true}]}}