{"id":503,"date":"2024-11-03T20:31:25","date_gmt":"2024-11-03T20:31:25","guid":{"rendered":"https:\/\/vecinostrebaluger.com\/historia\/"},"modified":"2024-11-03T20:31:25","modified_gmt":"2024-11-03T20:31:25","slug":"historia","status":"publish","type":"page","link":"https:\/\/vecinostrebaluger.com\/ca\/historia\/","title":{"rendered":"Hist\u00f2ria"},"content":{"rendered":"\n<div class=\"wp-block-group alignfull has-base-2-background-color has-background has-global-padding is-layout-constrained wp-container-core-group-is-layout-669513ed wp-block-group-is-layout-constrained\" style=\"margin-top:0;margin-bottom:0;padding-top:var(--wp--preset--spacing--50);padding-right:var(--wp--preset--spacing--50);padding-bottom:var(--wp--preset--spacing--50);padding-left:var(--wp--preset--spacing--50)\">\n<div class=\"wp-block-columns alignwide is-layout-flex wp-container-core-columns-is-layout-1da03c2a wp-block-columns-is-layout-flex\">\n<div class=\"wp-block-column is-vertically-aligned-stretch is-layout-flow wp-block-column-is-layout-flow\" style=\"flex-basis:50%\">\n<div class=\"wp-block-group is-vertical is-content-justification-stretch is-layout-flex wp-container-core-group-is-layout-444d5ee8 wp-block-group-is-layout-flex\" style=\"min-height:100%\">\n<p>El paratge de Trebal\u00fager, a Es Castell \u2014que no s&#8217;ha de confondre amb el Trebal\u00fager des Migjorn Gran\u2014 ha estat habitat des de la prehist\u00f2ria, com ho demostren les nombroses restes megal\u00edtiques i, de manera m\u00e9s prominent, els tres talaiots que formen un triangle al seu espai: el de Trebal\u00fager, el de Torra.<\/p>\n\n\n\n<p>Un element clau per a la constituci\u00f3 del nucli de Trebal\u00fager seria Es Pou Gran, un pou de torn. Al seu voltant hi havia tres coves i \u2014una mica m\u00e9s inusual\u2014 fins a tres g\u00e0bies de torn per extreure aigua amb un ruc o una mula, a m\u00e9s d&#8217;abeuradors i petits horts per sembrar plan\u00e7ons. Utilitzaven el pou les s\u00ednies i cases properes, i, a m\u00e9s, hi havia tota una xarxa de camins a diferents dist\u00e0ncies \u2014encara se \u201cn poden identificar alguns\u2014 que s\u201d estenia de manera radial i servia per portar el bestiar a saciar la set. Arribaven fins i tot des de llocs for\u00e7a llunyans, com Es Barranc, a prop de Sant Llu\u00eds. Avui dia, havent perdut la seva funci\u00f3 original, Es Pou Gran est\u00e0 cobert amb planxes de ferro dins una finca privada, per\u00f2 aquella xarxa de senders podria haver estat l&#8217;origen, en temps hist\u00f2rics, del nucli rural de Trebal\u00fager.<\/p>\n\n\n\n<p>A la segona meitat del segle XIX, segons un cens de l&#8217;any 1873, residien a Trebal\u00fager 37 fam\u00edlies, 19 a Torraixa i 7 a Binissa\u00efda, sumant un total de 67 llars. La mateixa font indica que a tot el terme des Castell habitava una poblaci\u00f3 de 1.962 persones distribu\u00efdes en 512 nuclis familiars. A trav\u00e9s d&#8217;una simple operaci\u00f3 matem\u00e0tica, les 67 fam\u00edlies dels tres nuclis rurals esmentats podrien reunir una poblaci\u00f3 aproximada de 250 habitants, que, en tractar-se del camp, fins i tot podria ser m\u00e9s gran.<br><br>Pots seguir llegint m\u00e9s sobre la hist\u00f2ria de Trebal\u00fager <a href=\"https:\/\/vecinostrebaluger.com\/wp-content\/uploads\/2024\/11\/LIBRO-LES-ESCOLES-RURALS.pdf\">aqu\u00ed<\/a> .<\/p>\n<\/div>\n<\/div>\n\n\n\n<div class=\"wp-block-column is-vertically-aligned-center is-layout-flow wp-block-column-is-layout-flow\" style=\"flex-basis:50%\">\n<figure class=\"wp-block-gallery has-nested-images columns-default is-cropped wp-block-gallery-2 is-layout-flex wp-block-gallery-is-layout-flex\">\n<figure class=\"wp-block-image size-full is-style-rounded is-style-rounded--1\"><img loading=\"lazy\" decoding=\"async\" width=\"688\" height=\"512\" data-id=\"267\" src=\"https:\/\/vecinostrebaluger.com\/wp-content\/uploads\/2024\/11\/Screenshot-2024-11-03-at-21.28.43.jpg\" alt=\"\" class=\"wp-image-267\" style=\"aspect-ratio:3\/4;object-fit:cover\" srcset=\"https:\/\/vecinostrebaluger.com\/wp-content\/uploads\/2024\/11\/Screenshot-2024-11-03-at-21.28.43.jpg 688w, https:\/\/vecinostrebaluger.com\/wp-content\/uploads\/2024\/11\/Screenshot-2024-11-03-at-21.28.43-300x223.jpg 300w\" sizes=\"auto, (max-width: 688px) 100vw, 688px\" \/><\/figure>\n<\/figure>\n<\/div>\n<\/div>\n<\/div>\n\n\n\n<p><\/p>\n","protected":false},"excerpt":{"rendered":"<p>El paratge de Trebal\u00fager, a Es Castell \u2014que no s&#8217;ha de confondre amb el Trebal\u00fager des Migjorn Gran\u2014 ha estat habitat des de la prehist\u00f2ria, com ho demostren les nombroses restes megal\u00edtiques i, de manera m\u00e9s prominent, els tres talaiots que formen un triangle al seu espai: el de Trebal\u00fager, el de Torra. Un element [&hellip;]<\/p>\n","protected":false},"author":2,"featured_media":0,"parent":0,"menu_order":0,"comment_status":"closed","ping_status":"closed","template":"","meta":{"om_disable_all_campaigns":false,"_monsterinsights_skip_tracking":false,"_monsterinsights_sitenote_active":false,"_monsterinsights_sitenote_note":"","_monsterinsights_sitenote_category":0,"footnotes":""},"class_list":["post-503","page","type-page","status-publish","hentry"],"yoast_head":"<!-- This site is optimized with the Yoast SEO plugin v27.5 - https:\/\/yoast.com\/product\/yoast-seo-wordpress\/ -->\n<title>Hist\u00f2ria -<\/title>\n<meta name=\"robots\" content=\"index, follow, max-snippet:-1, max-image-preview:large, max-video-preview:-1\" \/>\n<link rel=\"canonical\" href=\"https:\/\/vecinostrebaluger.com\/ca\/historia\/\" \/>\n<meta property=\"og:locale\" content=\"ca_ES\" \/>\n<meta property=\"og:type\" content=\"article\" \/>\n<meta property=\"og:title\" content=\"Hist\u00f2ria -\" \/>\n<meta property=\"og:description\" content=\"El paratge de Trebal\u00fager, a Es Castell \u2014que no s&#8217;ha de confondre amb el Trebal\u00fager des Migjorn Gran\u2014 ha estat habitat des de la prehist\u00f2ria, com ho demostren les nombroses restes megal\u00edtiques i, de manera m\u00e9s prominent, els tres talaiots que formen un triangle al seu espai: el de Trebal\u00fager, el de Torra. Un element [&hellip;]\" \/>\n<meta property=\"og:url\" content=\"https:\/\/vecinostrebaluger.com\/ca\/historia\/\" \/>\n<meta property=\"og:image\" content=\"https:\/\/vecinostrebaluger.com\/wp-content\/uploads\/2024\/11\/Screenshot-2024-11-03-at-21.28.43.jpg\" \/>\n\t<meta property=\"og:image:width\" content=\"688\" \/>\n\t<meta property=\"og:image:height\" content=\"512\" \/>\n\t<meta property=\"og:image:type\" content=\"image\/jpeg\" \/>\n<meta name=\"twitter:card\" content=\"summary_large_image\" \/>\n<meta name=\"twitter:label1\" content=\"Temps estimat de lectura\" \/>\n\t<meta name=\"twitter:data1\" content=\"2 minuts\" \/>\n<script type=\"application\/ld+json\" class=\"yoast-schema-graph\">{\"@context\":\"https:\\\/\\\/schema.org\",\"@graph\":[{\"@type\":\"WebPage\",\"@id\":\"https:\\\/\\\/vecinostrebaluger.com\\\/ca\\\/historia\\\/\",\"url\":\"https:\\\/\\\/vecinostrebaluger.com\\\/ca\\\/historia\\\/\",\"name\":\"Hist\u00f2ria -\",\"isPartOf\":{\"@id\":\"https:\\\/\\\/vecinostrebaluger.com\\\/ca\\\/#website\"},\"primaryImageOfPage\":{\"@id\":\"https:\\\/\\\/vecinostrebaluger.com\\\/ca\\\/historia\\\/#primaryimage\"},\"image\":{\"@id\":\"https:\\\/\\\/vecinostrebaluger.com\\\/ca\\\/historia\\\/#primaryimage\"},\"thumbnailUrl\":\"https:\\\/\\\/vecinostrebaluger.com\\\/wp-content\\\/uploads\\\/2024\\\/11\\\/Screenshot-2024-11-03-at-21.28.43.jpg\",\"datePublished\":\"2024-11-03T20:31:25+00:00\",\"breadcrumb\":{\"@id\":\"https:\\\/\\\/vecinostrebaluger.com\\\/ca\\\/historia\\\/#breadcrumb\"},\"inLanguage\":\"ca\",\"potentialAction\":[{\"@type\":\"ReadAction\",\"target\":[\"https:\\\/\\\/vecinostrebaluger.com\\\/ca\\\/historia\\\/\"]}]},{\"@type\":\"ImageObject\",\"inLanguage\":\"ca\",\"@id\":\"https:\\\/\\\/vecinostrebaluger.com\\\/ca\\\/historia\\\/#primaryimage\",\"url\":\"https:\\\/\\\/vecinostrebaluger.com\\\/wp-content\\\/uploads\\\/2024\\\/11\\\/Screenshot-2024-11-03-at-21.28.43.jpg\",\"contentUrl\":\"https:\\\/\\\/vecinostrebaluger.com\\\/wp-content\\\/uploads\\\/2024\\\/11\\\/Screenshot-2024-11-03-at-21.28.43.jpg\"},{\"@type\":\"BreadcrumbList\",\"@id\":\"https:\\\/\\\/vecinostrebaluger.com\\\/ca\\\/historia\\\/#breadcrumb\",\"itemListElement\":[{\"@type\":\"ListItem\",\"position\":1,\"name\":\"Portada\",\"item\":\"https:\\\/\\\/vecinostrebaluger.com\\\/ca\\\/inici\\\/\"},{\"@type\":\"ListItem\",\"position\":2,\"name\":\"Hist\u00f2ria\"}]},{\"@type\":\"WebSite\",\"@id\":\"https:\\\/\\\/vecinostrebaluger.com\\\/ca\\\/#website\",\"url\":\"https:\\\/\\\/vecinostrebaluger.com\\\/ca\\\/\",\"name\":\"Vecinos Trebaluger\",\"description\":\"\",\"publisher\":{\"@id\":\"https:\\\/\\\/vecinostrebaluger.com\\\/ca\\\/#organization\"},\"potentialAction\":[{\"@type\":\"SearchAction\",\"target\":{\"@type\":\"EntryPoint\",\"urlTemplate\":\"https:\\\/\\\/vecinostrebaluger.com\\\/ca\\\/?s={search_term_string}\"},\"query-input\":{\"@type\":\"PropertyValueSpecification\",\"valueRequired\":true,\"valueName\":\"search_term_string\"}}],\"inLanguage\":\"ca\"},{\"@type\":\"Organization\",\"@id\":\"https:\\\/\\\/vecinostrebaluger.com\\\/ca\\\/#organization\",\"name\":\"Vecinos Trebaluger\",\"url\":\"https:\\\/\\\/vecinostrebaluger.com\\\/ca\\\/\",\"logo\":{\"@type\":\"ImageObject\",\"inLanguage\":\"ca\",\"@id\":\"https:\\\/\\\/vecinostrebaluger.com\\\/ca\\\/#\\\/schema\\\/logo\\\/image\\\/\",\"url\":\"https:\\\/\\\/vecinostrebaluger.com\\\/wp-content\\\/uploads\\\/2024\\\/02\\\/logo-horizontal-1.png\",\"contentUrl\":\"https:\\\/\\\/vecinostrebaluger.com\\\/wp-content\\\/uploads\\\/2024\\\/02\\\/logo-horizontal-1.png\",\"width\":303,\"height\":75,\"caption\":\"Vecinos Trebaluger\"},\"image\":{\"@id\":\"https:\\\/\\\/vecinostrebaluger.com\\\/ca\\\/#\\\/schema\\\/logo\\\/image\\\/\"}}]}<\/script>\n<!-- \/ Yoast SEO plugin. -->","yoast_head_json":{"title":"Hist\u00f2ria -","robots":{"index":"index","follow":"follow","max-snippet":"max-snippet:-1","max-image-preview":"max-image-preview:large","max-video-preview":"max-video-preview:-1"},"canonical":"https:\/\/vecinostrebaluger.com\/ca\/historia\/","og_locale":"ca_ES","og_type":"article","og_title":"Hist\u00f2ria -","og_description":"El paratge de Trebal\u00fager, a Es Castell \u2014que no s&#8217;ha de confondre amb el Trebal\u00fager des Migjorn Gran\u2014 ha estat habitat des de la prehist\u00f2ria, com ho demostren les nombroses restes megal\u00edtiques i, de manera m\u00e9s prominent, els tres talaiots que formen un triangle al seu espai: el de Trebal\u00fager, el de Torra. Un element [&hellip;]","og_url":"https:\/\/vecinostrebaluger.com\/ca\/historia\/","og_image":[{"width":688,"height":512,"url":"https:\/\/vecinostrebaluger.com\/wp-content\/uploads\/2024\/11\/Screenshot-2024-11-03-at-21.28.43.jpg","type":"image\/jpeg"}],"twitter_card":"summary_large_image","twitter_misc":{"Temps estimat de lectura":"2 minuts"},"schema":{"@context":"https:\/\/schema.org","@graph":[{"@type":"WebPage","@id":"https:\/\/vecinostrebaluger.com\/ca\/historia\/","url":"https:\/\/vecinostrebaluger.com\/ca\/historia\/","name":"Hist\u00f2ria -","isPartOf":{"@id":"https:\/\/vecinostrebaluger.com\/ca\/#website"},"primaryImageOfPage":{"@id":"https:\/\/vecinostrebaluger.com\/ca\/historia\/#primaryimage"},"image":{"@id":"https:\/\/vecinostrebaluger.com\/ca\/historia\/#primaryimage"},"thumbnailUrl":"https:\/\/vecinostrebaluger.com\/wp-content\/uploads\/2024\/11\/Screenshot-2024-11-03-at-21.28.43.jpg","datePublished":"2024-11-03T20:31:25+00:00","breadcrumb":{"@id":"https:\/\/vecinostrebaluger.com\/ca\/historia\/#breadcrumb"},"inLanguage":"ca","potentialAction":[{"@type":"ReadAction","target":["https:\/\/vecinostrebaluger.com\/ca\/historia\/"]}]},{"@type":"ImageObject","inLanguage":"ca","@id":"https:\/\/vecinostrebaluger.com\/ca\/historia\/#primaryimage","url":"https:\/\/vecinostrebaluger.com\/wp-content\/uploads\/2024\/11\/Screenshot-2024-11-03-at-21.28.43.jpg","contentUrl":"https:\/\/vecinostrebaluger.com\/wp-content\/uploads\/2024\/11\/Screenshot-2024-11-03-at-21.28.43.jpg"},{"@type":"BreadcrumbList","@id":"https:\/\/vecinostrebaluger.com\/ca\/historia\/#breadcrumb","itemListElement":[{"@type":"ListItem","position":1,"name":"Portada","item":"https:\/\/vecinostrebaluger.com\/ca\/inici\/"},{"@type":"ListItem","position":2,"name":"Hist\u00f2ria"}]},{"@type":"WebSite","@id":"https:\/\/vecinostrebaluger.com\/ca\/#website","url":"https:\/\/vecinostrebaluger.com\/ca\/","name":"Vecinos Trebaluger","description":"","publisher":{"@id":"https:\/\/vecinostrebaluger.com\/ca\/#organization"},"potentialAction":[{"@type":"SearchAction","target":{"@type":"EntryPoint","urlTemplate":"https:\/\/vecinostrebaluger.com\/ca\/?s={search_term_string}"},"query-input":{"@type":"PropertyValueSpecification","valueRequired":true,"valueName":"search_term_string"}}],"inLanguage":"ca"},{"@type":"Organization","@id":"https:\/\/vecinostrebaluger.com\/ca\/#organization","name":"Vecinos Trebaluger","url":"https:\/\/vecinostrebaluger.com\/ca\/","logo":{"@type":"ImageObject","inLanguage":"ca","@id":"https:\/\/vecinostrebaluger.com\/ca\/#\/schema\/logo\/image\/","url":"https:\/\/vecinostrebaluger.com\/wp-content\/uploads\/2024\/02\/logo-horizontal-1.png","contentUrl":"https:\/\/vecinostrebaluger.com\/wp-content\/uploads\/2024\/02\/logo-horizontal-1.png","width":303,"height":75,"caption":"Vecinos Trebaluger"},"image":{"@id":"https:\/\/vecinostrebaluger.com\/ca\/#\/schema\/logo\/image\/"}}]}},"_links":{"self":[{"href":"https:\/\/vecinostrebaluger.com\/ca\/wp-json\/wp\/v2\/pages\/503","targetHints":{"allow":["GET"]}}],"collection":[{"href":"https:\/\/vecinostrebaluger.com\/ca\/wp-json\/wp\/v2\/pages"}],"about":[{"href":"https:\/\/vecinostrebaluger.com\/ca\/wp-json\/wp\/v2\/types\/page"}],"author":[{"embeddable":true,"href":"https:\/\/vecinostrebaluger.com\/ca\/wp-json\/wp\/v2\/users\/2"}],"replies":[{"embeddable":true,"href":"https:\/\/vecinostrebaluger.com\/ca\/wp-json\/wp\/v2\/comments?post=503"}],"version-history":[{"count":0,"href":"https:\/\/vecinostrebaluger.com\/ca\/wp-json\/wp\/v2\/pages\/503\/revisions"}],"wp:attachment":[{"href":"https:\/\/vecinostrebaluger.com\/ca\/wp-json\/wp\/v2\/media?parent=503"}],"curies":[{"name":"wp","href":"https:\/\/api.w.org\/{rel}","templated":true}]}}