{"id":935,"date":"2026-05-05T21:06:09","date_gmt":"2026-05-05T21:06:09","guid":{"rendered":"https:\/\/vecinostrebaluger.com\/clausula-apartat-de-contacte-web\/"},"modified":"2026-05-05T21:20:16","modified_gmt":"2026-05-05T21:20:16","slug":"clausula-apartat-de-contacte-web","status":"publish","type":"page","link":"https:\/\/vecinostrebaluger.com\/ca\/clausula-apartat-de-contacte-web\/","title":{"rendered":"Cl\u00e0usula Apartat de Contacte Web"},"content":{"rendered":"\n<div class=\"wp-block-group alignfull has-base-2-background-color has-background has-global-padding is-layout-constrained wp-block-group-is-layout-constrained\" style=\"padding-top:var(--wp--preset--spacing--30);padding-bottom:var(--wp--preset--spacing--30)\">\n<div class=\"wp-block-columns alignwide is-layout-flex wp-container-core-columns-is-layout-28f84493 wp-block-columns-is-layout-flex\">\n<div class=\"wp-block-column is-layout-flow wp-block-column-is-layout-flow\">\n<p>La comunicaci\u00f3 enviada ser\u00e0 objecte de tractament per part del Responsable ASOCIACI\u00d3N VECINOS CASERIO TREBALUGER . Aquesta comunicaci\u00f3 s&#8217;utilitzar\u00e0 exclusivament per tractar les seves dades per atendre la seva sol\u00b7licitud, sempre de conformitat amb el Reglament (UE) 2016\/679 de 27 d&#8217;abril de 2016 (RGPD), la Llei Org\u00e0nica 3\/2018 de 5 de desembre (LOPDGDD) i dem\u00e9s normativa legal vigent en mat\u00e8ria de protecci\u00f3 de dades personals sobre protecci\u00f3 de dades. Les seves dades no es comunicaran a tercers, excepte per obligaci\u00f3 legal, i es mantindran mentre no sol\u00b7liciti la seva cancel\u00b7laci\u00f3.  <\/p>\n\n\n\n<p>En qualsevol moment vost\u00e8 podr\u00e0 exercir els drets d&#8217;acc\u00e9s, rectificaci\u00f3, portabilitat i oposici\u00f3, i, si s&#8217;escau, la limitaci\u00f3 i cancel\u00b7laci\u00f3, comunicant-ho per escrit, indicant les seves dades personals a CMNO. RAFALET, URB. TREBALUGER, 23, ES CASTELL, 07720 o mitjan\u00e7ant l&#8217;enviament d&#8217;un correu electr\u00f2nic a <a href=\"mailto:TREBELUGER@GMAIL.COM\">TREBELUGER@GMAIL.COM<\/a> .  <\/p>\n<\/div>\n<\/div>\n<\/div>\n","protected":false},"excerpt":{"rendered":"<p>La comunicaci\u00f3 enviada ser\u00e0 objecte de tractament per part del Responsable ASOCIACI\u00d3N VECINOS CASERIO TREBALUGER . Aquesta comunicaci\u00f3 s&#8217;utilitzar\u00e0 exclusivament per tractar les seves dades per atendre la seva sol\u00b7licitud, sempre de conformitat amb el Reglament (UE) 2016\/679 de 27 d&#8217;abril de 2016 (RGPD), la Llei Org\u00e0nica 3\/2018 de 5 de desembre (LOPDGDD) i dem\u00e9s [&hellip;]<\/p>\n","protected":false},"author":4,"featured_media":0,"parent":0,"menu_order":0,"comment_status":"closed","ping_status":"closed","template":"","meta":{"om_disable_all_campaigns":false,"_monsterinsights_skip_tracking":false,"_monsterinsights_sitenote_active":false,"_monsterinsights_sitenote_note":"","_monsterinsights_sitenote_category":0,"footnotes":""},"class_list":["post-935","page","type-page","status-publish","hentry"],"yoast_head":"<!-- This site is optimized with the Yoast SEO plugin v27.5 - https:\/\/yoast.com\/product\/yoast-seo-wordpress\/ -->\n<title>Cl\u00e0usula Apartat de Contacte Web -<\/title>\n<meta name=\"robots\" content=\"index, follow, max-snippet:-1, max-image-preview:large, max-video-preview:-1\" \/>\n<link rel=\"canonical\" href=\"https:\/\/vecinostrebaluger.com\/ca\/clausula-apartat-de-contacte-web\/\" \/>\n<meta property=\"og:locale\" content=\"ca_ES\" \/>\n<meta property=\"og:type\" content=\"article\" \/>\n<meta property=\"og:title\" content=\"Cl\u00e0usula Apartat de Contacte Web -\" \/>\n<meta property=\"og:description\" content=\"La comunicaci\u00f3 enviada ser\u00e0 objecte de tractament per part del Responsable ASOCIACI\u00d3N VECINOS CASERIO TREBALUGER . Aquesta comunicaci\u00f3 s&#8217;utilitzar\u00e0 exclusivament per tractar les seves dades per atendre la seva sol\u00b7licitud, sempre de conformitat amb el Reglament (UE) 2016\/679 de 27 d&#8217;abril de 2016 (RGPD), la Llei Org\u00e0nica 3\/2018 de 5 de desembre (LOPDGDD) i dem\u00e9s [&hellip;]\" \/>\n<meta property=\"og:url\" content=\"https:\/\/vecinostrebaluger.com\/ca\/clausula-apartat-de-contacte-web\/\" \/>\n<meta property=\"article:modified_time\" content=\"2026-05-05T21:20:16+00:00\" \/>\n<meta name=\"twitter:card\" content=\"summary_large_image\" \/>\n<meta name=\"twitter:label1\" content=\"Temps estimat de lectura\" \/>\n\t<meta name=\"twitter:data1\" content=\"1 minut\" \/>\n<script type=\"application\/ld+json\" class=\"yoast-schema-graph\">{\"@context\":\"https:\\\/\\\/schema.org\",\"@graph\":[{\"@type\":\"WebPage\",\"@id\":\"https:\\\/\\\/vecinostrebaluger.com\\\/ca\\\/clausula-apartat-de-contacte-web\\\/\",\"url\":\"https:\\\/\\\/vecinostrebaluger.com\\\/ca\\\/clausula-apartat-de-contacte-web\\\/\",\"name\":\"Cl\u00e0usula Apartat de Contacte Web -\",\"isPartOf\":{\"@id\":\"https:\\\/\\\/vecinostrebaluger.com\\\/ca\\\/#website\"},\"datePublished\":\"2026-05-05T21:06:09+00:00\",\"dateModified\":\"2026-05-05T21:20:16+00:00\",\"breadcrumb\":{\"@id\":\"https:\\\/\\\/vecinostrebaluger.com\\\/ca\\\/clausula-apartat-de-contacte-web\\\/#breadcrumb\"},\"inLanguage\":\"ca\",\"potentialAction\":[{\"@type\":\"ReadAction\",\"target\":[\"https:\\\/\\\/vecinostrebaluger.com\\\/ca\\\/clausula-apartat-de-contacte-web\\\/\"]}]},{\"@type\":\"BreadcrumbList\",\"@id\":\"https:\\\/\\\/vecinostrebaluger.com\\\/ca\\\/clausula-apartat-de-contacte-web\\\/#breadcrumb\",\"itemListElement\":[{\"@type\":\"ListItem\",\"position\":1,\"name\":\"Portada\",\"item\":\"https:\\\/\\\/vecinostrebaluger.com\\\/ca\\\/inici\\\/\"},{\"@type\":\"ListItem\",\"position\":2,\"name\":\"Cl\u00e0usula Apartat de Contacte Web\"}]},{\"@type\":\"WebSite\",\"@id\":\"https:\\\/\\\/vecinostrebaluger.com\\\/ca\\\/#website\",\"url\":\"https:\\\/\\\/vecinostrebaluger.com\\\/ca\\\/\",\"name\":\"Vecinos Trebaluger\",\"description\":\"\",\"publisher\":{\"@id\":\"https:\\\/\\\/vecinostrebaluger.com\\\/ca\\\/#organization\"},\"potentialAction\":[{\"@type\":\"SearchAction\",\"target\":{\"@type\":\"EntryPoint\",\"urlTemplate\":\"https:\\\/\\\/vecinostrebaluger.com\\\/ca\\\/?s={search_term_string}\"},\"query-input\":{\"@type\":\"PropertyValueSpecification\",\"valueRequired\":true,\"valueName\":\"search_term_string\"}}],\"inLanguage\":\"ca\"},{\"@type\":\"Organization\",\"@id\":\"https:\\\/\\\/vecinostrebaluger.com\\\/ca\\\/#organization\",\"name\":\"Vecinos Trebaluger\",\"url\":\"https:\\\/\\\/vecinostrebaluger.com\\\/ca\\\/\",\"logo\":{\"@type\":\"ImageObject\",\"inLanguage\":\"ca\",\"@id\":\"https:\\\/\\\/vecinostrebaluger.com\\\/ca\\\/#\\\/schema\\\/logo\\\/image\\\/\",\"url\":\"https:\\\/\\\/vecinostrebaluger.com\\\/wp-content\\\/uploads\\\/2024\\\/02\\\/logo-horizontal-1.png\",\"contentUrl\":\"https:\\\/\\\/vecinostrebaluger.com\\\/wp-content\\\/uploads\\\/2024\\\/02\\\/logo-horizontal-1.png\",\"width\":303,\"height\":75,\"caption\":\"Vecinos Trebaluger\"},\"image\":{\"@id\":\"https:\\\/\\\/vecinostrebaluger.com\\\/ca\\\/#\\\/schema\\\/logo\\\/image\\\/\"}}]}<\/script>\n<!-- \/ Yoast SEO plugin. -->","yoast_head_json":{"title":"Cl\u00e0usula Apartat de Contacte Web -","robots":{"index":"index","follow":"follow","max-snippet":"max-snippet:-1","max-image-preview":"max-image-preview:large","max-video-preview":"max-video-preview:-1"},"canonical":"https:\/\/vecinostrebaluger.com\/ca\/clausula-apartat-de-contacte-web\/","og_locale":"ca_ES","og_type":"article","og_title":"Cl\u00e0usula Apartat de Contacte Web -","og_description":"La comunicaci\u00f3 enviada ser\u00e0 objecte de tractament per part del Responsable ASOCIACI\u00d3N VECINOS CASERIO TREBALUGER . Aquesta comunicaci\u00f3 s&#8217;utilitzar\u00e0 exclusivament per tractar les seves dades per atendre la seva sol\u00b7licitud, sempre de conformitat amb el Reglament (UE) 2016\/679 de 27 d&#8217;abril de 2016 (RGPD), la Llei Org\u00e0nica 3\/2018 de 5 de desembre (LOPDGDD) i dem\u00e9s [&hellip;]","og_url":"https:\/\/vecinostrebaluger.com\/ca\/clausula-apartat-de-contacte-web\/","article_modified_time":"2026-05-05T21:20:16+00:00","twitter_card":"summary_large_image","twitter_misc":{"Temps estimat de lectura":"1 minut"},"schema":{"@context":"https:\/\/schema.org","@graph":[{"@type":"WebPage","@id":"https:\/\/vecinostrebaluger.com\/ca\/clausula-apartat-de-contacte-web\/","url":"https:\/\/vecinostrebaluger.com\/ca\/clausula-apartat-de-contacte-web\/","name":"Cl\u00e0usula Apartat de Contacte Web -","isPartOf":{"@id":"https:\/\/vecinostrebaluger.com\/ca\/#website"},"datePublished":"2026-05-05T21:06:09+00:00","dateModified":"2026-05-05T21:20:16+00:00","breadcrumb":{"@id":"https:\/\/vecinostrebaluger.com\/ca\/clausula-apartat-de-contacte-web\/#breadcrumb"},"inLanguage":"ca","potentialAction":[{"@type":"ReadAction","target":["https:\/\/vecinostrebaluger.com\/ca\/clausula-apartat-de-contacte-web\/"]}]},{"@type":"BreadcrumbList","@id":"https:\/\/vecinostrebaluger.com\/ca\/clausula-apartat-de-contacte-web\/#breadcrumb","itemListElement":[{"@type":"ListItem","position":1,"name":"Portada","item":"https:\/\/vecinostrebaluger.com\/ca\/inici\/"},{"@type":"ListItem","position":2,"name":"Cl\u00e0usula Apartat de Contacte Web"}]},{"@type":"WebSite","@id":"https:\/\/vecinostrebaluger.com\/ca\/#website","url":"https:\/\/vecinostrebaluger.com\/ca\/","name":"Vecinos Trebaluger","description":"","publisher":{"@id":"https:\/\/vecinostrebaluger.com\/ca\/#organization"},"potentialAction":[{"@type":"SearchAction","target":{"@type":"EntryPoint","urlTemplate":"https:\/\/vecinostrebaluger.com\/ca\/?s={search_term_string}"},"query-input":{"@type":"PropertyValueSpecification","valueRequired":true,"valueName":"search_term_string"}}],"inLanguage":"ca"},{"@type":"Organization","@id":"https:\/\/vecinostrebaluger.com\/ca\/#organization","name":"Vecinos Trebaluger","url":"https:\/\/vecinostrebaluger.com\/ca\/","logo":{"@type":"ImageObject","inLanguage":"ca","@id":"https:\/\/vecinostrebaluger.com\/ca\/#\/schema\/logo\/image\/","url":"https:\/\/vecinostrebaluger.com\/wp-content\/uploads\/2024\/02\/logo-horizontal-1.png","contentUrl":"https:\/\/vecinostrebaluger.com\/wp-content\/uploads\/2024\/02\/logo-horizontal-1.png","width":303,"height":75,"caption":"Vecinos Trebaluger"},"image":{"@id":"https:\/\/vecinostrebaluger.com\/ca\/#\/schema\/logo\/image\/"}}]}},"_links":{"self":[{"href":"https:\/\/vecinostrebaluger.com\/ca\/wp-json\/wp\/v2\/pages\/935","targetHints":{"allow":["GET"]}}],"collection":[{"href":"https:\/\/vecinostrebaluger.com\/ca\/wp-json\/wp\/v2\/pages"}],"about":[{"href":"https:\/\/vecinostrebaluger.com\/ca\/wp-json\/wp\/v2\/types\/page"}],"author":[{"embeddable":true,"href":"https:\/\/vecinostrebaluger.com\/ca\/wp-json\/wp\/v2\/users\/4"}],"replies":[{"embeddable":true,"href":"https:\/\/vecinostrebaluger.com\/ca\/wp-json\/wp\/v2\/comments?post=935"}],"version-history":[{"count":3,"href":"https:\/\/vecinostrebaluger.com\/ca\/wp-json\/wp\/v2\/pages\/935\/revisions"}],"predecessor-version":[{"id":940,"href":"https:\/\/vecinostrebaluger.com\/ca\/wp-json\/wp\/v2\/pages\/935\/revisions\/940"}],"wp:attachment":[{"href":"https:\/\/vecinostrebaluger.com\/ca\/wp-json\/wp\/v2\/media?parent=935"}],"curies":[{"name":"wp","href":"https:\/\/api.w.org\/{rel}","templated":true}]}}