{"id":551,"date":"2024-02-10T10:50:09","date_gmt":"2024-02-10T10:50:09","guid":{"rendered":"https:\/\/vecinostrebaluger.com\/trebaluger\/"},"modified":"2025-06-02T15:34:24","modified_gmt":"2025-06-02T15:34:24","slug":"trebaluger","status":"publish","type":"page","link":"https:\/\/vecinostrebaluger.com\/fr\/trebaluger\/","title":{"rendered":"Trebaluger"},"content":{"rendered":"\n<div class=\"wp-block-group alignfull has-base-2-background-color has-background has-global-padding is-layout-constrained wp-container-core-group-is-layout-669513ed wp-block-group-is-layout-constrained\" style=\"margin-top:0;margin-bottom:0;padding-top:var(--wp--preset--spacing--50);padding-right:var(--wp--preset--spacing--50);padding-bottom:var(--wp--preset--spacing--50);padding-left:var(--wp--preset--spacing--50)\">\n<div class=\"wp-block-columns alignwide is-layout-flex wp-container-core-columns-is-layout-1da03c2a wp-block-columns-is-layout-flex\">\n<div class=\"wp-block-column is-vertically-aligned-stretch is-layout-flow wp-block-column-is-layout-flow\" style=\"flex-basis:50%\">\n<div class=\"wp-block-group is-vertical is-content-justification-stretch is-layout-flex wp-container-core-group-is-layout-444d5ee8 wp-block-group-is-layout-flex\" style=\"min-height:100%\">\n<p id=\"yui_3_17_2_1_1707562020753_437\">Trebaluger est un village pittoresque situ\u00e9 sur l&rsquo;\u00eele de Minorque, dans la commune d&rsquo;Es Castell. Il se caract\u00e9rise par ses rues sinueuses et son atmosph\u00e8re tranquille, ce qui en fait une destination id\u00e9ale pour ceux qui recherchent la paix et l&rsquo;authenticit\u00e9 dans un village minorquin. Malgr\u00e9 sa petite taille, Trebaluger offre une charmante combinaison de maisons traditionnelles pleines de caract\u00e8re et de propri\u00e9t\u00e9s plus modernes et avant-gardistes, ce qui ajoute au dynamisme de ce charmant village.  <\/p>\n\n\n\n<p>La localit\u00e9 jouit d&rsquo;une position privil\u00e9gi\u00e9e, situ\u00e9e dans le triangle entre Mah\u00f3n, Es Castell et Sant Llu\u00eds, ce qui vous permet de profiter de l&rsquo;infrastructure et du charme de ces trois localit\u00e9s. La proximit\u00e9 de la capitale offre de nombreuses opportunit\u00e9s culturelles, commerciales et gastronomiques, et en m\u00eame temps, sa situation particuli\u00e8re vous permet de vous immerger dans le magnifique paysage minorquin d\u00e8s que vous sortez de chez vous. Trebaluger se trouve \u00e9galement \u00e0 proximit\u00e9 de quelques-unes des plus belles plages du sud de Minorque, notamment les c\u00e9l\u00e8bres criques de Binibeca et Punta Prima.  <\/p>\n\n\n\n<p id=\"yui_3_17_2_1_1707562020753_446\">\u00c0 Trebaluger, vous trouverez une vari\u00e9t\u00e9 de villas r\u00e9sidentielles, dont beaucoup sont disponibles pour la location de vacances. Ces propri\u00e9t\u00e9s sont souvent dot\u00e9es d&rsquo;\u00e9quipements modernes, offrant une retraite confortable aux visiteurs. La proximit\u00e9 de pistes cyclables et de sentiers de randonn\u00e9e, comme le Cam\u00ed de Cavalls, est id\u00e9ale pour les amateurs de plein air qui souhaitent explorer le paysage naturel de Minorque.  <\/p>\n\n\n\n<p id=\"yui_3_17_2_1_1707562020753_449\">En bref, Trebaluger est un coin tranquille et charmant de Minorque, parfait pour ceux qui souhaitent d\u00e9couvrir la vie traditionnelle d&rsquo;un village espagnol tout en profitant de la proximit\u00e9 de belles plages et de possibilit\u00e9s d&rsquo;exploration en plein air.<\/p>\n\n\n\n<div class=\"wp-block-group has-global-padding is-content-justification-left is-layout-constrained wp-container-core-group-is-layout-9fe8ed88 wp-block-group-is-layout-constrained\">\n<p class=\"wp-container-content-0733e5d0\">Laisser une marque ind\u00e9l\u00e9bile sur le paysage de demain.<\/p>\n<\/div>\n<\/div>\n<\/div>\n\n\n\n<div class=\"wp-block-column is-vertically-aligned-center is-layout-flow wp-block-column-is-layout-flow\" style=\"flex-basis:50%\">\n<figure class=\"wp-block-gallery has-nested-images columns-default is-cropped wp-block-gallery-2 is-layout-flex wp-block-gallery-is-layout-flex\">\n<figure class=\"wp-block-image size-large is-style-rounded is-style-rounded--1\"><img loading=\"lazy\" decoding=\"async\" width=\"1024\" height=\"768\" data-id=\"134\" src=\"https:\/\/vecinostrebaluger.com\/wp-content\/uploads\/2024\/02\/IMG_6712-1024x768.jpg\" alt=\"\" class=\"wp-image-134\" style=\"aspect-ratio:3\/4;object-fit:cover\" srcset=\"https:\/\/vecinostrebaluger.com\/wp-content\/uploads\/2024\/02\/IMG_6712-1024x768.jpg 1024w, https:\/\/vecinostrebaluger.com\/wp-content\/uploads\/2024\/02\/IMG_6712-300x225.jpg 300w, https:\/\/vecinostrebaluger.com\/wp-content\/uploads\/2024\/02\/IMG_6712-768x576.jpg 768w, https:\/\/vecinostrebaluger.com\/wp-content\/uploads\/2024\/02\/IMG_6712.jpg 1245w\" sizes=\"auto, (max-width: 1024px) 100vw, 1024px\" \/><\/figure>\n<\/figure>\n<\/div>\n<\/div>\n<\/div>\n\n<div class=\"wp-block-group alignfull has-global-padding is-layout-constrained wp-container-core-group-is-layout-d89aad35 wp-block-group-is-layout-constrained\" style=\"margin-top:0;margin-bottom:0;padding-top:var(--wp--preset--spacing--50);padding-right:var(--wp--preset--spacing--50);padding-bottom:var(--wp--preset--spacing--50);padding-left:var(--wp--preset--spacing--50)\"><\/div>\n","protected":false},"excerpt":{"rendered":"<p>Trebaluger est un village pittoresque situ\u00e9 sur l&rsquo;\u00eele de Minorque, dans la commune d&rsquo;Es Castell. Il se caract\u00e9rise par ses rues sinueuses et son atmosph\u00e8re tranquille, ce qui en fait une destination id\u00e9ale pour ceux qui recherchent la paix et l&rsquo;authenticit\u00e9 dans un village minorquin. Malgr\u00e9 sa petite taille, Trebaluger offre une charmante combinaison de [&hellip;]<\/p>\n","protected":false},"author":2,"featured_media":0,"parent":0,"menu_order":0,"comment_status":"closed","ping_status":"closed","template":"","meta":{"om_disable_all_campaigns":false,"_monsterinsights_skip_tracking":false,"_monsterinsights_sitenote_active":false,"_monsterinsights_sitenote_note":"","_monsterinsights_sitenote_category":0,"footnotes":""},"class_list":["post-551","page","type-page","status-publish","hentry"],"yoast_head":"<!-- This site is optimized with the Yoast SEO plugin v27.5 - https:\/\/yoast.com\/product\/yoast-seo-wordpress\/ -->\n<title>Trebaluger -<\/title>\n<meta name=\"robots\" content=\"index, follow, max-snippet:-1, max-image-preview:large, max-video-preview:-1\" \/>\n<link rel=\"canonical\" href=\"https:\/\/vecinostrebaluger.com\/fr\/trebaluger\/\" \/>\n<meta property=\"og:locale\" content=\"fr_FR\" \/>\n<meta property=\"og:type\" content=\"article\" \/>\n<meta property=\"og:title\" content=\"Trebaluger -\" \/>\n<meta property=\"og:description\" content=\"Trebaluger est un village pittoresque situ\u00e9 sur l&rsquo;\u00eele de Minorque, dans la commune d&rsquo;Es Castell. Il se caract\u00e9rise par ses rues sinueuses et son atmosph\u00e8re tranquille, ce qui en fait une destination id\u00e9ale pour ceux qui recherchent la paix et l&rsquo;authenticit\u00e9 dans un village minorquin. Malgr\u00e9 sa petite taille, Trebaluger offre une charmante combinaison de [&hellip;]\" \/>\n<meta property=\"og:url\" content=\"https:\/\/vecinostrebaluger.com\/fr\/trebaluger\/\" \/>\n<meta property=\"article:modified_time\" content=\"2025-06-02T15:34:24+00:00\" \/>\n<meta property=\"og:image\" content=\"https:\/\/vecinostrebaluger.com\/wp-content\/uploads\/2024\/02\/IMG_6712.jpg\" \/>\n\t<meta property=\"og:image:width\" content=\"1245\" \/>\n\t<meta property=\"og:image:height\" content=\"934\" \/>\n\t<meta property=\"og:image:type\" content=\"image\/jpeg\" \/>\n<meta name=\"twitter:card\" content=\"summary_large_image\" \/>\n<meta name=\"twitter:label1\" content=\"Dur\u00e9e de lecture estim\u00e9e\" \/>\n\t<meta name=\"twitter:data1\" content=\"2 minutes\" \/>\n<script type=\"application\/ld+json\" class=\"yoast-schema-graph\">{\"@context\":\"https:\\\/\\\/schema.org\",\"@graph\":[{\"@type\":\"WebPage\",\"@id\":\"https:\\\/\\\/vecinostrebaluger.com\\\/fr\\\/trebaluger\\\/\",\"url\":\"https:\\\/\\\/vecinostrebaluger.com\\\/fr\\\/trebaluger\\\/\",\"name\":\"Trebaluger -\",\"isPartOf\":{\"@id\":\"https:\\\/\\\/vecinostrebaluger.com\\\/fr\\\/#website\"},\"primaryImageOfPage\":{\"@id\":\"https:\\\/\\\/vecinostrebaluger.com\\\/fr\\\/trebaluger\\\/#primaryimage\"},\"image\":{\"@id\":\"https:\\\/\\\/vecinostrebaluger.com\\\/fr\\\/trebaluger\\\/#primaryimage\"},\"thumbnailUrl\":\"https:\\\/\\\/vecinostrebaluger.com\\\/wp-content\\\/uploads\\\/2024\\\/02\\\/IMG_6712-1024x768.jpg\",\"datePublished\":\"2024-02-10T10:50:09+00:00\",\"dateModified\":\"2025-06-02T15:34:24+00:00\",\"breadcrumb\":{\"@id\":\"https:\\\/\\\/vecinostrebaluger.com\\\/fr\\\/trebaluger\\\/#breadcrumb\"},\"inLanguage\":\"fr-FR\",\"potentialAction\":[{\"@type\":\"ReadAction\",\"target\":[\"https:\\\/\\\/vecinostrebaluger.com\\\/fr\\\/trebaluger\\\/\"]}]},{\"@type\":\"ImageObject\",\"inLanguage\":\"fr-FR\",\"@id\":\"https:\\\/\\\/vecinostrebaluger.com\\\/fr\\\/trebaluger\\\/#primaryimage\",\"url\":\"https:\\\/\\\/vecinostrebaluger.com\\\/wp-content\\\/uploads\\\/2024\\\/02\\\/IMG_6712-1024x768.jpg\",\"contentUrl\":\"https:\\\/\\\/vecinostrebaluger.com\\\/wp-content\\\/uploads\\\/2024\\\/02\\\/IMG_6712-1024x768.jpg\"},{\"@type\":\"BreadcrumbList\",\"@id\":\"https:\\\/\\\/vecinostrebaluger.com\\\/fr\\\/trebaluger\\\/#breadcrumb\",\"itemListElement\":[{\"@type\":\"ListItem\",\"position\":1,\"name\":\"Portada\",\"item\":\"https:\\\/\\\/vecinostrebaluger.com\\\/fr\\\/accueil\\\/\"},{\"@type\":\"ListItem\",\"position\":2,\"name\":\"Trebaluger\"}]},{\"@type\":\"WebSite\",\"@id\":\"https:\\\/\\\/vecinostrebaluger.com\\\/fr\\\/#website\",\"url\":\"https:\\\/\\\/vecinostrebaluger.com\\\/fr\\\/\",\"name\":\"Vecinos Trebaluger\",\"description\":\"\",\"publisher\":{\"@id\":\"https:\\\/\\\/vecinostrebaluger.com\\\/fr\\\/#organization\"},\"potentialAction\":[{\"@type\":\"SearchAction\",\"target\":{\"@type\":\"EntryPoint\",\"urlTemplate\":\"https:\\\/\\\/vecinostrebaluger.com\\\/fr\\\/?s={search_term_string}\"},\"query-input\":{\"@type\":\"PropertyValueSpecification\",\"valueRequired\":true,\"valueName\":\"search_term_string\"}}],\"inLanguage\":\"fr-FR\"},{\"@type\":\"Organization\",\"@id\":\"https:\\\/\\\/vecinostrebaluger.com\\\/fr\\\/#organization\",\"name\":\"Vecinos Trebaluger\",\"url\":\"https:\\\/\\\/vecinostrebaluger.com\\\/fr\\\/\",\"logo\":{\"@type\":\"ImageObject\",\"inLanguage\":\"fr-FR\",\"@id\":\"https:\\\/\\\/vecinostrebaluger.com\\\/fr\\\/#\\\/schema\\\/logo\\\/image\\\/\",\"url\":\"https:\\\/\\\/vecinostrebaluger.com\\\/wp-content\\\/uploads\\\/2024\\\/02\\\/logo-horizontal-1.png\",\"contentUrl\":\"https:\\\/\\\/vecinostrebaluger.com\\\/wp-content\\\/uploads\\\/2024\\\/02\\\/logo-horizontal-1.png\",\"width\":303,\"height\":75,\"caption\":\"Vecinos Trebaluger\"},\"image\":{\"@id\":\"https:\\\/\\\/vecinostrebaluger.com\\\/fr\\\/#\\\/schema\\\/logo\\\/image\\\/\"}}]}<\/script>\n<!-- \/ Yoast SEO plugin. -->","yoast_head_json":{"title":"Trebaluger -","robots":{"index":"index","follow":"follow","max-snippet":"max-snippet:-1","max-image-preview":"max-image-preview:large","max-video-preview":"max-video-preview:-1"},"canonical":"https:\/\/vecinostrebaluger.com\/fr\/trebaluger\/","og_locale":"fr_FR","og_type":"article","og_title":"Trebaluger -","og_description":"Trebaluger est un village pittoresque situ\u00e9 sur l&rsquo;\u00eele de Minorque, dans la commune d&rsquo;Es Castell. Il se caract\u00e9rise par ses rues sinueuses et son atmosph\u00e8re tranquille, ce qui en fait une destination id\u00e9ale pour ceux qui recherchent la paix et l&rsquo;authenticit\u00e9 dans un village minorquin. Malgr\u00e9 sa petite taille, Trebaluger offre une charmante combinaison de [&hellip;]","og_url":"https:\/\/vecinostrebaluger.com\/fr\/trebaluger\/","article_modified_time":"2025-06-02T15:34:24+00:00","og_image":[{"width":1245,"height":934,"url":"https:\/\/vecinostrebaluger.com\/wp-content\/uploads\/2024\/02\/IMG_6712.jpg","type":"image\/jpeg"}],"twitter_card":"summary_large_image","twitter_misc":{"Dur\u00e9e de lecture estim\u00e9e":"2 minutes"},"schema":{"@context":"https:\/\/schema.org","@graph":[{"@type":"WebPage","@id":"https:\/\/vecinostrebaluger.com\/fr\/trebaluger\/","url":"https:\/\/vecinostrebaluger.com\/fr\/trebaluger\/","name":"Trebaluger -","isPartOf":{"@id":"https:\/\/vecinostrebaluger.com\/fr\/#website"},"primaryImageOfPage":{"@id":"https:\/\/vecinostrebaluger.com\/fr\/trebaluger\/#primaryimage"},"image":{"@id":"https:\/\/vecinostrebaluger.com\/fr\/trebaluger\/#primaryimage"},"thumbnailUrl":"https:\/\/vecinostrebaluger.com\/wp-content\/uploads\/2024\/02\/IMG_6712-1024x768.jpg","datePublished":"2024-02-10T10:50:09+00:00","dateModified":"2025-06-02T15:34:24+00:00","breadcrumb":{"@id":"https:\/\/vecinostrebaluger.com\/fr\/trebaluger\/#breadcrumb"},"inLanguage":"fr-FR","potentialAction":[{"@type":"ReadAction","target":["https:\/\/vecinostrebaluger.com\/fr\/trebaluger\/"]}]},{"@type":"ImageObject","inLanguage":"fr-FR","@id":"https:\/\/vecinostrebaluger.com\/fr\/trebaluger\/#primaryimage","url":"https:\/\/vecinostrebaluger.com\/wp-content\/uploads\/2024\/02\/IMG_6712-1024x768.jpg","contentUrl":"https:\/\/vecinostrebaluger.com\/wp-content\/uploads\/2024\/02\/IMG_6712-1024x768.jpg"},{"@type":"BreadcrumbList","@id":"https:\/\/vecinostrebaluger.com\/fr\/trebaluger\/#breadcrumb","itemListElement":[{"@type":"ListItem","position":1,"name":"Portada","item":"https:\/\/vecinostrebaluger.com\/fr\/accueil\/"},{"@type":"ListItem","position":2,"name":"Trebaluger"}]},{"@type":"WebSite","@id":"https:\/\/vecinostrebaluger.com\/fr\/#website","url":"https:\/\/vecinostrebaluger.com\/fr\/","name":"Vecinos Trebaluger","description":"","publisher":{"@id":"https:\/\/vecinostrebaluger.com\/fr\/#organization"},"potentialAction":[{"@type":"SearchAction","target":{"@type":"EntryPoint","urlTemplate":"https:\/\/vecinostrebaluger.com\/fr\/?s={search_term_string}"},"query-input":{"@type":"PropertyValueSpecification","valueRequired":true,"valueName":"search_term_string"}}],"inLanguage":"fr-FR"},{"@type":"Organization","@id":"https:\/\/vecinostrebaluger.com\/fr\/#organization","name":"Vecinos Trebaluger","url":"https:\/\/vecinostrebaluger.com\/fr\/","logo":{"@type":"ImageObject","inLanguage":"fr-FR","@id":"https:\/\/vecinostrebaluger.com\/fr\/#\/schema\/logo\/image\/","url":"https:\/\/vecinostrebaluger.com\/wp-content\/uploads\/2024\/02\/logo-horizontal-1.png","contentUrl":"https:\/\/vecinostrebaluger.com\/wp-content\/uploads\/2024\/02\/logo-horizontal-1.png","width":303,"height":75,"caption":"Vecinos Trebaluger"},"image":{"@id":"https:\/\/vecinostrebaluger.com\/fr\/#\/schema\/logo\/image\/"}}]}},"_links":{"self":[{"href":"https:\/\/vecinostrebaluger.com\/fr\/wp-json\/wp\/v2\/pages\/551","targetHints":{"allow":["GET"]}}],"collection":[{"href":"https:\/\/vecinostrebaluger.com\/fr\/wp-json\/wp\/v2\/pages"}],"about":[{"href":"https:\/\/vecinostrebaluger.com\/fr\/wp-json\/wp\/v2\/types\/page"}],"author":[{"embeddable":true,"href":"https:\/\/vecinostrebaluger.com\/fr\/wp-json\/wp\/v2\/users\/2"}],"replies":[{"embeddable":true,"href":"https:\/\/vecinostrebaluger.com\/fr\/wp-json\/wp\/v2\/comments?post=551"}],"version-history":[{"count":1,"href":"https:\/\/vecinostrebaluger.com\/fr\/wp-json\/wp\/v2\/pages\/551\/revisions"}],"predecessor-version":[{"id":553,"href":"https:\/\/vecinostrebaluger.com\/fr\/wp-json\/wp\/v2\/pages\/551\/revisions\/553"}],"wp:attachment":[{"href":"https:\/\/vecinostrebaluger.com\/fr\/wp-json\/wp\/v2\/media?parent=551"}],"curies":[{"name":"wp","href":"https:\/\/api.w.org\/{rel}","templated":true}]}}