{"id":554,"date":"2024-02-03T12:20:57","date_gmt":"2024-02-03T12:20:57","guid":{"rendered":"https:\/\/vecinostrebaluger.com\/collecte-des-dechets\/"},"modified":"2025-06-02T15:34:26","modified_gmt":"2025-06-02T15:34:26","slug":"collecte-des-dechets","status":"publish","type":"page","link":"https:\/\/vecinostrebaluger.com\/fr\/collecte-des-dechets\/","title":{"rendered":"Collecte des d\u00e9chets"},"content":{"rendered":"\n<div class=\"wp-block-group alignfull has-accent-background-color has-background has-global-padding is-layout-constrained wp-container-core-group-is-layout-669513ed wp-block-group-is-layout-constrained\" style=\"margin-top:0;margin-bottom:0;padding-top:var(--wp--preset--spacing--50);padding-right:var(--wp--preset--spacing--50);padding-bottom:var(--wp--preset--spacing--50);padding-left:var(--wp--preset--spacing--50)\">\n<div class=\"wp-block-columns alignwide is-layout-flex wp-container-core-columns-is-layout-1da03c2a wp-block-columns-is-layout-flex\">\n<div class=\"wp-block-column is-vertically-aligned-stretch is-layout-flow wp-block-column-is-layout-flow\" style=\"flex-basis:50%\">\n<div class=\"wp-block-group is-vertical is-content-justification-stretch is-layout-flex wp-container-core-group-is-layout-444d5ee8 wp-block-group-is-layout-flex\" style=\"min-height:100%\">\n<p class=\"has-heading-font-family has-x-large-font-size\" style=\"line-height:1.2\"><strong>Syst\u00e8me de collecte en porte-\u00e0-porte<\/strong><\/p>\n\n\n\n<ul class=\"wp-block-list\">\n<li>Les d\u00e9chets doivent \u00eatre plac\u00e9s dans la poubelle multifraction, devant la porte ou sur le porte-manteau.<\/li>\n\n\n\n<li>Le jour de la collecte, mettez la mati\u00e8re organique dans le sac compostable avec le bac multifraction.<\/li>\n\n\n\n<li>Chaque jour, les textiles sanitaires peuvent \u00eatre retir\u00e9s dans un sac plac\u00e9 au-dessus du seau multifraction.<\/li>\n\n\n\n<li>Pour demander la collecte des d\u00e9chets d&rsquo;\u00e9lagage et des encombrants, appelez le <strong>971 482 308<\/strong>.<\/li>\n\n\n\n<li>En cas d&rsquo;urgence, vous pouvez apporter les d\u00e9chets au point de nettoyage.<\/li>\n<\/ul>\n<\/div>\n<\/div>\n\n\n\n<div class=\"wp-block-column is-vertically-aligned-center is-layout-flow wp-block-column-is-layout-flow\" style=\"flex-basis:50%\">\n<figure class=\"wp-block-image size-full is-resized is-style-rounded is-style-rounded--1\"><img loading=\"lazy\" decoding=\"async\" width=\"812\" height=\"560\" src=\"https:\/\/vecinostrebaluger.com\/wp-content\/uploads\/2024\/02\/basura.png\" alt=\"\" class=\"wp-image-123\" style=\"aspect-ratio:0.75;object-fit:cover;width:253px;height:auto\" srcset=\"https:\/\/vecinostrebaluger.com\/wp-content\/uploads\/2024\/02\/basura.png 812w, https:\/\/vecinostrebaluger.com\/wp-content\/uploads\/2024\/02\/basura-300x207.png 300w, https:\/\/vecinostrebaluger.com\/wp-content\/uploads\/2024\/02\/basura-768x530.png 768w\" sizes=\"auto, (max-width: 812px) 100vw, 812px\" \/><\/figure>\n<\/div>\n<\/div>\n\n\n\n<div class=\"wp-block-columns alignwide is-layout-flex wp-container-core-columns-is-layout-28f84493 wp-block-columns-is-layout-flex\">\n<div class=\"wp-block-column is-vertically-aligned-center is-layout-flow wp-block-column-is-layout-flow\">\n<figure class=\"wp-block-image size-full\"><img loading=\"lazy\" decoding=\"async\" width=\"777\" height=\"235\" src=\"https:\/\/vecinostrebaluger.com\/wp-content\/uploads\/2024\/02\/4-DJ-ESP_habitatges.png\" alt=\"\" class=\"wp-image-124\" srcset=\"https:\/\/vecinostrebaluger.com\/wp-content\/uploads\/2024\/02\/4-DJ-ESP_habitatges.png 777w, https:\/\/vecinostrebaluger.com\/wp-content\/uploads\/2024\/02\/4-DJ-ESP_habitatges-300x91.png 300w, https:\/\/vecinostrebaluger.com\/wp-content\/uploads\/2024\/02\/4-DJ-ESP_habitatges-768x232.png 768w\" sizes=\"auto, (max-width: 777px) 100vw, 777px\" \/><\/figure>\n<\/div>\n<\/div>\n<\/div>\n\n<div class=\"wp-block-group alignfull has-base-background-color has-background has-global-padding is-layout-constrained wp-container-core-group-is-layout-d89aad35 wp-block-group-is-layout-constrained\" style=\"margin-top:0;margin-bottom:0;padding-top:var(--wp--preset--spacing--50);padding-right:var(--wp--preset--spacing--50);padding-bottom:var(--wp--preset--spacing--50);padding-left:var(--wp--preset--spacing--50)\">\n<div class=\"wp-block-columns alignwide is-layout-flex wp-container-core-columns-is-layout-549b0c86 wp-block-columns-is-layout-flex\"><\/div>\n<\/div>\n\n<div class=\"wp-block-group alignfull has-global-padding is-layout-constrained wp-container-core-group-is-layout-d89aad35 wp-block-group-is-layout-constrained\" style=\"margin-top:0;margin-bottom:0;padding-top:var(--wp--preset--spacing--50);padding-right:var(--wp--preset--spacing--50);padding-bottom:var(--wp--preset--spacing--50);padding-left:var(--wp--preset--spacing--50)\">\n<div class=\"wp-block-group alignwide has-base-2-background-color has-background is-layout-flow wp-block-group-is-layout-flow\" style=\"border-radius:16px;padding-top:var(--wp--preset--spacing--50);padding-right:var(--wp--preset--spacing--50);padding-bottom:var(--wp--preset--spacing--50);padding-left:var(--wp--preset--spacing--50)\">\n<p class=\"has-text-align-center\">Nous avons travaill\u00e9 avec certaines des meilleures entreprises.<\/p>\n\n\n\n<div style=\"height:var(--wp--preset--spacing--10)\" aria-hidden=\"true\" class=\"wp-block-spacer\"><\/div>\n\n\n\n<div class=\"wp-block-group alignwide is-content-justification-center is-layout-flex wp-container-core-group-is-layout-f95ffa09 wp-block-group-is-layout-flex\" style=\"padding-top:0;padding-right:0;padding-bottom:0;padding-left:0\">\n\n\n\n\n\n\n\n<\/div>\n<\/div>\n<\/div>\n","protected":false},"excerpt":{"rendered":"<p>Syst\u00e8me de collecte en porte-\u00e0-porte Nous avons travaill\u00e9 avec certaines des meilleures entreprises.<\/p>\n","protected":false},"author":2,"featured_media":0,"parent":0,"menu_order":0,"comment_status":"closed","ping_status":"closed","template":"","meta":{"om_disable_all_campaigns":false,"_monsterinsights_skip_tracking":false,"_monsterinsights_sitenote_active":false,"_monsterinsights_sitenote_note":"","_monsterinsights_sitenote_category":0,"footnotes":""},"class_list":["post-554","page","type-page","status-publish","hentry"],"yoast_head":"<!-- This site is optimized with the Yoast SEO plugin v27.5 - https:\/\/yoast.com\/product\/yoast-seo-wordpress\/ -->\n<title>Collecte des d\u00e9chets -<\/title>\n<meta name=\"robots\" content=\"index, follow, max-snippet:-1, max-image-preview:large, max-video-preview:-1\" \/>\n<link rel=\"canonical\" href=\"https:\/\/vecinostrebaluger.com\/fr\/collecte-des-dechets\/\" \/>\n<meta property=\"og:locale\" content=\"fr_FR\" \/>\n<meta property=\"og:type\" content=\"article\" \/>\n<meta property=\"og:title\" content=\"Collecte des d\u00e9chets -\" \/>\n<meta property=\"og:description\" content=\"Syst\u00e8me de collecte en porte-\u00e0-porte Nous avons travaill\u00e9 avec certaines des meilleures entreprises.\" \/>\n<meta property=\"og:url\" content=\"https:\/\/vecinostrebaluger.com\/fr\/collecte-des-dechets\/\" \/>\n<meta property=\"article:modified_time\" content=\"2025-06-02T15:34:26+00:00\" \/>\n<meta property=\"og:image\" content=\"https:\/\/vecinostrebaluger.com\/wp-content\/uploads\/2024\/02\/basura.png\" \/>\n\t<meta property=\"og:image:width\" content=\"812\" \/>\n\t<meta property=\"og:image:height\" content=\"560\" \/>\n\t<meta property=\"og:image:type\" content=\"image\/png\" \/>\n<meta name=\"twitter:card\" content=\"summary_large_image\" \/>\n<script type=\"application\/ld+json\" class=\"yoast-schema-graph\">{\"@context\":\"https:\\\/\\\/schema.org\",\"@graph\":[{\"@type\":\"WebPage\",\"@id\":\"https:\\\/\\\/vecinostrebaluger.com\\\/fr\\\/collecte-des-dechets\\\/\",\"url\":\"https:\\\/\\\/vecinostrebaluger.com\\\/fr\\\/collecte-des-dechets\\\/\",\"name\":\"Collecte des d\u00e9chets -\",\"isPartOf\":{\"@id\":\"https:\\\/\\\/vecinostrebaluger.com\\\/fr\\\/#website\"},\"primaryImageOfPage\":{\"@id\":\"https:\\\/\\\/vecinostrebaluger.com\\\/fr\\\/collecte-des-dechets\\\/#primaryimage\"},\"image\":{\"@id\":\"https:\\\/\\\/vecinostrebaluger.com\\\/fr\\\/collecte-des-dechets\\\/#primaryimage\"},\"thumbnailUrl\":\"https:\\\/\\\/vecinostrebaluger.com\\\/wp-content\\\/uploads\\\/2024\\\/02\\\/basura.png\",\"datePublished\":\"2024-02-03T12:20:57+00:00\",\"dateModified\":\"2025-06-02T15:34:26+00:00\",\"breadcrumb\":{\"@id\":\"https:\\\/\\\/vecinostrebaluger.com\\\/fr\\\/collecte-des-dechets\\\/#breadcrumb\"},\"inLanguage\":\"fr-FR\",\"potentialAction\":[{\"@type\":\"ReadAction\",\"target\":[\"https:\\\/\\\/vecinostrebaluger.com\\\/fr\\\/collecte-des-dechets\\\/\"]}]},{\"@type\":\"ImageObject\",\"inLanguage\":\"fr-FR\",\"@id\":\"https:\\\/\\\/vecinostrebaluger.com\\\/fr\\\/collecte-des-dechets\\\/#primaryimage\",\"url\":\"https:\\\/\\\/vecinostrebaluger.com\\\/wp-content\\\/uploads\\\/2024\\\/02\\\/basura.png\",\"contentUrl\":\"https:\\\/\\\/vecinostrebaluger.com\\\/wp-content\\\/uploads\\\/2024\\\/02\\\/basura.png\"},{\"@type\":\"BreadcrumbList\",\"@id\":\"https:\\\/\\\/vecinostrebaluger.com\\\/fr\\\/collecte-des-dechets\\\/#breadcrumb\",\"itemListElement\":[{\"@type\":\"ListItem\",\"position\":1,\"name\":\"Portada\",\"item\":\"https:\\\/\\\/vecinostrebaluger.com\\\/fr\\\/accueil\\\/\"},{\"@type\":\"ListItem\",\"position\":2,\"name\":\"Collecte des d\u00e9chets\"}]},{\"@type\":\"WebSite\",\"@id\":\"https:\\\/\\\/vecinostrebaluger.com\\\/fr\\\/#website\",\"url\":\"https:\\\/\\\/vecinostrebaluger.com\\\/fr\\\/\",\"name\":\"Vecinos Trebaluger\",\"description\":\"\",\"publisher\":{\"@id\":\"https:\\\/\\\/vecinostrebaluger.com\\\/fr\\\/#organization\"},\"potentialAction\":[{\"@type\":\"SearchAction\",\"target\":{\"@type\":\"EntryPoint\",\"urlTemplate\":\"https:\\\/\\\/vecinostrebaluger.com\\\/fr\\\/?s={search_term_string}\"},\"query-input\":{\"@type\":\"PropertyValueSpecification\",\"valueRequired\":true,\"valueName\":\"search_term_string\"}}],\"inLanguage\":\"fr-FR\"},{\"@type\":\"Organization\",\"@id\":\"https:\\\/\\\/vecinostrebaluger.com\\\/fr\\\/#organization\",\"name\":\"Vecinos Trebaluger\",\"url\":\"https:\\\/\\\/vecinostrebaluger.com\\\/fr\\\/\",\"logo\":{\"@type\":\"ImageObject\",\"inLanguage\":\"fr-FR\",\"@id\":\"https:\\\/\\\/vecinostrebaluger.com\\\/fr\\\/#\\\/schema\\\/logo\\\/image\\\/\",\"url\":\"https:\\\/\\\/vecinostrebaluger.com\\\/wp-content\\\/uploads\\\/2024\\\/02\\\/logo-horizontal-1.png\",\"contentUrl\":\"https:\\\/\\\/vecinostrebaluger.com\\\/wp-content\\\/uploads\\\/2024\\\/02\\\/logo-horizontal-1.png\",\"width\":303,\"height\":75,\"caption\":\"Vecinos Trebaluger\"},\"image\":{\"@id\":\"https:\\\/\\\/vecinostrebaluger.com\\\/fr\\\/#\\\/schema\\\/logo\\\/image\\\/\"}}]}<\/script>\n<!-- \/ Yoast SEO plugin. -->","yoast_head_json":{"title":"Collecte des d\u00e9chets -","robots":{"index":"index","follow":"follow","max-snippet":"max-snippet:-1","max-image-preview":"max-image-preview:large","max-video-preview":"max-video-preview:-1"},"canonical":"https:\/\/vecinostrebaluger.com\/fr\/collecte-des-dechets\/","og_locale":"fr_FR","og_type":"article","og_title":"Collecte des d\u00e9chets -","og_description":"Syst\u00e8me de collecte en porte-\u00e0-porte Nous avons travaill\u00e9 avec certaines des meilleures entreprises.","og_url":"https:\/\/vecinostrebaluger.com\/fr\/collecte-des-dechets\/","article_modified_time":"2025-06-02T15:34:26+00:00","og_image":[{"width":812,"height":560,"url":"https:\/\/vecinostrebaluger.com\/wp-content\/uploads\/2024\/02\/basura.png","type":"image\/png"}],"twitter_card":"summary_large_image","schema":{"@context":"https:\/\/schema.org","@graph":[{"@type":"WebPage","@id":"https:\/\/vecinostrebaluger.com\/fr\/collecte-des-dechets\/","url":"https:\/\/vecinostrebaluger.com\/fr\/collecte-des-dechets\/","name":"Collecte des d\u00e9chets -","isPartOf":{"@id":"https:\/\/vecinostrebaluger.com\/fr\/#website"},"primaryImageOfPage":{"@id":"https:\/\/vecinostrebaluger.com\/fr\/collecte-des-dechets\/#primaryimage"},"image":{"@id":"https:\/\/vecinostrebaluger.com\/fr\/collecte-des-dechets\/#primaryimage"},"thumbnailUrl":"https:\/\/vecinostrebaluger.com\/wp-content\/uploads\/2024\/02\/basura.png","datePublished":"2024-02-03T12:20:57+00:00","dateModified":"2025-06-02T15:34:26+00:00","breadcrumb":{"@id":"https:\/\/vecinostrebaluger.com\/fr\/collecte-des-dechets\/#breadcrumb"},"inLanguage":"fr-FR","potentialAction":[{"@type":"ReadAction","target":["https:\/\/vecinostrebaluger.com\/fr\/collecte-des-dechets\/"]}]},{"@type":"ImageObject","inLanguage":"fr-FR","@id":"https:\/\/vecinostrebaluger.com\/fr\/collecte-des-dechets\/#primaryimage","url":"https:\/\/vecinostrebaluger.com\/wp-content\/uploads\/2024\/02\/basura.png","contentUrl":"https:\/\/vecinostrebaluger.com\/wp-content\/uploads\/2024\/02\/basura.png"},{"@type":"BreadcrumbList","@id":"https:\/\/vecinostrebaluger.com\/fr\/collecte-des-dechets\/#breadcrumb","itemListElement":[{"@type":"ListItem","position":1,"name":"Portada","item":"https:\/\/vecinostrebaluger.com\/fr\/accueil\/"},{"@type":"ListItem","position":2,"name":"Collecte des d\u00e9chets"}]},{"@type":"WebSite","@id":"https:\/\/vecinostrebaluger.com\/fr\/#website","url":"https:\/\/vecinostrebaluger.com\/fr\/","name":"Vecinos Trebaluger","description":"","publisher":{"@id":"https:\/\/vecinostrebaluger.com\/fr\/#organization"},"potentialAction":[{"@type":"SearchAction","target":{"@type":"EntryPoint","urlTemplate":"https:\/\/vecinostrebaluger.com\/fr\/?s={search_term_string}"},"query-input":{"@type":"PropertyValueSpecification","valueRequired":true,"valueName":"search_term_string"}}],"inLanguage":"fr-FR"},{"@type":"Organization","@id":"https:\/\/vecinostrebaluger.com\/fr\/#organization","name":"Vecinos Trebaluger","url":"https:\/\/vecinostrebaluger.com\/fr\/","logo":{"@type":"ImageObject","inLanguage":"fr-FR","@id":"https:\/\/vecinostrebaluger.com\/fr\/#\/schema\/logo\/image\/","url":"https:\/\/vecinostrebaluger.com\/wp-content\/uploads\/2024\/02\/logo-horizontal-1.png","contentUrl":"https:\/\/vecinostrebaluger.com\/wp-content\/uploads\/2024\/02\/logo-horizontal-1.png","width":303,"height":75,"caption":"Vecinos Trebaluger"},"image":{"@id":"https:\/\/vecinostrebaluger.com\/fr\/#\/schema\/logo\/image\/"}}]}},"_links":{"self":[{"href":"https:\/\/vecinostrebaluger.com\/fr\/wp-json\/wp\/v2\/pages\/554","targetHints":{"allow":["GET"]}}],"collection":[{"href":"https:\/\/vecinostrebaluger.com\/fr\/wp-json\/wp\/v2\/pages"}],"about":[{"href":"https:\/\/vecinostrebaluger.com\/fr\/wp-json\/wp\/v2\/types\/page"}],"author":[{"embeddable":true,"href":"https:\/\/vecinostrebaluger.com\/fr\/wp-json\/wp\/v2\/users\/2"}],"replies":[{"embeddable":true,"href":"https:\/\/vecinostrebaluger.com\/fr\/wp-json\/wp\/v2\/comments?post=554"}],"version-history":[{"count":1,"href":"https:\/\/vecinostrebaluger.com\/fr\/wp-json\/wp\/v2\/pages\/554\/revisions"}],"predecessor-version":[{"id":560,"href":"https:\/\/vecinostrebaluger.com\/fr\/wp-json\/wp\/v2\/pages\/554\/revisions\/560"}],"wp:attachment":[{"href":"https:\/\/vecinostrebaluger.com\/fr\/wp-json\/wp\/v2\/media?parent=554"}],"curies":[{"name":"wp","href":"https:\/\/api.w.org\/{rel}","templated":true}]}}