{"id":561,"date":"2024-11-25T21:00:44","date_gmt":"2024-11-25T21:00:44","guid":{"rendered":"https:\/\/vecinostrebaluger.com\/partenaires\/"},"modified":"2025-06-02T15:34:26","modified_gmt":"2025-06-02T15:34:26","slug":"partenaires","status":"publish","type":"page","link":"https:\/\/vecinostrebaluger.com\/fr\/partenaires\/","title":{"rendered":"Partenaires"},"content":{"rendered":"\n<p>En utilisant le formulaire suivant, vous pourrez acc\u00e9der aux sections r\u00e9serv\u00e9es aux membres.<\/p>\n<div class=\"logged-out has-login-form wp-block-loginout\"><form name=\"loginform\" id=\"loginform\" action=\"https:\/\/vecinostrebaluger.com\/fr\/login-wp\/\" method=\"post\"><p class=\"login-username\">\n\t\t\t\t<label for=\"user_login\">Identifiant ou adresse e-mail<\/label>\n\t\t\t\t<input type=\"text\" name=\"log\" id=\"user_login\" autocomplete=\"username\" class=\"input\" value=\"\" size=\"20\" \/>\n\t\t\t<\/p><p class=\"login-password\">\n\t\t\t\t<label for=\"user_pass\">Mot de passe<\/label>\n\t\t\t\t<input type=\"password\" name=\"pwd\" id=\"user_pass\" autocomplete=\"current-password\" spellcheck=\"false\" class=\"input\" value=\"\" size=\"20\" \/>\n\t\t\t<\/p><p class=\"login-remember\"><label><input name=\"rememberme\" type=\"checkbox\" id=\"rememberme\" value=\"forever\" \/> Se souvenir de moi<\/label><\/p><p class=\"login-submit\">\n\t\t\t\t<input type=\"submit\" name=\"wp-submit\" id=\"wp-submit\" class=\"button button-primary\" value=\"Se connecter\" \/>\n\t\t\t\t<input type=\"hidden\" name=\"redirect_to\" value=\"https:\/\/vecinostrebaluger.com\/fr\/wp-json\/wp\/v2\/pages\/561\" \/>\n\t\t\t<\/p><\/form><\/div>","protected":false},"excerpt":{"rendered":"<p>En utilisant le formulaire suivant, vous pourrez acc\u00e9der aux sections r\u00e9serv\u00e9es aux membres.<\/p>\n","protected":false},"author":1,"featured_media":0,"parent":0,"menu_order":0,"comment_status":"closed","ping_status":"closed","template":"","meta":{"om_disable_all_campaigns":false,"_monsterinsights_skip_tracking":false,"_monsterinsights_sitenote_active":false,"_monsterinsights_sitenote_note":"","_monsterinsights_sitenote_category":0,"footnotes":""},"class_list":["post-561","page","type-page","status-publish","hentry"],"yoast_head":"<!-- This site is optimized with the Yoast SEO plugin v27.5 - https:\/\/yoast.com\/product\/yoast-seo-wordpress\/ -->\n<title>Partenaires -<\/title>\n<meta name=\"robots\" content=\"index, follow, max-snippet:-1, max-image-preview:large, max-video-preview:-1\" \/>\n<link rel=\"canonical\" href=\"https:\/\/vecinostrebaluger.com\/fr\/partenaires\/\" \/>\n<meta property=\"og:locale\" content=\"fr_FR\" \/>\n<meta property=\"og:type\" content=\"article\" \/>\n<meta property=\"og:title\" content=\"Partenaires -\" \/>\n<meta property=\"og:description\" content=\"En utilisant le formulaire suivant, vous pourrez acc\u00e9der aux sections r\u00e9serv\u00e9es aux membres.\" \/>\n<meta property=\"og:url\" content=\"https:\/\/vecinostrebaluger.com\/fr\/partenaires\/\" \/>\n<meta property=\"article:modified_time\" content=\"2025-06-02T15:34:26+00:00\" \/>\n<meta name=\"twitter:card\" content=\"summary_large_image\" \/>\n<script type=\"application\/ld+json\" class=\"yoast-schema-graph\">{\"@context\":\"https:\\\/\\\/schema.org\",\"@graph\":[{\"@type\":\"WebPage\",\"@id\":\"https:\\\/\\\/vecinostrebaluger.com\\\/fr\\\/partenaires\\\/\",\"url\":\"https:\\\/\\\/vecinostrebaluger.com\\\/fr\\\/partenaires\\\/\",\"name\":\"Partenaires -\",\"isPartOf\":{\"@id\":\"https:\\\/\\\/vecinostrebaluger.com\\\/fr\\\/#website\"},\"datePublished\":\"2024-11-25T21:00:44+00:00\",\"dateModified\":\"2025-06-02T15:34:26+00:00\",\"breadcrumb\":{\"@id\":\"https:\\\/\\\/vecinostrebaluger.com\\\/fr\\\/partenaires\\\/#breadcrumb\"},\"inLanguage\":\"fr-FR\",\"potentialAction\":[{\"@type\":\"ReadAction\",\"target\":[\"https:\\\/\\\/vecinostrebaluger.com\\\/fr\\\/partenaires\\\/\"]}]},{\"@type\":\"BreadcrumbList\",\"@id\":\"https:\\\/\\\/vecinostrebaluger.com\\\/fr\\\/partenaires\\\/#breadcrumb\",\"itemListElement\":[{\"@type\":\"ListItem\",\"position\":1,\"name\":\"Portada\",\"item\":\"https:\\\/\\\/vecinostrebaluger.com\\\/fr\\\/accueil\\\/\"},{\"@type\":\"ListItem\",\"position\":2,\"name\":\"Partenaires\"}]},{\"@type\":\"WebSite\",\"@id\":\"https:\\\/\\\/vecinostrebaluger.com\\\/fr\\\/#website\",\"url\":\"https:\\\/\\\/vecinostrebaluger.com\\\/fr\\\/\",\"name\":\"Vecinos Trebaluger\",\"description\":\"\",\"publisher\":{\"@id\":\"https:\\\/\\\/vecinostrebaluger.com\\\/fr\\\/#organization\"},\"potentialAction\":[{\"@type\":\"SearchAction\",\"target\":{\"@type\":\"EntryPoint\",\"urlTemplate\":\"https:\\\/\\\/vecinostrebaluger.com\\\/fr\\\/?s={search_term_string}\"},\"query-input\":{\"@type\":\"PropertyValueSpecification\",\"valueRequired\":true,\"valueName\":\"search_term_string\"}}],\"inLanguage\":\"fr-FR\"},{\"@type\":\"Organization\",\"@id\":\"https:\\\/\\\/vecinostrebaluger.com\\\/fr\\\/#organization\",\"name\":\"Vecinos Trebaluger\",\"url\":\"https:\\\/\\\/vecinostrebaluger.com\\\/fr\\\/\",\"logo\":{\"@type\":\"ImageObject\",\"inLanguage\":\"fr-FR\",\"@id\":\"https:\\\/\\\/vecinostrebaluger.com\\\/fr\\\/#\\\/schema\\\/logo\\\/image\\\/\",\"url\":\"https:\\\/\\\/vecinostrebaluger.com\\\/wp-content\\\/uploads\\\/2024\\\/02\\\/logo-horizontal-1.png\",\"contentUrl\":\"https:\\\/\\\/vecinostrebaluger.com\\\/wp-content\\\/uploads\\\/2024\\\/02\\\/logo-horizontal-1.png\",\"width\":303,\"height\":75,\"caption\":\"Vecinos Trebaluger\"},\"image\":{\"@id\":\"https:\\\/\\\/vecinostrebaluger.com\\\/fr\\\/#\\\/schema\\\/logo\\\/image\\\/\"}}]}<\/script>\n<!-- \/ Yoast SEO plugin. -->","yoast_head_json":{"title":"Partenaires -","robots":{"index":"index","follow":"follow","max-snippet":"max-snippet:-1","max-image-preview":"max-image-preview:large","max-video-preview":"max-video-preview:-1"},"canonical":"https:\/\/vecinostrebaluger.com\/fr\/partenaires\/","og_locale":"fr_FR","og_type":"article","og_title":"Partenaires -","og_description":"En utilisant le formulaire suivant, vous pourrez acc\u00e9der aux sections r\u00e9serv\u00e9es aux membres.","og_url":"https:\/\/vecinostrebaluger.com\/fr\/partenaires\/","article_modified_time":"2025-06-02T15:34:26+00:00","twitter_card":"summary_large_image","schema":{"@context":"https:\/\/schema.org","@graph":[{"@type":"WebPage","@id":"https:\/\/vecinostrebaluger.com\/fr\/partenaires\/","url":"https:\/\/vecinostrebaluger.com\/fr\/partenaires\/","name":"Partenaires -","isPartOf":{"@id":"https:\/\/vecinostrebaluger.com\/fr\/#website"},"datePublished":"2024-11-25T21:00:44+00:00","dateModified":"2025-06-02T15:34:26+00:00","breadcrumb":{"@id":"https:\/\/vecinostrebaluger.com\/fr\/partenaires\/#breadcrumb"},"inLanguage":"fr-FR","potentialAction":[{"@type":"ReadAction","target":["https:\/\/vecinostrebaluger.com\/fr\/partenaires\/"]}]},{"@type":"BreadcrumbList","@id":"https:\/\/vecinostrebaluger.com\/fr\/partenaires\/#breadcrumb","itemListElement":[{"@type":"ListItem","position":1,"name":"Portada","item":"https:\/\/vecinostrebaluger.com\/fr\/accueil\/"},{"@type":"ListItem","position":2,"name":"Partenaires"}]},{"@type":"WebSite","@id":"https:\/\/vecinostrebaluger.com\/fr\/#website","url":"https:\/\/vecinostrebaluger.com\/fr\/","name":"Vecinos Trebaluger","description":"","publisher":{"@id":"https:\/\/vecinostrebaluger.com\/fr\/#organization"},"potentialAction":[{"@type":"SearchAction","target":{"@type":"EntryPoint","urlTemplate":"https:\/\/vecinostrebaluger.com\/fr\/?s={search_term_string}"},"query-input":{"@type":"PropertyValueSpecification","valueRequired":true,"valueName":"search_term_string"}}],"inLanguage":"fr-FR"},{"@type":"Organization","@id":"https:\/\/vecinostrebaluger.com\/fr\/#organization","name":"Vecinos Trebaluger","url":"https:\/\/vecinostrebaluger.com\/fr\/","logo":{"@type":"ImageObject","inLanguage":"fr-FR","@id":"https:\/\/vecinostrebaluger.com\/fr\/#\/schema\/logo\/image\/","url":"https:\/\/vecinostrebaluger.com\/wp-content\/uploads\/2024\/02\/logo-horizontal-1.png","contentUrl":"https:\/\/vecinostrebaluger.com\/wp-content\/uploads\/2024\/02\/logo-horizontal-1.png","width":303,"height":75,"caption":"Vecinos Trebaluger"},"image":{"@id":"https:\/\/vecinostrebaluger.com\/fr\/#\/schema\/logo\/image\/"}}]}},"_links":{"self":[{"href":"https:\/\/vecinostrebaluger.com\/fr\/wp-json\/wp\/v2\/pages\/561","targetHints":{"allow":["GET"]}}],"collection":[{"href":"https:\/\/vecinostrebaluger.com\/fr\/wp-json\/wp\/v2\/pages"}],"about":[{"href":"https:\/\/vecinostrebaluger.com\/fr\/wp-json\/wp\/v2\/types\/page"}],"author":[{"embeddable":true,"href":"https:\/\/vecinostrebaluger.com\/fr\/wp-json\/wp\/v2\/users\/1"}],"replies":[{"embeddable":true,"href":"https:\/\/vecinostrebaluger.com\/fr\/wp-json\/wp\/v2\/comments?post=561"}],"version-history":[{"count":1,"href":"https:\/\/vecinostrebaluger.com\/fr\/wp-json\/wp\/v2\/pages\/561\/revisions"}],"predecessor-version":[{"id":563,"href":"https:\/\/vecinostrebaluger.com\/fr\/wp-json\/wp\/v2\/pages\/561\/revisions\/563"}],"wp:attachment":[{"href":"https:\/\/vecinostrebaluger.com\/fr\/wp-json\/wp\/v2\/media?parent=561"}],"curies":[{"name":"wp","href":"https:\/\/api.w.org\/{rel}","templated":true}]}}