{"id":566,"date":"2024-02-02T20:51:10","date_gmt":"2024-02-02T20:51:10","guid":{"rendered":"https:\/\/vecinostrebaluger.com\/accueil\/"},"modified":"2025-06-02T15:34:27","modified_gmt":"2025-06-02T15:34:27","slug":"accueil","status":"publish","type":"page","link":"https:\/\/vecinostrebaluger.com\/fr\/","title":{"rendered":"Accueil"},"content":{"rendered":"\n<div class=\"wp-block-group alignfull has-global-padding is-layout-constrained wp-block-group-is-layout-constrained\">\n<div class=\"wp-block-cover alignfull is-light\" style=\"margin-top:0;min-height:501px;aspect-ratio:unset;\"><span aria-hidden=\"true\" class=\"wp-block-cover__background has-black-background-color has-background-dim-0 has-background-dim\"><\/span><img loading=\"lazy\" decoding=\"async\" width=\"1498\" height=\"998\" class=\"wp-block-cover__image-background wp-image-338\" alt=\"\" src=\"https:\/\/vecinostrebaluger.com\/wp-content\/uploads\/2024\/11\/19b44aad-3a7f-4adb-9418-ae238bd8cdd4.jpg\" style=\"object-position:57% 64%\" data-object-fit=\"cover\" data-object-position=\"57% 64%\" srcset=\"https:\/\/vecinostrebaluger.com\/wp-content\/uploads\/2024\/11\/19b44aad-3a7f-4adb-9418-ae238bd8cdd4.jpg 1498w, https:\/\/vecinostrebaluger.com\/wp-content\/uploads\/2024\/11\/19b44aad-3a7f-4adb-9418-ae238bd8cdd4-300x200.jpg 300w, https:\/\/vecinostrebaluger.com\/wp-content\/uploads\/2024\/11\/19b44aad-3a7f-4adb-9418-ae238bd8cdd4-1024x682.jpg 1024w, https:\/\/vecinostrebaluger.com\/wp-content\/uploads\/2024\/11\/19b44aad-3a7f-4adb-9418-ae238bd8cdd4-768x512.jpg 768w\" sizes=\"auto, (max-width: 1498px) 100vw, 1498px\" \/><div class=\"wp-block-cover__inner-container is-layout-flow wp-block-cover-is-layout-flow\">\n<div style=\"height:50px\" aria-hidden=\"true\" class=\"wp-block-spacer\"><\/div>\n<\/div><\/div>\n<\/div>\n\n<h2 class=\"wp-block-heading alignwide has-text-align-center has-x-large-font-size\">Association des voisins de Trebaluger<\/h2>\n\n<div style=\"height:32px\" aria-hidden=\"true\" class=\"wp-block-spacer\"><\/div>\n\n<p class=\"has-text-align-center\">Bonjour voisins et amis !<\/p>\n\n<p class=\"has-text-align-center\">Nous sommes heureux de vous accueillir chaleureusement sur le site officiel de la communaut\u00e9 Trebaluger, un espace cr\u00e9\u00e9 par et pour les r\u00e9sidents de notre quartier bien-aim\u00e9. Cet espace num\u00e9rique est le reflet de notre communaut\u00e9 vibrante et soud\u00e9e, con\u00e7u pour nous permettre de rester connect\u00e9s, inform\u00e9s et engag\u00e9s dans le bien-\u00eatre de tous ceux qui vivent \u00e0 Trebaluger. <\/p>\n\n<p class=\"has-text-align-center\">Ce site web appartient \u00e0 tout le monde et est destin\u00e9 \u00e0 tous les membres de notre communaut\u00e9. Nous vous invitons \u00e0 l&rsquo;explorer, \u00e0 y participer activement et \u00e0 contribuer \u00e0 faire de Trebaluger un lieu de vie encore plus agr\u00e9able. <\/p>\n\n<p class=\"has-text-align-center\"><strong>Bienvenue et profitez de notre coin du site web !<\/strong><\/p>\n","protected":false},"excerpt":{"rendered":"<p>Association des voisins de Trebaluger Bonjour voisins et amis ! Nous sommes heureux de vous accueillir chaleureusement sur le site officiel de la communaut\u00e9 Trebaluger, un espace cr\u00e9\u00e9 par et pour les r\u00e9sidents de notre quartier bien-aim\u00e9. Cet espace num\u00e9rique est le reflet de notre communaut\u00e9 vibrante et soud\u00e9e, con\u00e7u pour nous permettre de rester [&hellip;]<\/p>\n","protected":false},"author":1,"featured_media":0,"parent":0,"menu_order":0,"comment_status":"closed","ping_status":"closed","template":"page-no-title","meta":{"om_disable_all_campaigns":false,"_monsterinsights_skip_tracking":false,"_monsterinsights_sitenote_active":false,"_monsterinsights_sitenote_note":"","_monsterinsights_sitenote_category":0,"footnotes":""},"class_list":["post-566","page","type-page","status-publish","hentry"],"yoast_head":"<!-- This site is optimized with the Yoast SEO plugin v27.5 - https:\/\/yoast.com\/product\/yoast-seo-wordpress\/ -->\n<title>Accueil -<\/title>\n<meta name=\"robots\" content=\"index, follow, max-snippet:-1, max-image-preview:large, max-video-preview:-1\" \/>\n<link rel=\"canonical\" href=\"https:\/\/vecinostrebaluger.com\/fr\/\" \/>\n<meta property=\"og:locale\" content=\"fr_FR\" \/>\n<meta property=\"og:type\" content=\"article\" \/>\n<meta property=\"og:title\" content=\"Accueil -\" \/>\n<meta property=\"og:description\" content=\"Association des voisins de Trebaluger Bonjour voisins et amis ! Nous sommes heureux de vous accueillir chaleureusement sur le site officiel de la communaut\u00e9 Trebaluger, un espace cr\u00e9\u00e9 par et pour les r\u00e9sidents de notre quartier bien-aim\u00e9. Cet espace num\u00e9rique est le reflet de notre communaut\u00e9 vibrante et soud\u00e9e, con\u00e7u pour nous permettre de rester [&hellip;]\" \/>\n<meta property=\"og:url\" content=\"https:\/\/vecinostrebaluger.com\/fr\/\" \/>\n<meta property=\"article:modified_time\" content=\"2025-06-02T15:34:27+00:00\" \/>\n<meta property=\"og:image\" content=\"https:\/\/vecinostrebaluger.com\/wp-content\/uploads\/2024\/11\/19b44aad-3a7f-4adb-9418-ae238bd8cdd4.jpg\" \/>\n\t<meta property=\"og:image:width\" content=\"1498\" \/>\n\t<meta property=\"og:image:height\" content=\"998\" \/>\n\t<meta property=\"og:image:type\" content=\"image\/jpeg\" \/>\n<meta name=\"twitter:card\" content=\"summary_large_image\" \/>\n<meta name=\"twitter:label1\" content=\"Dur\u00e9e de lecture estim\u00e9e\" \/>\n\t<meta name=\"twitter:data1\" content=\"1 minute\" \/>\n<script type=\"application\/ld+json\" class=\"yoast-schema-graph\">{\"@context\":\"https:\\\/\\\/schema.org\",\"@graph\":[{\"@type\":\"WebPage\",\"@id\":\"https:\\\/\\\/vecinostrebaluger.com\\\/fr\\\/\",\"url\":\"https:\\\/\\\/vecinostrebaluger.com\\\/fr\\\/\",\"name\":\"Accueil -\",\"isPartOf\":{\"@id\":\"https:\\\/\\\/vecinostrebaluger.com\\\/fr\\\/#website\"},\"primaryImageOfPage\":{\"@id\":\"https:\\\/\\\/vecinostrebaluger.com\\\/fr\\\/#primaryimage\"},\"image\":{\"@id\":\"https:\\\/\\\/vecinostrebaluger.com\\\/fr\\\/#primaryimage\"},\"thumbnailUrl\":\"https:\\\/\\\/vecinostrebaluger.com\\\/wp-content\\\/uploads\\\/2024\\\/11\\\/19b44aad-3a7f-4adb-9418-ae238bd8cdd4.jpg\",\"datePublished\":\"2024-02-02T20:51:10+00:00\",\"dateModified\":\"2025-06-02T15:34:27+00:00\",\"breadcrumb\":{\"@id\":\"https:\\\/\\\/vecinostrebaluger.com\\\/fr\\\/#breadcrumb\"},\"inLanguage\":\"fr-FR\",\"potentialAction\":[{\"@type\":\"ReadAction\",\"target\":[\"https:\\\/\\\/vecinostrebaluger.com\\\/fr\\\/\"]}]},{\"@type\":\"ImageObject\",\"inLanguage\":\"fr-FR\",\"@id\":\"https:\\\/\\\/vecinostrebaluger.com\\\/fr\\\/#primaryimage\",\"url\":\"https:\\\/\\\/vecinostrebaluger.com\\\/wp-content\\\/uploads\\\/2024\\\/11\\\/19b44aad-3a7f-4adb-9418-ae238bd8cdd4.jpg\",\"contentUrl\":\"https:\\\/\\\/vecinostrebaluger.com\\\/wp-content\\\/uploads\\\/2024\\\/11\\\/19b44aad-3a7f-4adb-9418-ae238bd8cdd4.jpg\"},{\"@type\":\"BreadcrumbList\",\"@id\":\"https:\\\/\\\/vecinostrebaluger.com\\\/fr\\\/#breadcrumb\",\"itemListElement\":[{\"@type\":\"ListItem\",\"position\":1,\"name\":\"Portada\",\"item\":\"https:\\\/\\\/vecinostrebaluger.com\\\/fr\\\/accueil\\\/\"},{\"@type\":\"ListItem\",\"position\":2,\"name\":\"Accueil\"}]},{\"@type\":\"WebSite\",\"@id\":\"https:\\\/\\\/vecinostrebaluger.com\\\/fr\\\/#website\",\"url\":\"https:\\\/\\\/vecinostrebaluger.com\\\/fr\\\/\",\"name\":\"Vecinos Trebaluger\",\"description\":\"\",\"publisher\":{\"@id\":\"https:\\\/\\\/vecinostrebaluger.com\\\/fr\\\/#organization\"},\"potentialAction\":[{\"@type\":\"SearchAction\",\"target\":{\"@type\":\"EntryPoint\",\"urlTemplate\":\"https:\\\/\\\/vecinostrebaluger.com\\\/fr\\\/?s={search_term_string}\"},\"query-input\":{\"@type\":\"PropertyValueSpecification\",\"valueRequired\":true,\"valueName\":\"search_term_string\"}}],\"inLanguage\":\"fr-FR\"},{\"@type\":\"Organization\",\"@id\":\"https:\\\/\\\/vecinostrebaluger.com\\\/fr\\\/#organization\",\"name\":\"Vecinos Trebaluger\",\"url\":\"https:\\\/\\\/vecinostrebaluger.com\\\/fr\\\/\",\"logo\":{\"@type\":\"ImageObject\",\"inLanguage\":\"fr-FR\",\"@id\":\"https:\\\/\\\/vecinostrebaluger.com\\\/fr\\\/#\\\/schema\\\/logo\\\/image\\\/\",\"url\":\"https:\\\/\\\/vecinostrebaluger.com\\\/wp-content\\\/uploads\\\/2024\\\/02\\\/logo-horizontal-1.png\",\"contentUrl\":\"https:\\\/\\\/vecinostrebaluger.com\\\/wp-content\\\/uploads\\\/2024\\\/02\\\/logo-horizontal-1.png\",\"width\":303,\"height\":75,\"caption\":\"Vecinos Trebaluger\"},\"image\":{\"@id\":\"https:\\\/\\\/vecinostrebaluger.com\\\/fr\\\/#\\\/schema\\\/logo\\\/image\\\/\"}}]}<\/script>\n<!-- \/ Yoast SEO plugin. -->","yoast_head_json":{"title":"Accueil -","robots":{"index":"index","follow":"follow","max-snippet":"max-snippet:-1","max-image-preview":"max-image-preview:large","max-video-preview":"max-video-preview:-1"},"canonical":"https:\/\/vecinostrebaluger.com\/fr\/","og_locale":"fr_FR","og_type":"article","og_title":"Accueil -","og_description":"Association des voisins de Trebaluger Bonjour voisins et amis ! Nous sommes heureux de vous accueillir chaleureusement sur le site officiel de la communaut\u00e9 Trebaluger, un espace cr\u00e9\u00e9 par et pour les r\u00e9sidents de notre quartier bien-aim\u00e9. Cet espace num\u00e9rique est le reflet de notre communaut\u00e9 vibrante et soud\u00e9e, con\u00e7u pour nous permettre de rester [&hellip;]","og_url":"https:\/\/vecinostrebaluger.com\/fr\/","article_modified_time":"2025-06-02T15:34:27+00:00","og_image":[{"width":1498,"height":998,"url":"https:\/\/vecinostrebaluger.com\/wp-content\/uploads\/2024\/11\/19b44aad-3a7f-4adb-9418-ae238bd8cdd4.jpg","type":"image\/jpeg"}],"twitter_card":"summary_large_image","twitter_misc":{"Dur\u00e9e de lecture estim\u00e9e":"1 minute"},"schema":{"@context":"https:\/\/schema.org","@graph":[{"@type":"WebPage","@id":"https:\/\/vecinostrebaluger.com\/fr\/","url":"https:\/\/vecinostrebaluger.com\/fr\/","name":"Accueil -","isPartOf":{"@id":"https:\/\/vecinostrebaluger.com\/fr\/#website"},"primaryImageOfPage":{"@id":"https:\/\/vecinostrebaluger.com\/fr\/#primaryimage"},"image":{"@id":"https:\/\/vecinostrebaluger.com\/fr\/#primaryimage"},"thumbnailUrl":"https:\/\/vecinostrebaluger.com\/wp-content\/uploads\/2024\/11\/19b44aad-3a7f-4adb-9418-ae238bd8cdd4.jpg","datePublished":"2024-02-02T20:51:10+00:00","dateModified":"2025-06-02T15:34:27+00:00","breadcrumb":{"@id":"https:\/\/vecinostrebaluger.com\/fr\/#breadcrumb"},"inLanguage":"fr-FR","potentialAction":[{"@type":"ReadAction","target":["https:\/\/vecinostrebaluger.com\/fr\/"]}]},{"@type":"ImageObject","inLanguage":"fr-FR","@id":"https:\/\/vecinostrebaluger.com\/fr\/#primaryimage","url":"https:\/\/vecinostrebaluger.com\/wp-content\/uploads\/2024\/11\/19b44aad-3a7f-4adb-9418-ae238bd8cdd4.jpg","contentUrl":"https:\/\/vecinostrebaluger.com\/wp-content\/uploads\/2024\/11\/19b44aad-3a7f-4adb-9418-ae238bd8cdd4.jpg"},{"@type":"BreadcrumbList","@id":"https:\/\/vecinostrebaluger.com\/fr\/#breadcrumb","itemListElement":[{"@type":"ListItem","position":1,"name":"Portada","item":"https:\/\/vecinostrebaluger.com\/fr\/accueil\/"},{"@type":"ListItem","position":2,"name":"Accueil"}]},{"@type":"WebSite","@id":"https:\/\/vecinostrebaluger.com\/fr\/#website","url":"https:\/\/vecinostrebaluger.com\/fr\/","name":"Vecinos Trebaluger","description":"","publisher":{"@id":"https:\/\/vecinostrebaluger.com\/fr\/#organization"},"potentialAction":[{"@type":"SearchAction","target":{"@type":"EntryPoint","urlTemplate":"https:\/\/vecinostrebaluger.com\/fr\/?s={search_term_string}"},"query-input":{"@type":"PropertyValueSpecification","valueRequired":true,"valueName":"search_term_string"}}],"inLanguage":"fr-FR"},{"@type":"Organization","@id":"https:\/\/vecinostrebaluger.com\/fr\/#organization","name":"Vecinos Trebaluger","url":"https:\/\/vecinostrebaluger.com\/fr\/","logo":{"@type":"ImageObject","inLanguage":"fr-FR","@id":"https:\/\/vecinostrebaluger.com\/fr\/#\/schema\/logo\/image\/","url":"https:\/\/vecinostrebaluger.com\/wp-content\/uploads\/2024\/02\/logo-horizontal-1.png","contentUrl":"https:\/\/vecinostrebaluger.com\/wp-content\/uploads\/2024\/02\/logo-horizontal-1.png","width":303,"height":75,"caption":"Vecinos Trebaluger"},"image":{"@id":"https:\/\/vecinostrebaluger.com\/fr\/#\/schema\/logo\/image\/"}}]}},"_links":{"self":[{"href":"https:\/\/vecinostrebaluger.com\/fr\/wp-json\/wp\/v2\/pages\/566","targetHints":{"allow":["GET"]}}],"collection":[{"href":"https:\/\/vecinostrebaluger.com\/fr\/wp-json\/wp\/v2\/pages"}],"about":[{"href":"https:\/\/vecinostrebaluger.com\/fr\/wp-json\/wp\/v2\/types\/page"}],"author":[{"embeddable":true,"href":"https:\/\/vecinostrebaluger.com\/fr\/wp-json\/wp\/v2\/users\/1"}],"replies":[{"embeddable":true,"href":"https:\/\/vecinostrebaluger.com\/fr\/wp-json\/wp\/v2\/comments?post=566"}],"version-history":[{"count":1,"href":"https:\/\/vecinostrebaluger.com\/fr\/wp-json\/wp\/v2\/pages\/566\/revisions"}],"predecessor-version":[{"id":570,"href":"https:\/\/vecinostrebaluger.com\/fr\/wp-json\/wp\/v2\/pages\/566\/revisions\/570"}],"wp:attachment":[{"href":"https:\/\/vecinostrebaluger.com\/fr\/wp-json\/wp\/v2\/media?parent=566"}],"curies":[{"name":"wp","href":"https:\/\/api.w.org\/{rel}","templated":true}]}}