{"id":571,"date":"2024-11-03T20:31:25","date_gmt":"2024-11-03T20:31:25","guid":{"rendered":"https:\/\/vecinostrebaluger.com\/lhistoire\/"},"modified":"2025-06-02T15:34:27","modified_gmt":"2025-06-02T15:34:27","slug":"lhistoire","status":"publish","type":"page","link":"https:\/\/vecinostrebaluger.com\/fr\/lhistoire\/","title":{"rendered":"L&rsquo;histoire"},"content":{"rendered":"\n<div class=\"wp-block-group alignfull has-base-2-background-color has-background has-global-padding is-layout-constrained wp-container-core-group-is-layout-669513ed wp-block-group-is-layout-constrained\" style=\"margin-top:0;margin-bottom:0;padding-top:var(--wp--preset--spacing--50);padding-right:var(--wp--preset--spacing--50);padding-bottom:var(--wp--preset--spacing--50);padding-left:var(--wp--preset--spacing--50)\">\n<div class=\"wp-block-columns alignwide is-layout-flex wp-container-core-columns-is-layout-1da03c2a wp-block-columns-is-layout-flex\">\n<div class=\"wp-block-column is-vertically-aligned-stretch is-layout-flow wp-block-column-is-layout-flow\" style=\"flex-basis:50%\">\n<div class=\"wp-block-group is-vertical is-content-justification-stretch is-layout-flex wp-container-core-group-is-layout-444d5ee8 wp-block-group-is-layout-flex\" style=\"min-height:100%\">\n<p>Le site de Trebal\u00fager \u00e0 Es Castell &#8211; \u00e0 ne pas confondre avec Trebal\u00fager \u00e0 Es Migjorn Gran &#8211; est habit\u00e9 depuis la pr\u00e9histoire, comme en t\u00e9moignent les nombreux vestiges m\u00e9galithiques et, surtout, les trois talayots qui forment un triangle dans son espace : les talayots de Trebal\u00fager, Torraixa et Binissa\u00efda.<\/p>\n\n\n\n<p>Un \u00e9l\u00e9ment cl\u00e9 pour la constitution du noyau de Trebal\u00fager serait Es Pou Gran, un puits \u00e0 tour. Autour de lui, il y avait trois grottes et &#8211; ce qui est plus inhabituel &#8211; jusqu&rsquo;\u00e0 trois cages \u00e0 treuil pour tirer de l&rsquo;eau avec un \u00e2ne ou un mulet, ainsi que des abreuvoirs et de petits jardins potagers pour planter des semis. Le puits \u00e9tait utilis\u00e9 par les roues \u00e0 eau et les maisons voisines, et il existait \u00e9galement tout un r\u00e9seau de chemins \u00e0 diff\u00e9rentes distances &#8211; certains sont encore identifiables &#8211; qui s&rsquo;\u00e9tendaient de mani\u00e8re radiale et servaient \u00e0 amener le b\u00e9tail \u00e0 \u00e9tancher sa soif. Ils venaient m\u00eame d&rsquo;endroits tr\u00e8s \u00e9loign\u00e9s, comme Es Barranc, pr\u00e8s de Sant Llu\u00eds. Aujourd&rsquo;hui, Es Pou Gran, qui a perdu sa fonction d&rsquo;origine, est recouvert de t\u00f4les dans une propri\u00e9t\u00e9 priv\u00e9e, mais ce r\u00e9seau de chemins pourrait \u00eatre \u00e0 l&rsquo;origine, \u00e0 l&rsquo;\u00e9poque historique, du noyau rural de Trebal\u00fager.    <\/p>\n\n\n\n<p>Dans la seconde moiti\u00e9 du XIXe si\u00e8cle, selon un recensement de 1873, 37 familles vivaient \u00e0 Trebal\u00fager, 19 \u00e0 Torraixa et 7 \u00e0 Binissa\u00efda, soit un total de 67 foyers. La m\u00eame source indique que toute la commune d&rsquo;Es Castell \u00e9tait habit\u00e9e par une population de 1 962 personnes r\u00e9parties en 512 familles. Par une simple op\u00e9ration math\u00e9matique, les 67 familles des trois noyaux ruraux mentionn\u00e9s ci-dessus pourraient avoir une population approximative de 250 habitants, qui, \u00e9tant \u00e0 la campagne, pourrait m\u00eame \u00eatre plus \u00e9lev\u00e9e.  <br\/><br\/>Pour en savoir plus sur l&rsquo;histoire de Trebal\u00fager <a href=\"https:\/\/vecinostrebaluger.com\/wp-content\/uploads\/2024\/11\/LIBRO-LES-ESCOLES-RURALS.pdf\">, cliquez ici.<\/a><\/p>\n<\/div>\n<\/div>\n\n\n\n<div class=\"wp-block-column is-vertically-aligned-center is-layout-flow wp-block-column-is-layout-flow\" style=\"flex-basis:50%\">\n<figure class=\"wp-block-gallery has-nested-images columns-default is-cropped wp-block-gallery-2 is-layout-flex wp-block-gallery-is-layout-flex\">\n<figure class=\"wp-block-image size-full is-style-rounded is-style-rounded--1\"><img loading=\"lazy\" decoding=\"async\" width=\"688\" height=\"512\" data-id=\"267\" src=\"https:\/\/vecinostrebaluger.com\/wp-content\/uploads\/2024\/11\/Screenshot-2024-11-03-at-21.28.43.jpg\" alt=\"\" class=\"wp-image-267\" style=\"aspect-ratio:3\/4;object-fit:cover\" srcset=\"https:\/\/vecinostrebaluger.com\/wp-content\/uploads\/2024\/11\/Screenshot-2024-11-03-at-21.28.43.jpg 688w, https:\/\/vecinostrebaluger.com\/wp-content\/uploads\/2024\/11\/Screenshot-2024-11-03-at-21.28.43-300x223.jpg 300w\" sizes=\"auto, (max-width: 688px) 100vw, 688px\" \/><\/figure>\n<\/figure>\n<\/div>\n<\/div>\n<\/div>\n\n<p><\/p>\n","protected":false},"excerpt":{"rendered":"<p>Le site de Trebal\u00fager \u00e0 Es Castell &#8211; \u00e0 ne pas confondre avec Trebal\u00fager \u00e0 Es Migjorn Gran &#8211; est habit\u00e9 depuis la pr\u00e9histoire, comme en t\u00e9moignent les nombreux vestiges m\u00e9galithiques et, surtout, les trois talayots qui forment un triangle dans son espace : les talayots de Trebal\u00fager, Torraixa et Binissa\u00efda. Un \u00e9l\u00e9ment cl\u00e9 pour [&hellip;]<\/p>\n","protected":false},"author":2,"featured_media":0,"parent":0,"menu_order":0,"comment_status":"closed","ping_status":"closed","template":"","meta":{"om_disable_all_campaigns":false,"_monsterinsights_skip_tracking":false,"_monsterinsights_sitenote_active":false,"_monsterinsights_sitenote_note":"","_monsterinsights_sitenote_category":0,"footnotes":""},"class_list":["post-571","page","type-page","status-publish","hentry"],"yoast_head":"<!-- This site is optimized with the Yoast SEO plugin v27.5 - https:\/\/yoast.com\/product\/yoast-seo-wordpress\/ -->\n<title>L&#039;histoire -<\/title>\n<meta name=\"robots\" content=\"index, follow, max-snippet:-1, max-image-preview:large, max-video-preview:-1\" \/>\n<link rel=\"canonical\" href=\"https:\/\/vecinostrebaluger.com\/fr\/lhistoire\/\" \/>\n<meta property=\"og:locale\" content=\"fr_FR\" \/>\n<meta property=\"og:type\" content=\"article\" \/>\n<meta property=\"og:title\" content=\"L&#039;histoire -\" \/>\n<meta property=\"og:description\" content=\"Le site de Trebal\u00fager \u00e0 Es Castell &#8211; \u00e0 ne pas confondre avec Trebal\u00fager \u00e0 Es Migjorn Gran &#8211; est habit\u00e9 depuis la pr\u00e9histoire, comme en t\u00e9moignent les nombreux vestiges m\u00e9galithiques et, surtout, les trois talayots qui forment un triangle dans son espace : les talayots de Trebal\u00fager, Torraixa et Binissa\u00efda. Un \u00e9l\u00e9ment cl\u00e9 pour [&hellip;]\" \/>\n<meta property=\"og:url\" content=\"https:\/\/vecinostrebaluger.com\/fr\/lhistoire\/\" \/>\n<meta property=\"article:modified_time\" content=\"2025-06-02T15:34:27+00:00\" \/>\n<meta property=\"og:image\" content=\"https:\/\/vecinostrebaluger.com\/wp-content\/uploads\/2024\/11\/Screenshot-2024-11-03-at-21.28.43.jpg\" \/>\n\t<meta property=\"og:image:width\" content=\"688\" \/>\n\t<meta property=\"og:image:height\" content=\"512\" \/>\n\t<meta property=\"og:image:type\" content=\"image\/jpeg\" \/>\n<meta name=\"twitter:card\" content=\"summary_large_image\" \/>\n<meta name=\"twitter:label1\" content=\"Dur\u00e9e de lecture estim\u00e9e\" \/>\n\t<meta name=\"twitter:data1\" content=\"2 minutes\" \/>\n<script type=\"application\/ld+json\" class=\"yoast-schema-graph\">{\"@context\":\"https:\\\/\\\/schema.org\",\"@graph\":[{\"@type\":\"WebPage\",\"@id\":\"https:\\\/\\\/vecinostrebaluger.com\\\/fr\\\/lhistoire\\\/\",\"url\":\"https:\\\/\\\/vecinostrebaluger.com\\\/fr\\\/lhistoire\\\/\",\"name\":\"L'histoire -\",\"isPartOf\":{\"@id\":\"https:\\\/\\\/vecinostrebaluger.com\\\/fr\\\/#website\"},\"primaryImageOfPage\":{\"@id\":\"https:\\\/\\\/vecinostrebaluger.com\\\/fr\\\/lhistoire\\\/#primaryimage\"},\"image\":{\"@id\":\"https:\\\/\\\/vecinostrebaluger.com\\\/fr\\\/lhistoire\\\/#primaryimage\"},\"thumbnailUrl\":\"https:\\\/\\\/vecinostrebaluger.com\\\/wp-content\\\/uploads\\\/2024\\\/11\\\/Screenshot-2024-11-03-at-21.28.43.jpg\",\"datePublished\":\"2024-11-03T20:31:25+00:00\",\"dateModified\":\"2025-06-02T15:34:27+00:00\",\"breadcrumb\":{\"@id\":\"https:\\\/\\\/vecinostrebaluger.com\\\/fr\\\/lhistoire\\\/#breadcrumb\"},\"inLanguage\":\"fr-FR\",\"potentialAction\":[{\"@type\":\"ReadAction\",\"target\":[\"https:\\\/\\\/vecinostrebaluger.com\\\/fr\\\/lhistoire\\\/\"]}]},{\"@type\":\"ImageObject\",\"inLanguage\":\"fr-FR\",\"@id\":\"https:\\\/\\\/vecinostrebaluger.com\\\/fr\\\/lhistoire\\\/#primaryimage\",\"url\":\"https:\\\/\\\/vecinostrebaluger.com\\\/wp-content\\\/uploads\\\/2024\\\/11\\\/Screenshot-2024-11-03-at-21.28.43.jpg\",\"contentUrl\":\"https:\\\/\\\/vecinostrebaluger.com\\\/wp-content\\\/uploads\\\/2024\\\/11\\\/Screenshot-2024-11-03-at-21.28.43.jpg\"},{\"@type\":\"BreadcrumbList\",\"@id\":\"https:\\\/\\\/vecinostrebaluger.com\\\/fr\\\/lhistoire\\\/#breadcrumb\",\"itemListElement\":[{\"@type\":\"ListItem\",\"position\":1,\"name\":\"Portada\",\"item\":\"https:\\\/\\\/vecinostrebaluger.com\\\/fr\\\/accueil\\\/\"},{\"@type\":\"ListItem\",\"position\":2,\"name\":\"L&#8217;histoire\"}]},{\"@type\":\"WebSite\",\"@id\":\"https:\\\/\\\/vecinostrebaluger.com\\\/fr\\\/#website\",\"url\":\"https:\\\/\\\/vecinostrebaluger.com\\\/fr\\\/\",\"name\":\"Vecinos Trebaluger\",\"description\":\"\",\"publisher\":{\"@id\":\"https:\\\/\\\/vecinostrebaluger.com\\\/fr\\\/#organization\"},\"potentialAction\":[{\"@type\":\"SearchAction\",\"target\":{\"@type\":\"EntryPoint\",\"urlTemplate\":\"https:\\\/\\\/vecinostrebaluger.com\\\/fr\\\/?s={search_term_string}\"},\"query-input\":{\"@type\":\"PropertyValueSpecification\",\"valueRequired\":true,\"valueName\":\"search_term_string\"}}],\"inLanguage\":\"fr-FR\"},{\"@type\":\"Organization\",\"@id\":\"https:\\\/\\\/vecinostrebaluger.com\\\/fr\\\/#organization\",\"name\":\"Vecinos Trebaluger\",\"url\":\"https:\\\/\\\/vecinostrebaluger.com\\\/fr\\\/\",\"logo\":{\"@type\":\"ImageObject\",\"inLanguage\":\"fr-FR\",\"@id\":\"https:\\\/\\\/vecinostrebaluger.com\\\/fr\\\/#\\\/schema\\\/logo\\\/image\\\/\",\"url\":\"https:\\\/\\\/vecinostrebaluger.com\\\/wp-content\\\/uploads\\\/2024\\\/02\\\/logo-horizontal-1.png\",\"contentUrl\":\"https:\\\/\\\/vecinostrebaluger.com\\\/wp-content\\\/uploads\\\/2024\\\/02\\\/logo-horizontal-1.png\",\"width\":303,\"height\":75,\"caption\":\"Vecinos Trebaluger\"},\"image\":{\"@id\":\"https:\\\/\\\/vecinostrebaluger.com\\\/fr\\\/#\\\/schema\\\/logo\\\/image\\\/\"}}]}<\/script>\n<!-- \/ Yoast SEO plugin. -->","yoast_head_json":{"title":"L'histoire -","robots":{"index":"index","follow":"follow","max-snippet":"max-snippet:-1","max-image-preview":"max-image-preview:large","max-video-preview":"max-video-preview:-1"},"canonical":"https:\/\/vecinostrebaluger.com\/fr\/lhistoire\/","og_locale":"fr_FR","og_type":"article","og_title":"L'histoire -","og_description":"Le site de Trebal\u00fager \u00e0 Es Castell &#8211; \u00e0 ne pas confondre avec Trebal\u00fager \u00e0 Es Migjorn Gran &#8211; est habit\u00e9 depuis la pr\u00e9histoire, comme en t\u00e9moignent les nombreux vestiges m\u00e9galithiques et, surtout, les trois talayots qui forment un triangle dans son espace : les talayots de Trebal\u00fager, Torraixa et Binissa\u00efda. Un \u00e9l\u00e9ment cl\u00e9 pour [&hellip;]","og_url":"https:\/\/vecinostrebaluger.com\/fr\/lhistoire\/","article_modified_time":"2025-06-02T15:34:27+00:00","og_image":[{"width":688,"height":512,"url":"https:\/\/vecinostrebaluger.com\/wp-content\/uploads\/2024\/11\/Screenshot-2024-11-03-at-21.28.43.jpg","type":"image\/jpeg"}],"twitter_card":"summary_large_image","twitter_misc":{"Dur\u00e9e de lecture estim\u00e9e":"2 minutes"},"schema":{"@context":"https:\/\/schema.org","@graph":[{"@type":"WebPage","@id":"https:\/\/vecinostrebaluger.com\/fr\/lhistoire\/","url":"https:\/\/vecinostrebaluger.com\/fr\/lhistoire\/","name":"L'histoire -","isPartOf":{"@id":"https:\/\/vecinostrebaluger.com\/fr\/#website"},"primaryImageOfPage":{"@id":"https:\/\/vecinostrebaluger.com\/fr\/lhistoire\/#primaryimage"},"image":{"@id":"https:\/\/vecinostrebaluger.com\/fr\/lhistoire\/#primaryimage"},"thumbnailUrl":"https:\/\/vecinostrebaluger.com\/wp-content\/uploads\/2024\/11\/Screenshot-2024-11-03-at-21.28.43.jpg","datePublished":"2024-11-03T20:31:25+00:00","dateModified":"2025-06-02T15:34:27+00:00","breadcrumb":{"@id":"https:\/\/vecinostrebaluger.com\/fr\/lhistoire\/#breadcrumb"},"inLanguage":"fr-FR","potentialAction":[{"@type":"ReadAction","target":["https:\/\/vecinostrebaluger.com\/fr\/lhistoire\/"]}]},{"@type":"ImageObject","inLanguage":"fr-FR","@id":"https:\/\/vecinostrebaluger.com\/fr\/lhistoire\/#primaryimage","url":"https:\/\/vecinostrebaluger.com\/wp-content\/uploads\/2024\/11\/Screenshot-2024-11-03-at-21.28.43.jpg","contentUrl":"https:\/\/vecinostrebaluger.com\/wp-content\/uploads\/2024\/11\/Screenshot-2024-11-03-at-21.28.43.jpg"},{"@type":"BreadcrumbList","@id":"https:\/\/vecinostrebaluger.com\/fr\/lhistoire\/#breadcrumb","itemListElement":[{"@type":"ListItem","position":1,"name":"Portada","item":"https:\/\/vecinostrebaluger.com\/fr\/accueil\/"},{"@type":"ListItem","position":2,"name":"L&#8217;histoire"}]},{"@type":"WebSite","@id":"https:\/\/vecinostrebaluger.com\/fr\/#website","url":"https:\/\/vecinostrebaluger.com\/fr\/","name":"Vecinos Trebaluger","description":"","publisher":{"@id":"https:\/\/vecinostrebaluger.com\/fr\/#organization"},"potentialAction":[{"@type":"SearchAction","target":{"@type":"EntryPoint","urlTemplate":"https:\/\/vecinostrebaluger.com\/fr\/?s={search_term_string}"},"query-input":{"@type":"PropertyValueSpecification","valueRequired":true,"valueName":"search_term_string"}}],"inLanguage":"fr-FR"},{"@type":"Organization","@id":"https:\/\/vecinostrebaluger.com\/fr\/#organization","name":"Vecinos Trebaluger","url":"https:\/\/vecinostrebaluger.com\/fr\/","logo":{"@type":"ImageObject","inLanguage":"fr-FR","@id":"https:\/\/vecinostrebaluger.com\/fr\/#\/schema\/logo\/image\/","url":"https:\/\/vecinostrebaluger.com\/wp-content\/uploads\/2024\/02\/logo-horizontal-1.png","contentUrl":"https:\/\/vecinostrebaluger.com\/wp-content\/uploads\/2024\/02\/logo-horizontal-1.png","width":303,"height":75,"caption":"Vecinos Trebaluger"},"image":{"@id":"https:\/\/vecinostrebaluger.com\/fr\/#\/schema\/logo\/image\/"}}]}},"_links":{"self":[{"href":"https:\/\/vecinostrebaluger.com\/fr\/wp-json\/wp\/v2\/pages\/571","targetHints":{"allow":["GET"]}}],"collection":[{"href":"https:\/\/vecinostrebaluger.com\/fr\/wp-json\/wp\/v2\/pages"}],"about":[{"href":"https:\/\/vecinostrebaluger.com\/fr\/wp-json\/wp\/v2\/types\/page"}],"author":[{"embeddable":true,"href":"https:\/\/vecinostrebaluger.com\/fr\/wp-json\/wp\/v2\/users\/2"}],"replies":[{"embeddable":true,"href":"https:\/\/vecinostrebaluger.com\/fr\/wp-json\/wp\/v2\/comments?post=571"}],"version-history":[{"count":1,"href":"https:\/\/vecinostrebaluger.com\/fr\/wp-json\/wp\/v2\/pages\/571\/revisions"}],"predecessor-version":[{"id":573,"href":"https:\/\/vecinostrebaluger.com\/fr\/wp-json\/wp\/v2\/pages\/571\/revisions\/573"}],"wp:attachment":[{"href":"https:\/\/vecinostrebaluger.com\/fr\/wp-json\/wp\/v2\/media?parent=571"}],"curies":[{"name":"wp","href":"https:\/\/api.w.org\/{rel}","templated":true}]}}