{"id":596,"date":"2024-10-12T11:22:12","date_gmt":"2024-10-12T11:22:12","guid":{"rendered":"https:\/\/vecinostrebaluger.com\/partenaires-2\/"},"modified":"2025-06-02T15:34:41","modified_gmt":"2025-06-02T15:34:41","slug":"partenaires-2","status":"publish","type":"page","link":"https:\/\/vecinostrebaluger.com\/fr\/partenaires-2\/","title":{"rendered":"Partenaires"},"content":{"rendered":"\n<div class=\"wp-block-group alignwide has-global-padding is-layout-constrained wp-block-group-is-layout-constrained\">\n<p style=\"margin-bottom:var(--wp--preset--spacing--40)\">Si vous \u00eates d\u00e9j\u00e0 membre, connectez-vous pour acc\u00e9der \u00e0 des contenus exclusifs r\u00e9serv\u00e9s aux membres.<br\/><br\/>Vous n \u00ab \u00eates pas encore membre ? Rejoignez notre communaut\u00e9 ! Vous pouvez devenir membre et profiter de tous les avantages \u00e0 partir d \u00bb<a href=\"https:\/\/vecinostrebaluger.com\/fr\/rejoignez-lassociation-de-quartier-trebaluger-et-participez-activement-a-la-vie-de-notre-communaute\/\">ici<\/a>.  <\/p>\n\n\n\n<p><\/p>\n\n\n<form name=\"eeBFEL\" id=\"eeBFEL\" action=\"https:\/\/vecinostrebaluger.com\/fr\/login-wp\/\" method=\"post\"><p class=\"login-username\">\n\t\t\t\t<label for=\"user_login\">Identifiant<\/label>\n\t\t\t\t<input type=\"text\" name=\"log\" id=\"user_login\" autocomplete=\"username\" class=\"input\" value=\"\" size=\"20\" \/>\n\t\t\t<\/p><p class=\"login-password\">\n\t\t\t\t<label for=\"user_pass\">Mot de passe<\/label>\n\t\t\t\t<input type=\"password\" name=\"pwd\" id=\"user_pass\" autocomplete=\"current-password\" spellcheck=\"false\" class=\"input\" value=\"\" size=\"20\" \/>\n\t\t\t<\/p><p class=\"login-submit\">\n\t\t\t\t<input type=\"submit\" name=\"wp-submit\" id=\"wp-submit\" class=\"button button-primary\" value=\"Se connecter\" \/>\n\t\t\t\t<input type=\"hidden\" name=\"redirect_to\" value=\"https:\/\/vecinostrebaluger.com\/comunidad\/foro\/\" \/>\n\t\t\t<\/p><\/form>\n<\/div>\n","protected":false},"excerpt":{"rendered":"<p>Si vous \u00eates d\u00e9j\u00e0 membre, connectez-vous pour acc\u00e9der \u00e0 des contenus exclusifs r\u00e9serv\u00e9s aux membres. Vous n \u00ab \u00eates pas encore membre ? Rejoignez notre communaut\u00e9 ! Vous pouvez devenir membre et profiter de tous les avantages \u00e0 partir d \u00bbici. Vous \u00eates d\u00e9j\u00e0 connect\u00e9, si vous voulez acc\u00e9der au forum cliquez ici ou cliquez [&hellip;]<\/p>\n","protected":false},"author":1,"featured_media":0,"parent":0,"menu_order":0,"comment_status":"closed","ping_status":"closed","template":"","meta":{"om_disable_all_campaigns":false,"_monsterinsights_skip_tracking":false,"_monsterinsights_sitenote_active":false,"_monsterinsights_sitenote_note":"","_monsterinsights_sitenote_category":0,"footnotes":""},"class_list":["post-596","page","type-page","status-publish","hentry"],"yoast_head":"<!-- This site is optimized with the Yoast SEO plugin v27.5 - https:\/\/yoast.com\/product\/yoast-seo-wordpress\/ -->\n<title>Partenaires -<\/title>\n<meta name=\"robots\" content=\"index, follow, max-snippet:-1, max-image-preview:large, max-video-preview:-1\" \/>\n<link rel=\"canonical\" href=\"https:\/\/vecinostrebaluger.com\/fr\/partenaires-2\/\" \/>\n<meta property=\"og:locale\" content=\"fr_FR\" \/>\n<meta property=\"og:type\" content=\"article\" \/>\n<meta property=\"og:title\" content=\"Partenaires -\" \/>\n<meta property=\"og:description\" content=\"Si vous \u00eates d\u00e9j\u00e0 membre, connectez-vous pour acc\u00e9der \u00e0 des contenus exclusifs r\u00e9serv\u00e9s aux membres. Vous n \u00ab \u00eates pas encore membre ? Rejoignez notre communaut\u00e9 ! Vous pouvez devenir membre et profiter de tous les avantages \u00e0 partir d \u00bbici. Vous \u00eates d\u00e9j\u00e0 connect\u00e9, si vous voulez acc\u00e9der au forum cliquez ici ou cliquez [&hellip;]\" \/>\n<meta property=\"og:url\" content=\"https:\/\/vecinostrebaluger.com\/fr\/partenaires-2\/\" \/>\n<meta property=\"article:modified_time\" content=\"2025-06-02T15:34:41+00:00\" \/>\n<meta name=\"twitter:card\" content=\"summary_large_image\" \/>\n<script type=\"application\/ld+json\" class=\"yoast-schema-graph\">{\"@context\":\"https:\\\/\\\/schema.org\",\"@graph\":[{\"@type\":\"WebPage\",\"@id\":\"https:\\\/\\\/vecinostrebaluger.com\\\/fr\\\/partenaires-2\\\/\",\"url\":\"https:\\\/\\\/vecinostrebaluger.com\\\/fr\\\/partenaires-2\\\/\",\"name\":\"Partenaires -\",\"isPartOf\":{\"@id\":\"https:\\\/\\\/vecinostrebaluger.com\\\/fr\\\/#website\"},\"datePublished\":\"2024-10-12T11:22:12+00:00\",\"dateModified\":\"2025-06-02T15:34:41+00:00\",\"breadcrumb\":{\"@id\":\"https:\\\/\\\/vecinostrebaluger.com\\\/fr\\\/partenaires-2\\\/#breadcrumb\"},\"inLanguage\":\"fr-FR\",\"potentialAction\":[{\"@type\":\"ReadAction\",\"target\":[\"https:\\\/\\\/vecinostrebaluger.com\\\/fr\\\/partenaires-2\\\/\"]}]},{\"@type\":\"BreadcrumbList\",\"@id\":\"https:\\\/\\\/vecinostrebaluger.com\\\/fr\\\/partenaires-2\\\/#breadcrumb\",\"itemListElement\":[{\"@type\":\"ListItem\",\"position\":1,\"name\":\"Portada\",\"item\":\"https:\\\/\\\/vecinostrebaluger.com\\\/fr\\\/accueil\\\/\"},{\"@type\":\"ListItem\",\"position\":2,\"name\":\"Partenaires\"}]},{\"@type\":\"WebSite\",\"@id\":\"https:\\\/\\\/vecinostrebaluger.com\\\/fr\\\/#website\",\"url\":\"https:\\\/\\\/vecinostrebaluger.com\\\/fr\\\/\",\"name\":\"Vecinos Trebaluger\",\"description\":\"\",\"publisher\":{\"@id\":\"https:\\\/\\\/vecinostrebaluger.com\\\/fr\\\/#organization\"},\"potentialAction\":[{\"@type\":\"SearchAction\",\"target\":{\"@type\":\"EntryPoint\",\"urlTemplate\":\"https:\\\/\\\/vecinostrebaluger.com\\\/fr\\\/?s={search_term_string}\"},\"query-input\":{\"@type\":\"PropertyValueSpecification\",\"valueRequired\":true,\"valueName\":\"search_term_string\"}}],\"inLanguage\":\"fr-FR\"},{\"@type\":\"Organization\",\"@id\":\"https:\\\/\\\/vecinostrebaluger.com\\\/fr\\\/#organization\",\"name\":\"Vecinos Trebaluger\",\"url\":\"https:\\\/\\\/vecinostrebaluger.com\\\/fr\\\/\",\"logo\":{\"@type\":\"ImageObject\",\"inLanguage\":\"fr-FR\",\"@id\":\"https:\\\/\\\/vecinostrebaluger.com\\\/fr\\\/#\\\/schema\\\/logo\\\/image\\\/\",\"url\":\"https:\\\/\\\/vecinostrebaluger.com\\\/wp-content\\\/uploads\\\/2024\\\/02\\\/logo-horizontal-1.png\",\"contentUrl\":\"https:\\\/\\\/vecinostrebaluger.com\\\/wp-content\\\/uploads\\\/2024\\\/02\\\/logo-horizontal-1.png\",\"width\":303,\"height\":75,\"caption\":\"Vecinos Trebaluger\"},\"image\":{\"@id\":\"https:\\\/\\\/vecinostrebaluger.com\\\/fr\\\/#\\\/schema\\\/logo\\\/image\\\/\"}}]}<\/script>\n<!-- \/ Yoast SEO plugin. -->","yoast_head_json":{"title":"Partenaires -","robots":{"index":"index","follow":"follow","max-snippet":"max-snippet:-1","max-image-preview":"max-image-preview:large","max-video-preview":"max-video-preview:-1"},"canonical":"https:\/\/vecinostrebaluger.com\/fr\/partenaires-2\/","og_locale":"fr_FR","og_type":"article","og_title":"Partenaires -","og_description":"Si vous \u00eates d\u00e9j\u00e0 membre, connectez-vous pour acc\u00e9der \u00e0 des contenus exclusifs r\u00e9serv\u00e9s aux membres. Vous n \u00ab \u00eates pas encore membre ? Rejoignez notre communaut\u00e9 ! Vous pouvez devenir membre et profiter de tous les avantages \u00e0 partir d \u00bbici. Vous \u00eates d\u00e9j\u00e0 connect\u00e9, si vous voulez acc\u00e9der au forum cliquez ici ou cliquez [&hellip;]","og_url":"https:\/\/vecinostrebaluger.com\/fr\/partenaires-2\/","article_modified_time":"2025-06-02T15:34:41+00:00","twitter_card":"summary_large_image","schema":{"@context":"https:\/\/schema.org","@graph":[{"@type":"WebPage","@id":"https:\/\/vecinostrebaluger.com\/fr\/partenaires-2\/","url":"https:\/\/vecinostrebaluger.com\/fr\/partenaires-2\/","name":"Partenaires -","isPartOf":{"@id":"https:\/\/vecinostrebaluger.com\/fr\/#website"},"datePublished":"2024-10-12T11:22:12+00:00","dateModified":"2025-06-02T15:34:41+00:00","breadcrumb":{"@id":"https:\/\/vecinostrebaluger.com\/fr\/partenaires-2\/#breadcrumb"},"inLanguage":"fr-FR","potentialAction":[{"@type":"ReadAction","target":["https:\/\/vecinostrebaluger.com\/fr\/partenaires-2\/"]}]},{"@type":"BreadcrumbList","@id":"https:\/\/vecinostrebaluger.com\/fr\/partenaires-2\/#breadcrumb","itemListElement":[{"@type":"ListItem","position":1,"name":"Portada","item":"https:\/\/vecinostrebaluger.com\/fr\/accueil\/"},{"@type":"ListItem","position":2,"name":"Partenaires"}]},{"@type":"WebSite","@id":"https:\/\/vecinostrebaluger.com\/fr\/#website","url":"https:\/\/vecinostrebaluger.com\/fr\/","name":"Vecinos Trebaluger","description":"","publisher":{"@id":"https:\/\/vecinostrebaluger.com\/fr\/#organization"},"potentialAction":[{"@type":"SearchAction","target":{"@type":"EntryPoint","urlTemplate":"https:\/\/vecinostrebaluger.com\/fr\/?s={search_term_string}"},"query-input":{"@type":"PropertyValueSpecification","valueRequired":true,"valueName":"search_term_string"}}],"inLanguage":"fr-FR"},{"@type":"Organization","@id":"https:\/\/vecinostrebaluger.com\/fr\/#organization","name":"Vecinos Trebaluger","url":"https:\/\/vecinostrebaluger.com\/fr\/","logo":{"@type":"ImageObject","inLanguage":"fr-FR","@id":"https:\/\/vecinostrebaluger.com\/fr\/#\/schema\/logo\/image\/","url":"https:\/\/vecinostrebaluger.com\/wp-content\/uploads\/2024\/02\/logo-horizontal-1.png","contentUrl":"https:\/\/vecinostrebaluger.com\/wp-content\/uploads\/2024\/02\/logo-horizontal-1.png","width":303,"height":75,"caption":"Vecinos Trebaluger"},"image":{"@id":"https:\/\/vecinostrebaluger.com\/fr\/#\/schema\/logo\/image\/"}}]}},"_links":{"self":[{"href":"https:\/\/vecinostrebaluger.com\/fr\/wp-json\/wp\/v2\/pages\/596","targetHints":{"allow":["GET"]}}],"collection":[{"href":"https:\/\/vecinostrebaluger.com\/fr\/wp-json\/wp\/v2\/pages"}],"about":[{"href":"https:\/\/vecinostrebaluger.com\/fr\/wp-json\/wp\/v2\/types\/page"}],"author":[{"embeddable":true,"href":"https:\/\/vecinostrebaluger.com\/fr\/wp-json\/wp\/v2\/users\/1"}],"replies":[{"embeddable":true,"href":"https:\/\/vecinostrebaluger.com\/fr\/wp-json\/wp\/v2\/comments?post=596"}],"version-history":[{"count":1,"href":"https:\/\/vecinostrebaluger.com\/fr\/wp-json\/wp\/v2\/pages\/596\/revisions"}],"predecessor-version":[{"id":603,"href":"https:\/\/vecinostrebaluger.com\/fr\/wp-json\/wp\/v2\/pages\/596\/revisions\/603"}],"wp:attachment":[{"href":"https:\/\/vecinostrebaluger.com\/fr\/wp-json\/wp\/v2\/media?parent=596"}],"curies":[{"name":"wp","href":"https:\/\/api.w.org\/{rel}","templated":true}]}}