{"id":828,"date":"2026-05-02T15:59:05","date_gmt":"2026-05-02T15:59:05","guid":{"rendered":"https:\/\/vecinostrebaluger.com\/avis-juridique\/"},"modified":"2026-05-02T16:29:31","modified_gmt":"2026-05-02T16:29:31","slug":"avis-juridique","status":"publish","type":"page","link":"https:\/\/vecinostrebaluger.com\/fr\/avis-juridique\/","title":{"rendered":"Avis juridique"},"content":{"rendered":"\n<div class=\"wp-block-group alignfull has-base-2-background-color has-background has-global-padding is-layout-constrained wp-block-group-is-layout-constrained\" style=\"margin-top:var(--wp--preset--spacing--10);margin-bottom:var(--wp--preset--spacing--10);padding-top:var(--wp--preset--spacing--30);padding-bottom:var(--wp--preset--spacing--30)\">\n<div class=\"wp-block-columns alignwide is-layout-flex wp-container-core-columns-is-layout-28f84493 wp-block-columns-is-layout-flex\">\n<div class=\"wp-block-column is-layout-flow wp-block-column-is-layout-flow\">\n<p>Afin de respecter l&rsquo;article 10 de la loi 34\/2002 sur les services de la soci\u00e9t\u00e9 de l&rsquo;information et le commerce \u00e9lectronique, nous informons les utilisateurs de nos donn\u00e9es :<\/p>\n\n\n\n<p>D\u00e9nomination sociale : ASOCIACI\u00d3N VECINOS CASERIO TREBALUGER  <\/p>\n\n\n\n<p>Si\u00e8ge social:CMNO. RAFALET, URB. TREBALUGER, 23, ES CASTELL, 07720 <\/p>\n\n\n\n<p>NUM\u00c9RO DE TVA : G57339806<\/p>\n\n\n\n<p>T\u00e9l\u00e9phone : 680576244  <\/p>\n\n\n\n<p>E-Mail : TREBELUGER@GMAIL.COM<\/p>\n\n\n\n<p>Site web : HTTPS:\/\/VECINOSTREBALUGER.COM\/<\/p>\n\n\n\n<p>Donn\u00e9es du registre : REGISTRO DE ASOCIACIONES DE LAS ISLAS BALEARES N\u00ba311000001557<\/p>\n\n\n\n<h4 class=\"wp-block-heading\"><strong>1) OBJECTIF<\/strong><\/h4>\n\n\n\n<p><strong>ASOCIACI\u00d3N VECINOS CASERIO TREBALUGER <\/strong> (ci-apr\u00e8s le fournisseur), en tant que responsable du site web, met \u00e0 la disposition des utilisateurs ce document qui r\u00e9gule l&rsquo;utilisation du site web HTTPS:\/\/VECINOSTREBALUGER.COM\/, avec lequel nous entendons respecter les obligations de la Loi 34\/2002, des Services de la Soci\u00e9t\u00e9 de l&rsquo;Information et du Commerce \u00c9lectronique (LSSICE ou LSSI), et informer tous les utilisateurs du site web sur les conditions d&rsquo;utilisation du site web.<\/p>\n\n\n\n<p>\u00c0 travers le Web, <strong>ASOCIACI\u00d3N VECINOS CASERIO TREBALUGER <\/strong> fournit aux utilisateurs l&rsquo;acc\u00e8s et l&rsquo;utilisation de diff\u00e9rents services et contenus mis \u00e0 disposition \u00e0 travers le Web.<\/p>\n\n\n\n<p>Toute personne acc\u00e9dant \u00e0 ce site web assume le r\u00f4le d&rsquo;utilisateur (ci-apr\u00e8s l&rsquo;utilisateur), et implique l&rsquo;acceptation pleine et enti\u00e8re de toutes les dispositions incluses dans le pr\u00e9sent avis juridique, ainsi que de toutes les autres dispositions l\u00e9gales applicables.<\/p>\n\n\n\n<p>En tant qu&rsquo;utilisateurs, vous devez lire attentivement le pr\u00e9sent avis juridique chaque fois que vous acc\u00e9dez au site Web, car il peut faire l&rsquo;objet de modifications, le fournisseur se r\u00e9servant le droit de modifier tout type d&rsquo;information pouvant figurer sur le site Web, sans obligation de pr\u00e9avis ni d&rsquo;informer les utilisateurs de ces obligations, la publication sur le site Web du fournisseur \u00e9tant suffisante.<\/p>\n\n\n\n<h4 class=\"wp-block-heading\"><strong>2. CONDITIONS D&rsquo;ACC\u00c8S ET D&rsquo;UTILISATION DU SITE WEB<\/strong><\/h4>\n\n\n\n<p><strong>2.1. Acc\u00e8s et utilisation gratuits du site<\/strong><\/p>\n\n\n\n<p>La prestation de services par <strong>ASOCIACI\u00d3N VECINOS CASERIO TREBALUGER <\/strong> est gratuite pour tous les utilisateurs. Cependant, certains des services fournis par le fournisseur \u00e0 travers le Web sont soumis au paiement d&rsquo;un prix d\u00e9termin\u00e9 dans les conditions g\u00e9n\u00e9rales du contrat. <\/p>\n\n\n\n<p><strong>2.2. Enregistrement de l&rsquo;utilisateur<\/strong><\/p>\n\n\n\n<p>En g\u00e9n\u00e9ral, la prestation de services ne n\u00e9cessite pas d&rsquo;inscription ou d&rsquo;enregistrement pr\u00e9alable des utilisateurs. Cependant, <strong>ASOCIACI\u00d3N VECINOS CASERIO TREBALUGER <\/strong> conditionne l&rsquo;utilisation de certains services \u00e0 la r\u00e9alisation pr\u00e9alable de l&rsquo;enregistrement de l&rsquo;utilisateur correspondant. Cet enregistrement sera effectu\u00e9 de la mani\u00e8re express\u00e9ment indiqu\u00e9e dans la section du service elle-m\u00eame.  <\/p>\n\n\n\n<p><strong>2.3. V\u00e9racit\u00e9 des informations<\/strong><\/p>\n\n\n\n<p>Toutes les informations fournies par l&rsquo;utilisateur doivent \u00eatre v\u00e9ridiques. \u00c0 cette fin, l&rsquo;utilisateur garantit l&rsquo;authenticit\u00e9 des donn\u00e9es communiqu\u00e9es par le biais des formulaires de souscription aux services. Il est de la responsabilit\u00e9 de l&rsquo;Utilisateur de maintenir \u00e0 jour en permanence toutes les informations fournies \u00e0 <strong>ASOCIACI\u00d3N VECINOS CASERIO TREBALUGER <\/strong> afin qu&rsquo;elles correspondent, \u00e0 tout moment, \u00e0 sa situation r\u00e9elle. Dans tous les cas, l&rsquo;utilisateur sera seul responsable des d\u00e9clarations fausses ou inexactes qu&rsquo;il aura faites et des dommages qu&rsquo;il aura caus\u00e9s au prestataire ou \u00e0 des tiers.   <\/p>\n\n\n\n<p><strong>2.4. Mineurs<\/strong><\/p>\n\n\n\n<p>Pour utiliser les services, les mineurs doivent toujours obtenir le consentement pr\u00e9alable de leurs parents, tuteurs ou repr\u00e9sentants l\u00e9gaux, qui sont responsables en dernier ressort de tous les actes accomplis par les mineurs dont ils ont la charge. C&rsquo;est pourquoi, s&rsquo;ils acc\u00e8dent \u00e0 des contenus inappropri\u00e9s sur Internet, des m\u00e9canismes devront \u00eatre mis en place sur leurs ordinateurs, en particulier des programmes informatiques, des filtres et des blocs, qui permettent de limiter les contenus disponibles et qui, bien qu&rsquo;ils ne soient pas infaillibles, sont particuli\u00e8rement utiles pour contr\u00f4ler et restreindre le mat\u00e9riel auquel les mineurs peuvent acc\u00e9der. <\/p>\n\n\n\n<p><strong>2.5. Obligation d&rsquo;utiliser correctement le site web<\/strong><\/p>\n\n\n\n<p>L&rsquo;utilisateur s&rsquo;engage \u00e0 utiliser le site Web conform\u00e9ment \u00e0 la loi et au pr\u00e9sent avis juridique, ainsi qu&rsquo;\u00e0 la morale et aux bonnes m\u0153urs. \u00c0 cette fin, l&rsquo;utilisateur s&rsquo;abstiendra d&rsquo;utiliser la page \u00e0 des fins illicites ou interdites, pr\u00e9judiciables aux droits et aux int\u00e9r\u00eats de tiers, ou susceptibles d&rsquo;endommager, de rendre inutilisable, de surcharger, de d\u00e9t\u00e9riorer ou d&#8217;emp\u00eacher l&rsquo;utilisation normale des \u00e9quipements informatiques ou des documents, des fichiers et de tout type de contenu stock\u00e9 dans n&rsquo;importe quel \u00e9quipement informatique du fournisseur. <\/p>\n\n\n\n<p>En particulier, et \u00e0 titre d&rsquo;exemple non exhaustif, l&rsquo;utilisateur s&rsquo;engage \u00e0 ne pas transmettre, diffuser ou mettre \u00e0 la disposition de tiers des informations, donn\u00e9es, contenus, messages, graphiques, dessins, fichiers son ou image, photographies, enregistrements, logiciels et, en g\u00e9n\u00e9ral, tout type de mat\u00e9riel qui :<\/p>\n\n\n\n<p>(a) est contraire, m\u00e9conna\u00eet ou enfreint les droits fondamentaux et les libert\u00e9s civiles reconnus par la constitution, les trait\u00e9s internationaux et d&rsquo;autres lois applicables ;<\/p>\n\n\n\n<p>(b) incite \u00e0 commettre des actes criminels, d\u00e9gradants, diffamatoires, violents ou, en g\u00e9n\u00e9ral, ill\u00e9gaux, immoraux ou contraires \u00e0 l&rsquo;ordre public, ou en fait l&rsquo;apologie ;<\/p>\n\n\n\n<p>(c) induit, incite ou promeut des actions, attitudes ou pens\u00e9es discriminatoires en raison du sexe, de la race, de la religion, des convictions, de l&rsquo;\u00e2ge ou du statut ;<\/p>\n\n\n\n<p>(d) est contraire au droit \u00e0 l&rsquo;honneur, \u00e0 l&rsquo;intimit\u00e9 personnelle ou familiale ou \u00e0 l&rsquo;image de soi ;<\/p>\n\n\n\n<p>(e) porte atteinte de quelque mani\u00e8re que ce soit \u00e0 la cr\u00e9dibilit\u00e9 du fournisseur ou de tiers ; et<\/p>\n\n\n\n<p>(f) constitue une publicit\u00e9 illicite, trompeuse ou d\u00e9loyale.<\/p>\n\n\n\n<h4 class=\"wp-block-heading\"><strong>3. EXCLUSION DES GARANTIES ET DE LA RESPONSABILIT\u00c9<\/strong><\/h4>\n\n\n\n<p>Le fournisseur d\u00e9cline toute responsabilit\u00e9 pour les informations publi\u00e9es sur notre site web, dans la mesure o\u00f9 ces informations ont \u00e9t\u00e9 manipul\u00e9es ou introduites par un tiers externe.<\/p>\n\n\n\n<p>Ce site web a \u00e9t\u00e9 contr\u00f4l\u00e9 et test\u00e9 afin de garantir son bon fonctionnement. En principe, son bon fonctionnement peut \u00eatre garanti 365 jours par an et 24 heures par jour. Le fournisseur n&rsquo;exclut toutefois pas la possibilit\u00e9 que certaines erreurs de programmation se produisent ou que des cas de force majeure, des catastrophes naturelles, des gr\u00e8ves ou d&rsquo;autres circonstances similaires rendent l&rsquo;acc\u00e8s au site impossible.  <\/p>\n\n\n\n<p><strong>ASSOCIATION DES HABITANTS DU HAMEAU DE TREBALUGER  <\/strong>  n&rsquo;accorde aucune garantie et n&rsquo;est en aucun cas responsable des dommages de toute nature pouvant d\u00e9couler du manque de disponibilit\u00e9, de maintenance et de fonctionnement efficace du site web ou de ses services et contenus ; de l&rsquo;existence de virus, de programmes malveillants ou nuisibles dans les contenus ; de l&rsquo;utilisation illicite, n\u00e9gligente, frauduleuse ou contraire au pr\u00e9sent avis juridique et aux conditions d&rsquo;utilisation ; ou du manque de l\u00e9galit\u00e9, de qualit\u00e9, de fiabilit\u00e9, d&rsquo;utilit\u00e9 et de disponibilit\u00e9 des services fournis par des tiers et ademanes mis \u00e0 la disposition des utilisateurs sur le site web.<\/p>\n\n\n\n<p>Le fournisseur n&rsquo;accepte aucune responsabilit\u00e9 pour tout dommage pouvant r\u00e9sulter de l&rsquo;utilisation ill\u00e9gale ou inappropri\u00e9e de ce site web.<\/p>\n\n\n\n<h4 class=\"wp-block-heading\"><strong>4. COOKIES<\/strong><\/h4>\n\n\n\n<p>Le site web du fournisseur peut utiliser des cookies (petits fichiers d&rsquo;information que le serveur envoie \u00e0 l&rsquo;ordinateur de la personne qui acc\u00e8de \u00e0 la page) pour ex\u00e9cuter certaines fonctions consid\u00e9r\u00e9es comme essentielles au bon fonctionnement et \u00e0 la visualisation du site. Les cookies utilis\u00e9s sont, dans tous les cas, de nature temporaire, dans le seul but de rendre la navigation plus efficace, et disparaissent \u00e0 la fin de la session de l&rsquo;utilisateur. <\/p>\n\n\n\n<p>Les cookies ne sont en aucun cas utilis\u00e9s pour collecter des informations personnelles. Pour plus d&rsquo;informations, consultez notre politique en mati\u00e8re de cookies. <\/p>\n\n\n\n<h4 class=\"wp-block-heading\"><strong>5. LIENS<\/strong><\/h4>\n\n\n\n<p>Depuis le site web, vous pouvez \u00eatre redirig\u00e9 vers des contenus sponsoris\u00e9s, des publicit\u00e9s et\/ou des liens affili\u00e9s et\/ou des sites web de tiers. Parmi les liens fournis, il y a la possibilit\u00e9 d&rsquo;informer ou de se r\u00e9f\u00e9rer \u00e0 des produits et \/ ou services de tiers. \u00c9tant donn\u00e9 que depuis le web nous ne pouvons pas contr\u00f4ler les contenus introduits par des tiers, ASOCIACI\u00d3N VECINOS CASERIO TREBALUGER n&rsquo;assume aucun type de responsabilit\u00e9 \u00e0 l&rsquo;\u00e9gard desdits contenus, ni ne garantit l&rsquo;exp\u00e9rience, l&rsquo;int\u00e9grit\u00e9 ou la qualit\u00e9 de ses produits. Dans tous les cas, le fournisseur d\u00e9clare qu&rsquo;il retirera imm\u00e9diatement tout contenu susceptible de contrevenir \u00e0 la l\u00e9gislation nationale ou internationale, \u00e0 la morale ou \u00e0 l&rsquo;ordre public, en proc\u00e9dant au retrait imm\u00e9diat de la redirection vers ces sites web, en informant les autorit\u00e9s comp\u00e9tentes du contenu en question.   <\/p>\n\n\n\n<p>ASOCIACI\u00d3N VECINOS CASERIO TREBALUGER maintiendra ces liens publi\u00e9s jusqu&rsquo;\u00e0 ce qu&rsquo;ils soient \u00e9limin\u00e9s ou suspendus par le fournisseur ou l&rsquo;annonceur, et ne sera pas responsable m\u00eame si ces annonces peuvent \u00eatre index\u00e9es par d&rsquo;autres moteurs de recherche en dehors de ce site Web.<\/p>\n\n\n\n<p>  Le fournisseur n&rsquo;est pas responsable des informations et des contenus stock\u00e9s, y compris mais sans s&rsquo;y limiter, dans les forums, les chats, les g\u00e9n\u00e9rateurs de blogs, les commentaires, les r\u00e9seaux sociaux ou tout autre support permettant \u00e0 des tiers de publier des contenus de mani\u00e8re ind\u00e9pendante sur le site web du fournisseur. N\u00e9anmoins, et conform\u00e9ment aux dispositions des articles 11 et 16 de la LSSICE, le fournisseur se met \u00e0 la disposition de tous les utilisateurs, des autorit\u00e9s et des forces de s\u00e9curit\u00e9, et collabore activement au retrait ou, le cas \u00e9ch\u00e9ant, au blocage de tous les contenus susceptibles d&rsquo;affecter ou de contrevenir \u00e0 la l\u00e9gislation nationale ou internationale, aux droits des tiers ou aux bonnes m\u0153urs et \u00e0 l&rsquo;ordre public. Si l&rsquo;utilisateur consid\u00e8re qu&rsquo;il existe un contenu susceptible d&rsquo;\u00eatre class\u00e9 dans cette cat\u00e9gorie, il est pri\u00e9 d&rsquo;en informer imm\u00e9diatement l&rsquo;administrateur du site web.  <\/p>\n\n\n\n<p>Cependant, ASOCIACI\u00d3N VECINOS CASERIO TREBALUGER vous informe que toute relation contractuelle ou extracontractuelle que l&rsquo;utilisateur \u00e9tablit avec ces tiers, affili\u00e9s ou annonceurs par le biais du lien fourni par ce site Web, sera valable uniquement et exclusivement entre l&rsquo;utilisateur et l&rsquo;annonceur et\/ou le tiers et ASOCIACI\u00d3N VECINOS CASERIO TREBALUGER ne sera pas responsable des dommages qui pourraient \u00eatre caus\u00e9s par la prestation de services et\/ou les relations contractuelles ou extracontractuelles \u00e9tablies entre l&rsquo;utilisateur et les annonceurs ou les tiers contact\u00e9s par l&rsquo;interm\u00e9diaire de ce portail car le fournisseur agit uniquement en tant qu&rsquo;interm\u00e9diaire ou support publicitaire.<\/p>\n\n\n\n<h4 class=\"wp-block-heading\"><strong>6. PROTECTION DES DONN\u00c9ES PERSONNELLES<\/strong><\/h4>\n\n\n\n<p>Le fournisseur est tr\u00e8s attach\u00e9 au respect des r\u00e8gles de protection des donn\u00e9es personnelles et garantit le plein respect des obligations \u00e9nonc\u00e9es, ainsi que la mise en \u0153uvre des mesures de s\u00e9curit\u00e9 \u00e9nonc\u00e9es dans le r\u00e8glement europ\u00e9en sur la protection des donn\u00e9es et les r\u00e8gles espagnoles de protection des donn\u00e9es. Pour plus d&rsquo;informations, consultez notre politique de confidentialit\u00e9. <\/p>\n\n\n\n<h4 class=\"wp-block-heading\"><strong>7. PROPRI\u00c9T\u00c9 INTELLECTUELLE ET INDUSTRIELLE<\/strong><\/h4>\n\n\n\n<p>Le site web, y compris, mais sans s&rsquo;y limiter, la programmation, l&rsquo;\u00e9dition, la compilation et les autres \u00e9l\u00e9ments n\u00e9cessaires \u00e0 son fonctionnement, les conceptions, les logos, les textes, les photographies et\/ou les graphiques sont la propri\u00e9t\u00e9 du fournisseur ou, le cas \u00e9ch\u00e9ant, b\u00e9n\u00e9ficient de la licence ou de l&rsquo;autorisation expresse des auteurs. Tous les contenus du site web sont d\u00fbment prot\u00e9g\u00e9s par la r\u00e9glementation en mati\u00e8re de propri\u00e9t\u00e9 intellectuelle et industrielle. <\/p>\n\n\n\n<p>Quelle que soit la finalit\u00e9 poursuivie, la reproduction totale ou partielle, l&rsquo;utilisation, la distribution et la communication publique requi\u00e8rent l&rsquo;autorisation \u00e9crite pr\u00e9alable du fournisseur. Toute utilisation non pr\u00e9alablement autoris\u00e9e par le prestataire sera consid\u00e9r\u00e9e comme une violation grave des droits de propri\u00e9t\u00e9 intellectuelle ou industrielle de l&rsquo;auteur. <\/p>\n\n\n\n<p>Les dessins, logos, textes et\/ou graphiques qui n&rsquo;appartiennent pas au prestataire et qui peuvent appara\u00eetre sur le site web appartiennent \u00e0 leurs propri\u00e9taires respectifs, qui sont eux-m\u00eames responsables de toute controverse \u00e9ventuelle \u00e0 ce sujet. Dans tous les cas, le fournisseur a l&rsquo;autorisation expresse et pr\u00e9alable de ces derniers. <\/p>\n\n\n\n<p>Le fournisseur reconna\u00eet en faveur de ses propri\u00e9taires les droits de propri\u00e9t\u00e9 industrielle et intellectuelle correspondants, et la mention ou l&rsquo;apparition sur le site web n&rsquo;implique pas l&rsquo;existence de droits ou d&rsquo;une responsabilit\u00e9 du fournisseur \u00e0 cet \u00e9gard, ni d&rsquo;une approbation, d&rsquo;un parrainage ou d&rsquo;une recommandation de sa part.<\/p>\n\n\n\n<p>Pour faire des commentaires sur d&rsquo;\u00e9ventuelles violations des droits de propri\u00e9t\u00e9 intellectuelle ou industrielle, ainsi que sur n&rsquo;importe quel contenu du site web, vous pouvez envoyer un courrier \u00e9lectronique \u00e0 l&rsquo;adresse mentionn\u00e9e ci-dessus.<\/p>\n\n\n\n<h4 class=\"wp-block-heading\"><strong>8. DROIT APPLICABLE ET JURIDICTION<\/strong><\/h4>\n\n\n\n<p>Pour la r\u00e9solution des litiges ou des questions li\u00e9es \u00e0 ce site web ou aux activit\u00e9s qui y sont men\u00e9es, la l\u00e9gislation espagnole s&rsquo;applique, \u00e0 laquelle les parties se soumettent express\u00e9ment, et les cours et tribunaux des \u00eeles Bal\u00e9ares sont comp\u00e9tents pour la r\u00e9solution de tous les litiges d\u00e9coulant de son utilisation ou li\u00e9s \u00e0 celle-ci.<\/p>\n<\/div>\n<\/div>\n<\/div>\n","protected":false},"excerpt":{"rendered":"<p>Afin de respecter l&rsquo;article 10 de la loi 34\/2002 sur les services de la soci\u00e9t\u00e9 de l&rsquo;information et le commerce \u00e9lectronique, nous informons les utilisateurs de nos donn\u00e9es : D\u00e9nomination sociale : ASOCIACI\u00d3N VECINOS CASERIO TREBALUGER Si\u00e8ge social:CMNO. RAFALET, URB. TREBALUGER, 23, ES CASTELL, 07720 NUM\u00c9RO DE TVA : G57339806 T\u00e9l\u00e9phone : 680576244 E-Mail : [&hellip;]<\/p>\n","protected":false},"author":4,"featured_media":0,"parent":0,"menu_order":0,"comment_status":"closed","ping_status":"closed","template":"","meta":{"om_disable_all_campaigns":false,"_monsterinsights_skip_tracking":false,"_monsterinsights_sitenote_active":false,"_monsterinsights_sitenote_note":"","_monsterinsights_sitenote_category":0,"footnotes":""},"class_list":["post-828","page","type-page","status-publish","hentry"],"yoast_head":"<!-- This site is optimized with the Yoast SEO plugin v27.5 - https:\/\/yoast.com\/product\/yoast-seo-wordpress\/ -->\n<title>Avis juridique -<\/title>\n<meta name=\"robots\" content=\"index, follow, max-snippet:-1, max-image-preview:large, max-video-preview:-1\" \/>\n<link rel=\"canonical\" href=\"https:\/\/vecinostrebaluger.com\/fr\/avis-juridique\/\" \/>\n<meta property=\"og:locale\" content=\"fr_FR\" \/>\n<meta property=\"og:type\" content=\"article\" \/>\n<meta property=\"og:title\" content=\"Avis juridique -\" \/>\n<meta property=\"og:description\" content=\"Afin de respecter l&rsquo;article 10 de la loi 34\/2002 sur les services de la soci\u00e9t\u00e9 de l&rsquo;information et le commerce \u00e9lectronique, nous informons les utilisateurs de nos donn\u00e9es : D\u00e9nomination sociale : ASOCIACI\u00d3N VECINOS CASERIO TREBALUGER Si\u00e8ge social:CMNO. RAFALET, URB. TREBALUGER, 23, ES CASTELL, 07720 NUM\u00c9RO DE TVA : G57339806 T\u00e9l\u00e9phone : 680576244 E-Mail : [&hellip;]\" \/>\n<meta property=\"og:url\" content=\"https:\/\/vecinostrebaluger.com\/fr\/avis-juridique\/\" \/>\n<meta property=\"article:modified_time\" content=\"2026-05-02T16:29:31+00:00\" \/>\n<meta name=\"twitter:card\" content=\"summary_large_image\" \/>\n<meta name=\"twitter:label1\" content=\"Dur\u00e9e de lecture estim\u00e9e\" \/>\n\t<meta name=\"twitter:data1\" content=\"10 minutes\" \/>\n<script type=\"application\/ld+json\" class=\"yoast-schema-graph\">{\"@context\":\"https:\\\/\\\/schema.org\",\"@graph\":[{\"@type\":\"WebPage\",\"@id\":\"https:\\\/\\\/vecinostrebaluger.com\\\/fr\\\/avis-juridique\\\/\",\"url\":\"https:\\\/\\\/vecinostrebaluger.com\\\/fr\\\/avis-juridique\\\/\",\"name\":\"Avis juridique -\",\"isPartOf\":{\"@id\":\"https:\\\/\\\/vecinostrebaluger.com\\\/fr\\\/#website\"},\"datePublished\":\"2026-05-02T15:59:05+00:00\",\"dateModified\":\"2026-05-02T16:29:31+00:00\",\"breadcrumb\":{\"@id\":\"https:\\\/\\\/vecinostrebaluger.com\\\/fr\\\/avis-juridique\\\/#breadcrumb\"},\"inLanguage\":\"fr-FR\",\"potentialAction\":[{\"@type\":\"ReadAction\",\"target\":[\"https:\\\/\\\/vecinostrebaluger.com\\\/fr\\\/avis-juridique\\\/\"]}]},{\"@type\":\"BreadcrumbList\",\"@id\":\"https:\\\/\\\/vecinostrebaluger.com\\\/fr\\\/avis-juridique\\\/#breadcrumb\",\"itemListElement\":[{\"@type\":\"ListItem\",\"position\":1,\"name\":\"Portada\",\"item\":\"https:\\\/\\\/vecinostrebaluger.com\\\/fr\\\/accueil\\\/\"},{\"@type\":\"ListItem\",\"position\":2,\"name\":\"Avis juridique\"}]},{\"@type\":\"WebSite\",\"@id\":\"https:\\\/\\\/vecinostrebaluger.com\\\/fr\\\/#website\",\"url\":\"https:\\\/\\\/vecinostrebaluger.com\\\/fr\\\/\",\"name\":\"Vecinos Trebaluger\",\"description\":\"\",\"publisher\":{\"@id\":\"https:\\\/\\\/vecinostrebaluger.com\\\/fr\\\/#organization\"},\"potentialAction\":[{\"@type\":\"SearchAction\",\"target\":{\"@type\":\"EntryPoint\",\"urlTemplate\":\"https:\\\/\\\/vecinostrebaluger.com\\\/fr\\\/?s={search_term_string}\"},\"query-input\":{\"@type\":\"PropertyValueSpecification\",\"valueRequired\":true,\"valueName\":\"search_term_string\"}}],\"inLanguage\":\"fr-FR\"},{\"@type\":\"Organization\",\"@id\":\"https:\\\/\\\/vecinostrebaluger.com\\\/fr\\\/#organization\",\"name\":\"Vecinos Trebaluger\",\"url\":\"https:\\\/\\\/vecinostrebaluger.com\\\/fr\\\/\",\"logo\":{\"@type\":\"ImageObject\",\"inLanguage\":\"fr-FR\",\"@id\":\"https:\\\/\\\/vecinostrebaluger.com\\\/fr\\\/#\\\/schema\\\/logo\\\/image\\\/\",\"url\":\"https:\\\/\\\/vecinostrebaluger.com\\\/wp-content\\\/uploads\\\/2024\\\/02\\\/logo-horizontal-1.png\",\"contentUrl\":\"https:\\\/\\\/vecinostrebaluger.com\\\/wp-content\\\/uploads\\\/2024\\\/02\\\/logo-horizontal-1.png\",\"width\":303,\"height\":75,\"caption\":\"Vecinos Trebaluger\"},\"image\":{\"@id\":\"https:\\\/\\\/vecinostrebaluger.com\\\/fr\\\/#\\\/schema\\\/logo\\\/image\\\/\"}}]}<\/script>\n<!-- \/ Yoast SEO plugin. -->","yoast_head_json":{"title":"Avis juridique -","robots":{"index":"index","follow":"follow","max-snippet":"max-snippet:-1","max-image-preview":"max-image-preview:large","max-video-preview":"max-video-preview:-1"},"canonical":"https:\/\/vecinostrebaluger.com\/fr\/avis-juridique\/","og_locale":"fr_FR","og_type":"article","og_title":"Avis juridique -","og_description":"Afin de respecter l&rsquo;article 10 de la loi 34\/2002 sur les services de la soci\u00e9t\u00e9 de l&rsquo;information et le commerce \u00e9lectronique, nous informons les utilisateurs de nos donn\u00e9es : D\u00e9nomination sociale : ASOCIACI\u00d3N VECINOS CASERIO TREBALUGER Si\u00e8ge social:CMNO. RAFALET, URB. TREBALUGER, 23, ES CASTELL, 07720 NUM\u00c9RO DE TVA : G57339806 T\u00e9l\u00e9phone : 680576244 E-Mail : [&hellip;]","og_url":"https:\/\/vecinostrebaluger.com\/fr\/avis-juridique\/","article_modified_time":"2026-05-02T16:29:31+00:00","twitter_card":"summary_large_image","twitter_misc":{"Dur\u00e9e de lecture estim\u00e9e":"10 minutes"},"schema":{"@context":"https:\/\/schema.org","@graph":[{"@type":"WebPage","@id":"https:\/\/vecinostrebaluger.com\/fr\/avis-juridique\/","url":"https:\/\/vecinostrebaluger.com\/fr\/avis-juridique\/","name":"Avis juridique -","isPartOf":{"@id":"https:\/\/vecinostrebaluger.com\/fr\/#website"},"datePublished":"2026-05-02T15:59:05+00:00","dateModified":"2026-05-02T16:29:31+00:00","breadcrumb":{"@id":"https:\/\/vecinostrebaluger.com\/fr\/avis-juridique\/#breadcrumb"},"inLanguage":"fr-FR","potentialAction":[{"@type":"ReadAction","target":["https:\/\/vecinostrebaluger.com\/fr\/avis-juridique\/"]}]},{"@type":"BreadcrumbList","@id":"https:\/\/vecinostrebaluger.com\/fr\/avis-juridique\/#breadcrumb","itemListElement":[{"@type":"ListItem","position":1,"name":"Portada","item":"https:\/\/vecinostrebaluger.com\/fr\/accueil\/"},{"@type":"ListItem","position":2,"name":"Avis juridique"}]},{"@type":"WebSite","@id":"https:\/\/vecinostrebaluger.com\/fr\/#website","url":"https:\/\/vecinostrebaluger.com\/fr\/","name":"Vecinos Trebaluger","description":"","publisher":{"@id":"https:\/\/vecinostrebaluger.com\/fr\/#organization"},"potentialAction":[{"@type":"SearchAction","target":{"@type":"EntryPoint","urlTemplate":"https:\/\/vecinostrebaluger.com\/fr\/?s={search_term_string}"},"query-input":{"@type":"PropertyValueSpecification","valueRequired":true,"valueName":"search_term_string"}}],"inLanguage":"fr-FR"},{"@type":"Organization","@id":"https:\/\/vecinostrebaluger.com\/fr\/#organization","name":"Vecinos Trebaluger","url":"https:\/\/vecinostrebaluger.com\/fr\/","logo":{"@type":"ImageObject","inLanguage":"fr-FR","@id":"https:\/\/vecinostrebaluger.com\/fr\/#\/schema\/logo\/image\/","url":"https:\/\/vecinostrebaluger.com\/wp-content\/uploads\/2024\/02\/logo-horizontal-1.png","contentUrl":"https:\/\/vecinostrebaluger.com\/wp-content\/uploads\/2024\/02\/logo-horizontal-1.png","width":303,"height":75,"caption":"Vecinos Trebaluger"},"image":{"@id":"https:\/\/vecinostrebaluger.com\/fr\/#\/schema\/logo\/image\/"}}]}},"_links":{"self":[{"href":"https:\/\/vecinostrebaluger.com\/fr\/wp-json\/wp\/v2\/pages\/828","targetHints":{"allow":["GET"]}}],"collection":[{"href":"https:\/\/vecinostrebaluger.com\/fr\/wp-json\/wp\/v2\/pages"}],"about":[{"href":"https:\/\/vecinostrebaluger.com\/fr\/wp-json\/wp\/v2\/types\/page"}],"author":[{"embeddable":true,"href":"https:\/\/vecinostrebaluger.com\/fr\/wp-json\/wp\/v2\/users\/4"}],"replies":[{"embeddable":true,"href":"https:\/\/vecinostrebaluger.com\/fr\/wp-json\/wp\/v2\/comments?post=828"}],"version-history":[{"count":9,"href":"https:\/\/vecinostrebaluger.com\/fr\/wp-json\/wp\/v2\/pages\/828\/revisions"}],"predecessor-version":[{"id":895,"href":"https:\/\/vecinostrebaluger.com\/fr\/wp-json\/wp\/v2\/pages\/828\/revisions\/895"}],"wp:attachment":[{"href":"https:\/\/vecinostrebaluger.com\/fr\/wp-json\/wp\/v2\/media?parent=828"}],"curies":[{"name":"wp","href":"https:\/\/api.w.org\/{rel}","templated":true}]}}