{"id":931,"date":"2026-05-05T21:06:09","date_gmt":"2026-05-05T21:06:09","guid":{"rendered":"https:\/\/vecinostrebaluger.com\/clause-relative-a-la-boite-de-contact-web\/"},"modified":"2026-05-05T21:06:21","modified_gmt":"2026-05-05T21:06:21","slug":"clause-relative-a-la-boite-de-contact-web","status":"publish","type":"page","link":"https:\/\/vecinostrebaluger.com\/fr\/clause-relative-a-la-boite-de-contact-web\/","title":{"rendered":"Clause relative \u00e0 la bo\u00eete de contact Web"},"content":{"rendered":"\n<div class=\"wp-block-group alignfull has-base-2-background-color has-background has-global-padding is-layout-constrained wp-block-group-is-layout-constrained\" style=\"padding-top:var(--wp--preset--spacing--30);padding-bottom:var(--wp--preset--spacing--30)\">\n<div class=\"wp-block-columns alignwide is-layout-flex wp-container-core-columns-is-layout-28f84493 wp-block-columns-is-layout-flex\">\n<div class=\"wp-block-column is-layout-flow wp-block-column-is-layout-flow\">\n<p>La communication de vos donn\u00e9es sera trait\u00e9e par le contr\u00f4leur de donn\u00e9es <strong>ASOCIACI\u00d3N VECINOS CASERIO TREBALUGER <\/strong>. Cette communication sera utilis\u00e9e exclusivement pour traiter vos donn\u00e9es afin de r\u00e9pondre \u00e0 votre demande, toujours conform\u00e9ment au R\u00e8glement (UE) 2016\/679 du 27 avril 2016 (RGPD), \u00e0 la Loi organique 3\/2018 du 5 d\u00e9cembre (LOPDGDD) et aux autres r\u00e9glementations l\u00e9gales en vigueur sur la protection des donn\u00e9es personnelles, sur la protection des donn\u00e9es. Vos donn\u00e9es ne seront pas communiqu\u00e9es \u00e0 des tiers, sauf en cas d&rsquo;obligation l\u00e9gale, et seront conserv\u00e9es tant que vous n&rsquo;en demanderez pas l&rsquo;annulation.  <\/p>\n\n\n\n<p>Vous pouvez \u00e0 tout moment exercer vos droits d&rsquo;acc\u00e8s, de rectification, de portabilit\u00e9 et d&rsquo;opposition ou, le cas \u00e9ch\u00e9ant, de limitation et\/ou d&rsquo;annulation du traitement, en \u00e9crivant \u00e0 CMNO. RAFALET, URB. TREBALUGER, 23, ES CASTELL, 07720 ou par courrier \u00e9lectronique \u00e0 <a href=\"mailto:TREBELUGER@GMAIL.COM\">TREBELUGER@GMAIL.COM.<\/a>  <\/p>\n<\/div>\n<\/div>\n<\/div>\n","protected":false},"excerpt":{"rendered":"<p>La communication de vos donn\u00e9es sera trait\u00e9e par le contr\u00f4leur de donn\u00e9es ASOCIACI\u00d3N VECINOS CASERIO TREBALUGER . Cette communication sera utilis\u00e9e exclusivement pour traiter vos donn\u00e9es afin de r\u00e9pondre \u00e0 votre demande, toujours conform\u00e9ment au R\u00e8glement (UE) 2016\/679 du 27 avril 2016 (RGPD), \u00e0 la Loi organique 3\/2018 du 5 d\u00e9cembre (LOPDGDD) et aux autres [&hellip;]<\/p>\n","protected":false},"author":4,"featured_media":0,"parent":0,"menu_order":0,"comment_status":"closed","ping_status":"closed","template":"","meta":{"om_disable_all_campaigns":false,"_monsterinsights_skip_tracking":false,"_monsterinsights_sitenote_active":false,"_monsterinsights_sitenote_note":"","_monsterinsights_sitenote_category":0,"footnotes":""},"class_list":["post-931","page","type-page","status-publish","hentry"],"yoast_head":"<!-- This site is optimized with the Yoast SEO plugin v27.5 - https:\/\/yoast.com\/product\/yoast-seo-wordpress\/ -->\n<title>Clause relative \u00e0 la bo\u00eete de contact Web -<\/title>\n<meta name=\"robots\" content=\"index, follow, max-snippet:-1, max-image-preview:large, max-video-preview:-1\" \/>\n<link rel=\"canonical\" href=\"https:\/\/vecinostrebaluger.com\/fr\/clause-relative-a-la-boite-de-contact-web\/\" \/>\n<meta property=\"og:locale\" content=\"fr_FR\" \/>\n<meta property=\"og:type\" content=\"article\" \/>\n<meta property=\"og:title\" content=\"Clause relative \u00e0 la bo\u00eete de contact Web -\" \/>\n<meta property=\"og:description\" content=\"La communication de vos donn\u00e9es sera trait\u00e9e par le contr\u00f4leur de donn\u00e9es ASOCIACI\u00d3N VECINOS CASERIO TREBALUGER . Cette communication sera utilis\u00e9e exclusivement pour traiter vos donn\u00e9es afin de r\u00e9pondre \u00e0 votre demande, toujours conform\u00e9ment au R\u00e8glement (UE) 2016\/679 du 27 avril 2016 (RGPD), \u00e0 la Loi organique 3\/2018 du 5 d\u00e9cembre (LOPDGDD) et aux autres [&hellip;]\" \/>\n<meta property=\"og:url\" content=\"https:\/\/vecinostrebaluger.com\/fr\/clause-relative-a-la-boite-de-contact-web\/\" \/>\n<meta property=\"article:modified_time\" content=\"2026-05-05T21:06:21+00:00\" \/>\n<meta name=\"twitter:card\" content=\"summary_large_image\" \/>\n<meta name=\"twitter:label1\" content=\"Dur\u00e9e de lecture estim\u00e9e\" \/>\n\t<meta name=\"twitter:data1\" content=\"1 minute\" \/>\n<script type=\"application\/ld+json\" class=\"yoast-schema-graph\">{\"@context\":\"https:\\\/\\\/schema.org\",\"@graph\":[{\"@type\":\"WebPage\",\"@id\":\"https:\\\/\\\/vecinostrebaluger.com\\\/fr\\\/clause-relative-a-la-boite-de-contact-web\\\/\",\"url\":\"https:\\\/\\\/vecinostrebaluger.com\\\/fr\\\/clause-relative-a-la-boite-de-contact-web\\\/\",\"name\":\"Clause relative \u00e0 la bo\u00eete de contact Web -\",\"isPartOf\":{\"@id\":\"https:\\\/\\\/vecinostrebaluger.com\\\/fr\\\/#website\"},\"datePublished\":\"2026-05-05T21:06:09+00:00\",\"dateModified\":\"2026-05-05T21:06:21+00:00\",\"breadcrumb\":{\"@id\":\"https:\\\/\\\/vecinostrebaluger.com\\\/fr\\\/clause-relative-a-la-boite-de-contact-web\\\/#breadcrumb\"},\"inLanguage\":\"fr-FR\",\"potentialAction\":[{\"@type\":\"ReadAction\",\"target\":[\"https:\\\/\\\/vecinostrebaluger.com\\\/fr\\\/clause-relative-a-la-boite-de-contact-web\\\/\"]}]},{\"@type\":\"BreadcrumbList\",\"@id\":\"https:\\\/\\\/vecinostrebaluger.com\\\/fr\\\/clause-relative-a-la-boite-de-contact-web\\\/#breadcrumb\",\"itemListElement\":[{\"@type\":\"ListItem\",\"position\":1,\"name\":\"Portada\",\"item\":\"https:\\\/\\\/vecinostrebaluger.com\\\/fr\\\/accueil\\\/\"},{\"@type\":\"ListItem\",\"position\":2,\"name\":\"Clause relative \u00e0 la bo\u00eete de contact Web\"}]},{\"@type\":\"WebSite\",\"@id\":\"https:\\\/\\\/vecinostrebaluger.com\\\/fr\\\/#website\",\"url\":\"https:\\\/\\\/vecinostrebaluger.com\\\/fr\\\/\",\"name\":\"Vecinos Trebaluger\",\"description\":\"\",\"publisher\":{\"@id\":\"https:\\\/\\\/vecinostrebaluger.com\\\/fr\\\/#organization\"},\"potentialAction\":[{\"@type\":\"SearchAction\",\"target\":{\"@type\":\"EntryPoint\",\"urlTemplate\":\"https:\\\/\\\/vecinostrebaluger.com\\\/fr\\\/?s={search_term_string}\"},\"query-input\":{\"@type\":\"PropertyValueSpecification\",\"valueRequired\":true,\"valueName\":\"search_term_string\"}}],\"inLanguage\":\"fr-FR\"},{\"@type\":\"Organization\",\"@id\":\"https:\\\/\\\/vecinostrebaluger.com\\\/fr\\\/#organization\",\"name\":\"Vecinos Trebaluger\",\"url\":\"https:\\\/\\\/vecinostrebaluger.com\\\/fr\\\/\",\"logo\":{\"@type\":\"ImageObject\",\"inLanguage\":\"fr-FR\",\"@id\":\"https:\\\/\\\/vecinostrebaluger.com\\\/fr\\\/#\\\/schema\\\/logo\\\/image\\\/\",\"url\":\"https:\\\/\\\/vecinostrebaluger.com\\\/wp-content\\\/uploads\\\/2024\\\/02\\\/logo-horizontal-1.png\",\"contentUrl\":\"https:\\\/\\\/vecinostrebaluger.com\\\/wp-content\\\/uploads\\\/2024\\\/02\\\/logo-horizontal-1.png\",\"width\":303,\"height\":75,\"caption\":\"Vecinos Trebaluger\"},\"image\":{\"@id\":\"https:\\\/\\\/vecinostrebaluger.com\\\/fr\\\/#\\\/schema\\\/logo\\\/image\\\/\"}}]}<\/script>\n<!-- \/ Yoast SEO plugin. -->","yoast_head_json":{"title":"Clause relative \u00e0 la bo\u00eete de contact Web -","robots":{"index":"index","follow":"follow","max-snippet":"max-snippet:-1","max-image-preview":"max-image-preview:large","max-video-preview":"max-video-preview:-1"},"canonical":"https:\/\/vecinostrebaluger.com\/fr\/clause-relative-a-la-boite-de-contact-web\/","og_locale":"fr_FR","og_type":"article","og_title":"Clause relative \u00e0 la bo\u00eete de contact Web -","og_description":"La communication de vos donn\u00e9es sera trait\u00e9e par le contr\u00f4leur de donn\u00e9es ASOCIACI\u00d3N VECINOS CASERIO TREBALUGER . Cette communication sera utilis\u00e9e exclusivement pour traiter vos donn\u00e9es afin de r\u00e9pondre \u00e0 votre demande, toujours conform\u00e9ment au R\u00e8glement (UE) 2016\/679 du 27 avril 2016 (RGPD), \u00e0 la Loi organique 3\/2018 du 5 d\u00e9cembre (LOPDGDD) et aux autres [&hellip;]","og_url":"https:\/\/vecinostrebaluger.com\/fr\/clause-relative-a-la-boite-de-contact-web\/","article_modified_time":"2026-05-05T21:06:21+00:00","twitter_card":"summary_large_image","twitter_misc":{"Dur\u00e9e de lecture estim\u00e9e":"1 minute"},"schema":{"@context":"https:\/\/schema.org","@graph":[{"@type":"WebPage","@id":"https:\/\/vecinostrebaluger.com\/fr\/clause-relative-a-la-boite-de-contact-web\/","url":"https:\/\/vecinostrebaluger.com\/fr\/clause-relative-a-la-boite-de-contact-web\/","name":"Clause relative \u00e0 la bo\u00eete de contact Web -","isPartOf":{"@id":"https:\/\/vecinostrebaluger.com\/fr\/#website"},"datePublished":"2026-05-05T21:06:09+00:00","dateModified":"2026-05-05T21:06:21+00:00","breadcrumb":{"@id":"https:\/\/vecinostrebaluger.com\/fr\/clause-relative-a-la-boite-de-contact-web\/#breadcrumb"},"inLanguage":"fr-FR","potentialAction":[{"@type":"ReadAction","target":["https:\/\/vecinostrebaluger.com\/fr\/clause-relative-a-la-boite-de-contact-web\/"]}]},{"@type":"BreadcrumbList","@id":"https:\/\/vecinostrebaluger.com\/fr\/clause-relative-a-la-boite-de-contact-web\/#breadcrumb","itemListElement":[{"@type":"ListItem","position":1,"name":"Portada","item":"https:\/\/vecinostrebaluger.com\/fr\/accueil\/"},{"@type":"ListItem","position":2,"name":"Clause relative \u00e0 la bo\u00eete de contact Web"}]},{"@type":"WebSite","@id":"https:\/\/vecinostrebaluger.com\/fr\/#website","url":"https:\/\/vecinostrebaluger.com\/fr\/","name":"Vecinos Trebaluger","description":"","publisher":{"@id":"https:\/\/vecinostrebaluger.com\/fr\/#organization"},"potentialAction":[{"@type":"SearchAction","target":{"@type":"EntryPoint","urlTemplate":"https:\/\/vecinostrebaluger.com\/fr\/?s={search_term_string}"},"query-input":{"@type":"PropertyValueSpecification","valueRequired":true,"valueName":"search_term_string"}}],"inLanguage":"fr-FR"},{"@type":"Organization","@id":"https:\/\/vecinostrebaluger.com\/fr\/#organization","name":"Vecinos Trebaluger","url":"https:\/\/vecinostrebaluger.com\/fr\/","logo":{"@type":"ImageObject","inLanguage":"fr-FR","@id":"https:\/\/vecinostrebaluger.com\/fr\/#\/schema\/logo\/image\/","url":"https:\/\/vecinostrebaluger.com\/wp-content\/uploads\/2024\/02\/logo-horizontal-1.png","contentUrl":"https:\/\/vecinostrebaluger.com\/wp-content\/uploads\/2024\/02\/logo-horizontal-1.png","width":303,"height":75,"caption":"Vecinos Trebaluger"},"image":{"@id":"https:\/\/vecinostrebaluger.com\/fr\/#\/schema\/logo\/image\/"}}]}},"_links":{"self":[{"href":"https:\/\/vecinostrebaluger.com\/fr\/wp-json\/wp\/v2\/pages\/931","targetHints":{"allow":["GET"]}}],"collection":[{"href":"https:\/\/vecinostrebaluger.com\/fr\/wp-json\/wp\/v2\/pages"}],"about":[{"href":"https:\/\/vecinostrebaluger.com\/fr\/wp-json\/wp\/v2\/types\/page"}],"author":[{"embeddable":true,"href":"https:\/\/vecinostrebaluger.com\/fr\/wp-json\/wp\/v2\/users\/4"}],"replies":[{"embeddable":true,"href":"https:\/\/vecinostrebaluger.com\/fr\/wp-json\/wp\/v2\/comments?post=931"}],"version-history":[{"count":1,"href":"https:\/\/vecinostrebaluger.com\/fr\/wp-json\/wp\/v2\/pages\/931\/revisions"}],"predecessor-version":[{"id":932,"href":"https:\/\/vecinostrebaluger.com\/fr\/wp-json\/wp\/v2\/pages\/931\/revisions\/932"}],"wp:attachment":[{"href":"https:\/\/vecinostrebaluger.com\/fr\/wp-json\/wp\/v2\/media?parent=931"}],"curies":[{"name":"wp","href":"https:\/\/api.w.org\/{rel}","templated":true}]}}